{"id":4661,"date":"2024-10-27T21:36:18","date_gmt":"2024-10-27T20:36:18","guid":{"rendered":"https:\/\/cafecolombia.be\/?post_type=product&#038;p=4661"},"modified":"2026-03-25T17:44:02","modified_gmt":"2026-03-25T16:44:02","slug":"origami-dropper-air-m-2-4-tasses-mat","status":"publish","type":"product","link":"https:\/\/cafecolombia.be\/nl\/shop\/origami-dripper-air-m-2-4-cups-matte\/","title":{"rendered":"Origami druppelaar Air - M (2-4 kopjes) \/ Mat"},"content":{"rendered":"<h5 data-section-id=\"1ib8jja\" data-start=\"1063\" data-end=\"1085\">\u00a0Kenmerken<\/h5>\n<ul data-start=\"1087\" data-end=\"1292\">\n<li data-section-id=\"vrm31v\" data-start=\"1087\" data-end=\"1114\">Inhoud: 2 tot 4 kopjes<\/li>\n<li data-section-id=\"19rj8th\" data-start=\"1115\" data-end=\"1136\">Maat: M<\/li>\n<li data-section-id=\"yzvs8o\" data-start=\"1137\" data-end=\"1165\">Kleur: matte afwerking<\/li>\n<li data-section-id=\"1h51gvk\" data-start=\"1211\" data-end=\"1250\">Geschikt voor filters: V60 en Origami<\/li>\n<li data-section-id=\"mkj7fq\" data-start=\"1251\" data-end=\"1292\">Gebruik: filterkoffie (pour-over)<\/li>\n<\/ul>\n<h5 data-section-id=\"xtryo6\" data-start=\"1299\" data-end=\"1316\">\u00a0Ideaal voor<\/h5>\n<ul data-start=\"1318\" data-end=\"1450\">\n<li data-section-id=\"12yecj4\" data-start=\"1318\" data-end=\"1366\">Liefhebbers van filterkoffie (V60, pour-over)<\/li>\n<li data-section-id=\"bxx3xx\" data-start=\"1367\" data-end=\"1400\">Liefhebbers van slow coffee<\/li>\n<li data-section-id=\"fc23iz\" data-start=\"1401\" data-end=\"1450\">Voor dagelijks gebruik of onderweg<\/li>\n<\/ul>","protected":false},"excerpt":{"rendered":"<p data-section-id=\"drj17f\" data-start=\"141\" data-end=\"201\">Een nauwkeurige extractie voor een uitzonderlijke filterkoffie<\/p>\n<p data-start=\"203\" data-end=\"507\">De <strong data-start=\"206\" data-end=\"255\">De Origami Dripper Air \u2013 maat M (2 tot 4 kopjes)<\/strong> is een dripper die is ontworpen voor liefhebbers van filterkoffie die op zoek zijn naar precisie, lichtheid en een mooi design. De unieke structuur, ge\u00efnspireerd op origami, zorgt voor <strong data-start=\"420\" data-end=\"444\">een gecontroleerde<\/strong> extractie en laat de volledige aromatische complexiteit van uw koffie tot zijn recht komen.<\/p>\n<p data-start=\"509\" data-end=\"664\">Dit model \u201eAir\u201c is gemaakt van hoogwaardig ABS-kunststof, <strong data-start=\"570\" data-end=\"585\">is ultralicht en stevig,<\/strong>en ideaal voor dagelijks gebruik.<\/p>","protected":false},"featured_media":5955,"template":"","meta":{"site-sidebar-layout":"default","site-content-layout":"default","ast-site-content-layout":"default","site-content-style":"default","site-sidebar-style":"default","ast-global-header-display":"","ast-banner-title-visibility":"","ast-main-header-display":"","ast-hfb-above-header-display":"","ast-hfb-below-header-display":"","ast-hfb-mobile-header-display":"","site-post-title":"","ast-breadcrumbs-content":"","ast-featured-img":"","footer-sml-layout":"","ast-disable-related-posts":"","theme-transparent-header-meta":"default","adv-header-id-meta":"","stick-header-meta":"","header-above-stick-meta":"","header-main-stick-meta":"","header-below-stick-meta":"","astra-migrate-meta-layouts":"set","ast-page-background-enabled":"default","ast-page-background-meta":{"desktop":{"background-color":"","background-image":"","background-repeat":"repeat","background-position":"center center","background-size":"auto","background-attachment":"scroll","background-type":"","background-media":"","overlay-type":"","overlay-color":"","overlay-opacity":"","overlay-gradient":""},"tablet":{"background-color":"","background-image":"","background-repeat":"repeat","background-position":"center center","background-size":"auto","background-attachment":"scroll","background-type":"","background-media":"","overlay-type":"","overlay-color":"","overlay-opacity":"","overlay-gradient":""},"mobile":{"background-color":"","background-image":"","background-repeat":"repeat","background-position":"center center","background-size":"auto","background-attachment":"scroll","background-type":"","background-media":"","overlay-type":"","overlay-color":"","overlay-opacity":"","overlay-gradient":""}},"ast-content-background-meta":{"desktop":{"background-color":"var(--ast-global-color-5)","background-image":"","background-repeat":"repeat","background-position":"center center","background-size":"auto","background-attachment":"scroll","background-type":"","background-media":"","overlay-type":"","overlay-color":"","overlay-opacity":"","overlay-gradient":""},"tablet":{"background-color":"var(--ast-global-color-5)","background-image":"","background-repeat":"repeat","background-position":"center center","background-size":"auto","background-attachment":"scroll","background-type":"","background-media":"","overlay-type":"","overlay-color":"","overlay-opacity":"","overlay-gradient":""},"mobile":{"background-color":"var(--ast-global-color-5)","background-image":"","background-repeat":"repeat","background-position":"center center","background-size":"auto","background-attachment":"scroll","background-type":"","background-media":"","overlay-type":"","overlay-color":"","overlay-opacity":"","overlay-gradient":""}}},"product_brand":[],"product_cat":[32],"product_tag":[],"class_list":{"0":"post-4661","1":"product","2":"type-product","3":"status-publish","4":"has-post-thumbnail","6":"product_cat-accessoires","7":"desktop-align-center","8":"tablet-align-left","9":"mobile-align-left","11":"first","12":"instock","13":"taxable","14":"shipping-taxable","15":"purchasable","16":"product-type-variable"},"yoast_head":"<!-- This site is optimized with the Yoast SEO plugin v27.5 - https:\/\/yoast.com\/product\/yoast-seo-wordpress\/ -->\n<title>Origami Dripper Air - M (2-4 cups) \/ Matte &#8211; Caf\u00e9 Colombia Roastery Shop<\/title>\n<meta name=\"description\" content=\"ne extraction pr\u00e9cise pour un caf\u00e9 filtre d\u2019exceptionLe Origami Dripper Air \u2013 taille M (2 \u00e0 4 tasses) est un dripper con\u00e7u pour les amateurs de caf\u00e9 filtre\" \/>\n<meta name=\"robots\" content=\"index, follow, max-snippet:-1, max-image-preview:large, max-video-preview:-1\" \/>\n<link rel=\"canonical\" href=\"https:\/\/cafecolombia.be\/nl\/shop\/origami-dropper-air-m-2-4-tasses-mat\/\" \/>\n<meta property=\"og:locale\" content=\"nl_BE\" \/>\n<meta property=\"og:type\" content=\"article\" \/>\n<meta property=\"og:title\" content=\"Origami Dripper Air - M (2-4 cups) \/ Matte &#8211; Caf\u00e9 Colombia Roastery Shop\" \/>\n<meta property=\"og:description\" content=\"ne extraction pr\u00e9cise pour un caf\u00e9 filtre d\u2019exceptionLe Origami Dripper Air \u2013 taille M (2 \u00e0 4 tasses) est un dripper con\u00e7u pour les amateurs de caf\u00e9 filtre\" \/>\n<meta property=\"og:url\" content=\"https:\/\/cafecolombia.be\/nl\/shop\/origami-dropper-air-m-2-4-tasses-mat\/\" \/>\n<meta property=\"og:site_name\" content=\"Caf\u00e9 Colombia Roastery Shop\" \/>\n<meta property=\"article:publisher\" content=\"https:\/\/www.facebook.com\/cafecolombiaroasteryshop\/\" \/>\n<meta property=\"article:modified_time\" content=\"2026-03-25T16:44:02+00:00\" \/>\n<meta property=\"og:image\" content=\"https:\/\/cafecolombia.be\/wp-content\/uploads\/2024\/10\/Origami_Air_M_MatteGreen.webp\" \/>\n\t<meta property=\"og:image:width\" content=\"1200\" \/>\n\t<meta property=\"og:image:height\" content=\"1200\" \/>\n\t<meta property=\"og:image:type\" content=\"image\/webp\" \/>\n<meta name=\"twitter:card\" content=\"summary_large_image\" \/>\n<meta name=\"twitter:label1\" content=\"Geschatte leestijd\" \/>\n\t<meta name=\"twitter:data1\" content=\"1 minuut\" \/>\n<script type=\"application\/ld+json\" class=\"yoast-schema-graph\">{\"@context\":\"https:\\\/\\\/schema.org\",\"@graph\":[{\"@type\":\"WebPage\",\"@id\":\"https:\\\/\\\/cafecolombia.be\\\/shop\\\/origami-dripper-air-m-2-4-cups-matte\\\/\",\"url\":\"https:\\\/\\\/cafecolombia.be\\\/shop\\\/origami-dripper-air-m-2-4-cups-matte\\\/\",\"name\":\"Origami Dripper Air - M (2-4 cups) \\\/ Matte &#8211; Caf\u00e9 Colombia Roastery Shop\",\"isPartOf\":{\"@id\":\"https:\\\/\\\/cafecolombia.be\\\/#website\"},\"primaryImageOfPage\":{\"@id\":\"https:\\\/\\\/cafecolombia.be\\\/shop\\\/origami-dripper-air-m-2-4-cups-matte\\\/#primaryimage\"},\"image\":{\"@id\":\"https:\\\/\\\/cafecolombia.be\\\/shop\\\/origami-dripper-air-m-2-4-cups-matte\\\/#primaryimage\"},\"thumbnailUrl\":\"https:\\\/\\\/cafecolombia.be\\\/wp-content\\\/uploads\\\/2024\\\/10\\\/Origami_Air_M_MatteGreen.webp\",\"datePublished\":\"2024-10-27T20:36:18+00:00\",\"dateModified\":\"2026-03-25T16:44:02+00:00\",\"description\":\"ne extraction pr\u00e9cise pour un caf\u00e9 filtre d\u2019exceptionLe Origami Dripper Air \u2013 taille M (2 \u00e0 4 tasses) est un dripper con\u00e7u pour les amateurs de caf\u00e9 filtre\",\"breadcrumb\":{\"@id\":\"https:\\\/\\\/cafecolombia.be\\\/shop\\\/origami-dripper-air-m-2-4-cups-matte\\\/#breadcrumb\"},\"inLanguage\":\"nl-BE\",\"potentialAction\":[{\"@type\":\"ReadAction\",\"target\":[\"https:\\\/\\\/cafecolombia.be\\\/shop\\\/origami-dripper-air-m-2-4-cups-matte\\\/\"]}]},{\"@type\":\"ImageObject\",\"inLanguage\":\"nl-BE\",\"@id\":\"https:\\\/\\\/cafecolombia.be\\\/shop\\\/origami-dripper-air-m-2-4-cups-matte\\\/#primaryimage\",\"url\":\"https:\\\/\\\/cafecolombia.be\\\/wp-content\\\/uploads\\\/2024\\\/10\\\/Origami_Air_M_MatteGreen.webp\",\"contentUrl\":\"https:\\\/\\\/cafecolombia.be\\\/wp-content\\\/uploads\\\/2024\\\/10\\\/Origami_Air_M_MatteGreen.webp\",\"width\":1200,\"height\":1200,\"caption\":\"Origami_Air_M_MatteGreen\"},{\"@type\":\"BreadcrumbList\",\"@id\":\"https:\\\/\\\/cafecolombia.be\\\/shop\\\/origami-dripper-air-m-2-4-cups-matte\\\/#breadcrumb\",\"itemListElement\":[{\"@type\":\"ListItem\",\"position\":1,\"name\":\"Accueil\",\"item\":\"https:\\\/\\\/cafecolombia.be\\\/\"},{\"@type\":\"ListItem\",\"position\":2,\"name\":\"Produits\",\"item\":\"https:\\\/\\\/cafecolombia.be\\\/shop\\\/\"},{\"@type\":\"ListItem\",\"position\":3,\"name\":\"Origami Dripper Air &#8211; M (2-4 cups) \\\/ Matte\"}]},{\"@type\":\"WebSite\",\"@id\":\"https:\\\/\\\/cafecolombia.be\\\/#website\",\"url\":\"https:\\\/\\\/cafecolombia.be\\\/\",\"name\":\"Caf\u00e9 Colombia Roastery Shop\",\"description\":\"Pourquoi r\u00e9sister \u00e0 l&#039;envie d&#039;un bon caf\u00e9 ? Offrez-vous ce plaisir.\",\"publisher\":{\"@id\":\"https:\\\/\\\/cafecolombia.be\\\/#organization\"},\"potentialAction\":[{\"@type\":\"SearchAction\",\"target\":{\"@type\":\"EntryPoint\",\"urlTemplate\":\"https:\\\/\\\/cafecolombia.be\\\/?s={search_term_string}\"},\"query-input\":{\"@type\":\"PropertyValueSpecification\",\"valueRequired\":true,\"valueName\":\"search_term_string\"}}],\"inLanguage\":\"nl-BE\"},{\"@type\":\"Organization\",\"@id\":\"https:\\\/\\\/cafecolombia.be\\\/#organization\",\"name\":\"Caf\u00e9 Colombia Roastery Shop\",\"url\":\"https:\\\/\\\/cafecolombia.be\\\/\",\"logo\":{\"@type\":\"ImageObject\",\"inLanguage\":\"nl-BE\",\"@id\":\"https:\\\/\\\/cafecolombia.be\\\/#\\\/schema\\\/logo\\\/image\\\/\",\"url\":\"https:\\\/\\\/cafecolombia.be\\\/wp-content\\\/uploads\\\/2022\\\/08\\\/logo-cafe-colombia-roastery-shop.png\",\"contentUrl\":\"https:\\\/\\\/cafecolombia.be\\\/wp-content\\\/uploads\\\/2022\\\/08\\\/logo-cafe-colombia-roastery-shop.png\",\"width\":500,\"height\":500,\"caption\":\"Caf\u00e9 Colombia Roastery Shop\"},\"image\":{\"@id\":\"https:\\\/\\\/cafecolombia.be\\\/#\\\/schema\\\/logo\\\/image\\\/\"},\"sameAs\":[\"https:\\\/\\\/www.facebook.com\\\/cafecolombiaroasteryshop\\\/\",\"https:\\\/\\\/www.instagram.com\\\/cafecolombiaroasteryshop\\\/\",\"https:\\\/\\\/www.linkedin.com\\\/company\\\/cafe-colombia\\\/\"]}]}<\/script>\n<!-- \/ Yoast SEO plugin. -->","yoast_head_json":{"title":"Origami Dripper Air - M (2-4 cups) \/ Matte \u2013 Caf\u00e9 Colombia Roastery Shop","description":"een nauwkeurige extractie voor een uitzonderlijke filterkoffie De Origami Dripper Air \u2013 maat M (2 tot 4 kopjes) is een dripper die speciaal is ontworpen voor liefhebbers van filterkoffie","robots":{"index":"index","follow":"follow","max-snippet":"max-snippet:-1","max-image-preview":"max-image-preview:large","max-video-preview":"max-video-preview:-1"},"canonical":"https:\/\/cafecolombia.be\/nl\/shop\/origami-dropper-air-m-2-4-tasses-mat\/","og_locale":"nl_BE","og_type":"article","og_title":"Origami Dripper Air - M (2-4 cups) \/ Matte &#8211; Caf\u00e9 Colombia Roastery Shop","og_description":"ne extraction pr\u00e9cise pour un caf\u00e9 filtre d\u2019exceptionLe Origami Dripper Air \u2013 taille M (2 \u00e0 4 tasses) est un dripper con\u00e7u pour les amateurs de caf\u00e9 filtre","og_url":"https:\/\/cafecolombia.be\/nl\/shop\/origami-dropper-air-m-2-4-tasses-mat\/","og_site_name":"Caf\u00e9 Colombia Roastery Shop","article_publisher":"https:\/\/www.facebook.com\/cafecolombiaroasteryshop\/","article_modified_time":"2026-03-25T16:44:02+00:00","og_image":[{"width":1200,"height":1200,"url":"https:\/\/cafecolombia.be\/wp-content\/uploads\/2024\/10\/Origami_Air_M_MatteGreen.webp","type":"image\/webp"}],"twitter_card":"summary_large_image","twitter_misc":{"Geschatte leestijd":"1 minuut"},"schema":{"@context":"https:\/\/schema.org","@graph":[{"@type":"WebPage","@id":"https:\/\/cafecolombia.be\/shop\/origami-dripper-air-m-2-4-cups-matte\/","url":"https:\/\/cafecolombia.be\/shop\/origami-dripper-air-m-2-4-cups-matte\/","name":"Origami Dripper Air - M (2-4 cups) \/ Matte \u2013 Caf\u00e9 Colombia Roastery Shop","isPartOf":{"@id":"https:\/\/cafecolombia.be\/#website"},"primaryImageOfPage":{"@id":"https:\/\/cafecolombia.be\/shop\/origami-dripper-air-m-2-4-cups-matte\/#primaryimage"},"image":{"@id":"https:\/\/cafecolombia.be\/shop\/origami-dripper-air-m-2-4-cups-matte\/#primaryimage"},"thumbnailUrl":"https:\/\/cafecolombia.be\/wp-content\/uploads\/2024\/10\/Origami_Air_M_MatteGreen.webp","datePublished":"2024-10-27T20:36:18+00:00","dateModified":"2026-03-25T16:44:02+00:00","description":"een nauwkeurige extractie voor een uitzonderlijke filterkoffie De Origami Dripper Air \u2013 maat M (2 tot 4 kopjes) is een dripper die speciaal is ontworpen voor liefhebbers van filterkoffie","breadcrumb":{"@id":"https:\/\/cafecolombia.be\/shop\/origami-dripper-air-m-2-4-cups-matte\/#breadcrumb"},"inLanguage":"nl-BE","potentialAction":[{"@type":"ReadAction","target":["https:\/\/cafecolombia.be\/shop\/origami-dripper-air-m-2-4-cups-matte\/"]}]},{"@type":"ImageObject","inLanguage":"nl-BE","@id":"https:\/\/cafecolombia.be\/shop\/origami-dripper-air-m-2-4-cups-matte\/#primaryimage","url":"https:\/\/cafecolombia.be\/wp-content\/uploads\/2024\/10\/Origami_Air_M_MatteGreen.webp","contentUrl":"https:\/\/cafecolombia.be\/wp-content\/uploads\/2024\/10\/Origami_Air_M_MatteGreen.webp","width":1200,"height":1200,"caption":"Origami_Air_M_MatteGreen"},{"@type":"BreadcrumbList","@id":"https:\/\/cafecolombia.be\/shop\/origami-dripper-air-m-2-4-cups-matte\/#breadcrumb","itemListElement":[{"@type":"ListItem","position":1,"name":"Accueil","item":"https:\/\/cafecolombia.be\/"},{"@type":"ListItem","position":2,"name":"Produits","item":"https:\/\/cafecolombia.be\/shop\/"},{"@type":"ListItem","position":3,"name":"Origami Dripper Air &#8211; M (2-4 cups) \/ Matte"}]},{"@type":"WebSite","@id":"https:\/\/cafecolombia.be\/#website","url":"https:\/\/cafecolombia.be\/","name":"Caf\u00e9 Colombia Roastery Shop","description":"Waarom zou je de verleiding van een lekker kopje koffie weerstaan? Gun jezelf dit genot.","publisher":{"@id":"https:\/\/cafecolombia.be\/#organization"},"potentialAction":[{"@type":"SearchAction","target":{"@type":"EntryPoint","urlTemplate":"https:\/\/cafecolombia.be\/?s={search_term_string}"},"query-input":{"@type":"PropertyValueSpecification","valueRequired":true,"valueName":"search_term_string"}}],"inLanguage":"nl-BE"},{"@type":"Organization","@id":"https:\/\/cafecolombia.be\/#organization","name":"Caf\u00e9 Colombia Roastery Shop","url":"https:\/\/cafecolombia.be\/","logo":{"@type":"ImageObject","inLanguage":"nl-BE","@id":"https:\/\/cafecolombia.be\/#\/schema\/logo\/image\/","url":"https:\/\/cafecolombia.be\/wp-content\/uploads\/2022\/08\/logo-cafe-colombia-roastery-shop.png","contentUrl":"https:\/\/cafecolombia.be\/wp-content\/uploads\/2022\/08\/logo-cafe-colombia-roastery-shop.png","width":500,"height":500,"caption":"Caf\u00e9 Colombia Roastery Shop"},"image":{"@id":"https:\/\/cafecolombia.be\/#\/schema\/logo\/image\/"},"sameAs":["https:\/\/www.facebook.com\/cafecolombiaroasteryshop\/","https:\/\/www.instagram.com\/cafecolombiaroasteryshop\/","https:\/\/www.linkedin.com\/company\/cafe-colombia\/"]}]}},"_links":{"self":[{"href":"https:\/\/cafecolombia.be\/nl\/wp-json\/wp\/v2\/product\/4661","targetHints":{"allow":["GET"]}}],"collection":[{"href":"https:\/\/cafecolombia.be\/nl\/wp-json\/wp\/v2\/product"}],"about":[{"href":"https:\/\/cafecolombia.be\/nl\/wp-json\/wp\/v2\/types\/product"}],"wp:featuredmedia":[{"embeddable":true,"href":"https:\/\/cafecolombia.be\/nl\/wp-json\/wp\/v2\/media\/5955"}],"wp:attachment":[{"href":"https:\/\/cafecolombia.be\/nl\/wp-json\/wp\/v2\/media?parent=4661"}],"wp:term":[{"taxonomy":"product_brand","embeddable":true,"href":"https:\/\/cafecolombia.be\/nl\/wp-json\/wp\/v2\/product_brand?post=4661"},{"taxonomy":"product_cat","embeddable":true,"href":"https:\/\/cafecolombia.be\/nl\/wp-json\/wp\/v2\/product_cat?post=4661"},{"taxonomy":"product_tag","embeddable":true,"href":"https:\/\/cafecolombia.be\/nl\/wp-json\/wp\/v2\/product_tag?post=4661"}],"curies":[{"name":"wp","href":"https:\/\/api.w.org\/{rel}","templated":true}]}}