{"id":4322,"date":"2023-12-20T21:11:34","date_gmt":"2023-12-20T20:11:34","guid":{"rendered":"https:\/\/cafecolombia.be\/?post_type=product&#038;p=4322"},"modified":"2026-03-25T14:41:04","modified_gmt":"2026-03-25T13:41:04","slug":"paardenbloemhoning-italie-bio-2","status":"publish","type":"product","link":"https:\/\/cafecolombia.be\/nl\/shop\/miel-doranger-mexique\/","title":{"rendered":"Miel d\u2019oranger Mexique *BIO* 400g"},"content":{"rendered":"<p data-start=\"1035\" data-end=\"1102\"><strong data-start=\"1035\" data-end=\"1100\">Miel d\u2019Oranger du Mexique Apidora \u2013 Miel naturel et floral \ud83c\udf6f<\/strong><\/p>\n<p data-start=\"1104\" data-end=\"1346\">Le miel d\u2019oranger Apidora est un miel naturel r\u00e9colt\u00e9 au Mexique \u00e0 partir du nectar des fleurs d\u2019oranger. Appr\u00e9ci\u00e9 pour son go\u00fbt doux, floral et l\u00e9g\u00e8rement fruit\u00e9, il est id\u00e9al pour sucrer le th\u00e9, les infusions, ou accompagner vos desserts.<\/p>\n<p data-start=\"1348\" data-end=\"1537\">Ce miel pur et non transform\u00e9 conserve toutes ses qualit\u00e9s naturelles. Il convient parfaitement aux amateurs de miel d\u2019oranger recherchant un produit authentique, savoureux et de qualit\u00e9.<\/p>","protected":false},"excerpt":{"rendered":"<p><strong data-start=\"134\" data-end=\"176\">Miel d\u2019Oranger du Mexique \u2013 Apidora<\/strong><br data-start=\"176\" data-end=\"179\" \/>Miel doux et floral aux notes l\u00e9g\u00e8rement fruit\u00e9es, parfait pour boissons et desserts.<\/p>","protected":false},"featured_media":5922,"template":"","meta":{"site-sidebar-layout":"default","site-content-layout":"default","ast-site-content-layout":"default","site-content-style":"default","site-sidebar-style":"default","ast-global-header-display":"","ast-banner-title-visibility":"","ast-main-header-display":"","ast-hfb-above-header-display":"","ast-hfb-below-header-display":"","ast-hfb-mobile-header-display":"","site-post-title":"","ast-breadcrumbs-content":"","ast-featured-img":"","footer-sml-layout":"","ast-disable-related-posts":"","theme-transparent-header-meta":"default","adv-header-id-meta":"","stick-header-meta":"","header-above-stick-meta":"","header-main-stick-meta":"","header-below-stick-meta":"","astra-migrate-meta-layouts":"set","ast-page-background-enabled":"default","ast-page-background-meta":{"desktop":{"background-color":"","background-image":"","background-repeat":"repeat","background-position":"center center","background-size":"auto","background-attachment":"scroll","background-type":"","background-media":"","overlay-type":"","overlay-color":"","overlay-opacity":"","overlay-gradient":""},"tablet":{"background-color":"","background-image":"","background-repeat":"repeat","background-position":"center center","background-size":"auto","background-attachment":"scroll","background-type":"","background-media":"","overlay-type":"","overlay-color":"","overlay-opacity":"","overlay-gradient":""},"mobile":{"background-color":"","background-image":"","background-repeat":"repeat","background-position":"center center","background-size":"auto","background-attachment":"scroll","background-type":"","background-media":"","overlay-type":"","overlay-color":"","overlay-opacity":"","overlay-gradient":""}},"ast-content-background-meta":{"desktop":{"background-color":"var(--ast-global-color-5)","background-image":"","background-repeat":"repeat","background-position":"center center","background-size":"auto","background-attachment":"scroll","background-type":"","background-media":"","overlay-type":"","overlay-color":"","overlay-opacity":"","overlay-gradient":""},"tablet":{"background-color":"var(--ast-global-color-5)","background-image":"","background-repeat":"repeat","background-position":"center center","background-size":"auto","background-attachment":"scroll","background-type":"","background-media":"","overlay-type":"","overlay-color":"","overlay-opacity":"","overlay-gradient":""},"mobile":{"background-color":"var(--ast-global-color-5)","background-image":"","background-repeat":"repeat","background-position":"center center","background-size":"auto","background-attachment":"scroll","background-type":"","background-media":"","overlay-type":"","overlay-color":"","overlay-opacity":"","overlay-gradient":""}}},"product_brand":[],"product_cat":[50],"product_tag":[],"class_list":{"0":"post-4322","1":"product","2":"type-product","3":"status-publish","4":"has-post-thumbnail","6":"product_cat-miel","7":"desktop-align-center","8":"tablet-align-left","9":"mobile-align-left","11":"first","12":"instock","13":"taxable","14":"shipping-taxable","15":"purchasable","16":"product-type-simple"},"yoast_head":"<!-- This site is optimized with the Yoast SEO plugin v27.5 - https:\/\/yoast.com\/product\/yoast-seo-wordpress\/ -->\n<title>Miel d\u2019oranger Mexique *BIO* 400g &#8211; Caf\u00e9 Colombia Roastery Shop<\/title>\n<meta name=\"description\" content=\"Miel doux et floral aux notes l\u00e9g\u00e8rement fruit\u00e9es, parfait pour boissons et desserts.\" \/>\n<meta name=\"robots\" content=\"index, follow, max-snippet:-1, max-image-preview:large, max-video-preview:-1\" \/>\n<link rel=\"canonical\" href=\"https:\/\/cafecolombia.be\/nl\/shop\/paardenbloemhoning-italie-bio-2\/\" \/>\n<meta property=\"og:locale\" content=\"nl_BE\" \/>\n<meta property=\"og:type\" content=\"article\" \/>\n<meta property=\"og:title\" content=\"Miel d\u2019oranger Mexique *BIO* 400g &#8211; Caf\u00e9 Colombia Roastery Shop\" \/>\n<meta property=\"og:description\" content=\"Miel doux et floral aux notes l\u00e9g\u00e8rement fruit\u00e9es, parfait pour boissons et desserts.\" \/>\n<meta property=\"og:url\" content=\"https:\/\/cafecolombia.be\/nl\/shop\/paardenbloemhoning-italie-bio-2\/\" \/>\n<meta property=\"og:site_name\" content=\"Caf\u00e9 Colombia Roastery Shop\" \/>\n<meta property=\"article:publisher\" content=\"https:\/\/www.facebook.com\/cafecolombiaroasteryshop\/\" \/>\n<meta property=\"article:modified_time\" content=\"2026-03-25T13:41:04+00:00\" \/>\n<meta property=\"og:image\" content=\"https:\/\/cafecolombia.be\/wp-content\/uploads\/2023\/12\/Miel-doranger.webp\" \/>\n\t<meta property=\"og:image:width\" content=\"1024\" \/>\n\t<meta property=\"og:image:height\" content=\"1536\" \/>\n\t<meta property=\"og:image:type\" content=\"image\/png\" \/>\n<meta name=\"twitter:card\" content=\"summary_large_image\" \/>\n<meta name=\"twitter:label1\" content=\"Geschatte leestijd\" \/>\n\t<meta name=\"twitter:data1\" content=\"1 minuut\" \/>\n<script type=\"application\/ld+json\" class=\"yoast-schema-graph\">{\"@context\":\"https:\\\/\\\/schema.org\",\"@graph\":[{\"@type\":\"WebPage\",\"@id\":\"https:\\\/\\\/cafecolombia.be\\\/shop\\\/miel-doranger-mexique\\\/\",\"url\":\"https:\\\/\\\/cafecolombia.be\\\/shop\\\/miel-doranger-mexique\\\/\",\"name\":\"Miel d\u2019oranger Mexique *BIO* 400g &#8211; Caf\u00e9 Colombia Roastery Shop\",\"isPartOf\":{\"@id\":\"https:\\\/\\\/cafecolombia.be\\\/#website\"},\"primaryImageOfPage\":{\"@id\":\"https:\\\/\\\/cafecolombia.be\\\/shop\\\/miel-doranger-mexique\\\/#primaryimage\"},\"image\":{\"@id\":\"https:\\\/\\\/cafecolombia.be\\\/shop\\\/miel-doranger-mexique\\\/#primaryimage\"},\"thumbnailUrl\":\"https:\\\/\\\/cafecolombia.be\\\/wp-content\\\/uploads\\\/2023\\\/12\\\/Miel-doranger.webp\",\"datePublished\":\"2023-12-20T20:11:34+00:00\",\"dateModified\":\"2026-03-25T13:41:04+00:00\",\"description\":\"Miel doux et floral aux notes l\u00e9g\u00e8rement fruit\u00e9es, parfait pour boissons et desserts.\",\"breadcrumb\":{\"@id\":\"https:\\\/\\\/cafecolombia.be\\\/shop\\\/miel-doranger-mexique\\\/#breadcrumb\"},\"inLanguage\":\"nl-BE\",\"potentialAction\":[{\"@type\":\"ReadAction\",\"target\":[\"https:\\\/\\\/cafecolombia.be\\\/shop\\\/miel-doranger-mexique\\\/\"]}]},{\"@type\":\"ImageObject\",\"inLanguage\":\"nl-BE\",\"@id\":\"https:\\\/\\\/cafecolombia.be\\\/shop\\\/miel-doranger-mexique\\\/#primaryimage\",\"url\":\"https:\\\/\\\/cafecolombia.be\\\/wp-content\\\/uploads\\\/2023\\\/12\\\/Miel-doranger.webp\",\"contentUrl\":\"https:\\\/\\\/cafecolombia.be\\\/wp-content\\\/uploads\\\/2023\\\/12\\\/Miel-doranger.webp\",\"width\":1024,\"height\":1536},{\"@type\":\"BreadcrumbList\",\"@id\":\"https:\\\/\\\/cafecolombia.be\\\/shop\\\/miel-doranger-mexique\\\/#breadcrumb\",\"itemListElement\":[{\"@type\":\"ListItem\",\"position\":1,\"name\":\"Accueil\",\"item\":\"https:\\\/\\\/cafecolombia.be\\\/\"},{\"@type\":\"ListItem\",\"position\":2,\"name\":\"Produits\",\"item\":\"https:\\\/\\\/cafecolombia.be\\\/shop\\\/\"},{\"@type\":\"ListItem\",\"position\":3,\"name\":\"Miel d\u2019oranger Mexique *BIO* 400g\"}]},{\"@type\":\"WebSite\",\"@id\":\"https:\\\/\\\/cafecolombia.be\\\/#website\",\"url\":\"https:\\\/\\\/cafecolombia.be\\\/\",\"name\":\"Caf\u00e9 Colombia Roastery Shop\",\"description\":\"Pourquoi r\u00e9sister \u00e0 l&#039;envie d&#039;un bon caf\u00e9 ? Offrez-vous ce plaisir.\",\"publisher\":{\"@id\":\"https:\\\/\\\/cafecolombia.be\\\/#organization\"},\"potentialAction\":[{\"@type\":\"SearchAction\",\"target\":{\"@type\":\"EntryPoint\",\"urlTemplate\":\"https:\\\/\\\/cafecolombia.be\\\/?s={search_term_string}\"},\"query-input\":{\"@type\":\"PropertyValueSpecification\",\"valueRequired\":true,\"valueName\":\"search_term_string\"}}],\"inLanguage\":\"nl-BE\"},{\"@type\":\"Organization\",\"@id\":\"https:\\\/\\\/cafecolombia.be\\\/#organization\",\"name\":\"Caf\u00e9 Colombia Roastery Shop\",\"url\":\"https:\\\/\\\/cafecolombia.be\\\/\",\"logo\":{\"@type\":\"ImageObject\",\"inLanguage\":\"nl-BE\",\"@id\":\"https:\\\/\\\/cafecolombia.be\\\/#\\\/schema\\\/logo\\\/image\\\/\",\"url\":\"https:\\\/\\\/cafecolombia.be\\\/wp-content\\\/uploads\\\/2022\\\/08\\\/logo-cafe-colombia-roastery-shop.png\",\"contentUrl\":\"https:\\\/\\\/cafecolombia.be\\\/wp-content\\\/uploads\\\/2022\\\/08\\\/logo-cafe-colombia-roastery-shop.png\",\"width\":500,\"height\":500,\"caption\":\"Caf\u00e9 Colombia Roastery Shop\"},\"image\":{\"@id\":\"https:\\\/\\\/cafecolombia.be\\\/#\\\/schema\\\/logo\\\/image\\\/\"},\"sameAs\":[\"https:\\\/\\\/www.facebook.com\\\/cafecolombiaroasteryshop\\\/\",\"https:\\\/\\\/www.instagram.com\\\/cafecolombiaroasteryshop\\\/\",\"https:\\\/\\\/www.linkedin.com\\\/company\\\/cafe-colombia\\\/\"]}]}<\/script>\n<!-- \/ Yoast SEO plugin. -->","yoast_head_json":{"title":"Miel d\u2019oranger Mexique *BIO* 400g &#8211; Caf\u00e9 Colombia Roastery Shop","description":"Miel doux et floral aux notes l\u00e9g\u00e8rement fruit\u00e9es, parfait pour boissons et desserts.","robots":{"index":"index","follow":"follow","max-snippet":"max-snippet:-1","max-image-preview":"max-image-preview:large","max-video-preview":"max-video-preview:-1"},"canonical":"https:\/\/cafecolombia.be\/nl\/shop\/paardenbloemhoning-italie-bio-2\/","og_locale":"nl_BE","og_type":"article","og_title":"Miel d\u2019oranger Mexique *BIO* 400g &#8211; Caf\u00e9 Colombia Roastery Shop","og_description":"Miel doux et floral aux notes l\u00e9g\u00e8rement fruit\u00e9es, parfait pour boissons et desserts.","og_url":"https:\/\/cafecolombia.be\/nl\/shop\/paardenbloemhoning-italie-bio-2\/","og_site_name":"Caf\u00e9 Colombia Roastery Shop","article_publisher":"https:\/\/www.facebook.com\/cafecolombiaroasteryshop\/","article_modified_time":"2026-03-25T13:41:04+00:00","og_image":[{"width":1024,"height":1536,"url":"https:\/\/cafecolombia.be\/wp-content\/uploads\/2023\/12\/Miel-doranger.webp","type":"image\/png"}],"twitter_card":"summary_large_image","twitter_misc":{"Geschatte leestijd":"1 minuut"},"schema":{"@context":"https:\/\/schema.org","@graph":[{"@type":"WebPage","@id":"https:\/\/cafecolombia.be\/shop\/miel-doranger-mexique\/","url":"https:\/\/cafecolombia.be\/shop\/miel-doranger-mexique\/","name":"Miel d\u2019oranger Mexique *BIO* 400g &#8211; Caf\u00e9 Colombia Roastery Shop","isPartOf":{"@id":"https:\/\/cafecolombia.be\/#website"},"primaryImageOfPage":{"@id":"https:\/\/cafecolombia.be\/shop\/miel-doranger-mexique\/#primaryimage"},"image":{"@id":"https:\/\/cafecolombia.be\/shop\/miel-doranger-mexique\/#primaryimage"},"thumbnailUrl":"https:\/\/cafecolombia.be\/wp-content\/uploads\/2023\/12\/Miel-doranger.webp","datePublished":"2023-12-20T20:11:34+00:00","dateModified":"2026-03-25T13:41:04+00:00","description":"Miel doux et floral aux notes l\u00e9g\u00e8rement fruit\u00e9es, parfait pour boissons et desserts.","breadcrumb":{"@id":"https:\/\/cafecolombia.be\/shop\/miel-doranger-mexique\/#breadcrumb"},"inLanguage":"nl-BE","potentialAction":[{"@type":"ReadAction","target":["https:\/\/cafecolombia.be\/shop\/miel-doranger-mexique\/"]}]},{"@type":"ImageObject","inLanguage":"nl-BE","@id":"https:\/\/cafecolombia.be\/shop\/miel-doranger-mexique\/#primaryimage","url":"https:\/\/cafecolombia.be\/wp-content\/uploads\/2023\/12\/Miel-doranger.webp","contentUrl":"https:\/\/cafecolombia.be\/wp-content\/uploads\/2023\/12\/Miel-doranger.webp","width":1024,"height":1536},{"@type":"BreadcrumbList","@id":"https:\/\/cafecolombia.be\/shop\/miel-doranger-mexique\/#breadcrumb","itemListElement":[{"@type":"ListItem","position":1,"name":"Accueil","item":"https:\/\/cafecolombia.be\/"},{"@type":"ListItem","position":2,"name":"Produits","item":"https:\/\/cafecolombia.be\/shop\/"},{"@type":"ListItem","position":3,"name":"Miel d\u2019oranger Mexique *BIO* 400g"}]},{"@type":"WebSite","@id":"https:\/\/cafecolombia.be\/#website","url":"https:\/\/cafecolombia.be\/","name":"Caf\u00e9 Colombia Roastery Shop","description":"Waarom zou je de verleiding van een lekker kopje koffie weerstaan? Gun jezelf dit genot.","publisher":{"@id":"https:\/\/cafecolombia.be\/#organization"},"potentialAction":[{"@type":"SearchAction","target":{"@type":"EntryPoint","urlTemplate":"https:\/\/cafecolombia.be\/?s={search_term_string}"},"query-input":{"@type":"PropertyValueSpecification","valueRequired":true,"valueName":"search_term_string"}}],"inLanguage":"nl-BE"},{"@type":"Organization","@id":"https:\/\/cafecolombia.be\/#organization","name":"Caf\u00e9 Colombia Roastery Shop","url":"https:\/\/cafecolombia.be\/","logo":{"@type":"ImageObject","inLanguage":"nl-BE","@id":"https:\/\/cafecolombia.be\/#\/schema\/logo\/image\/","url":"https:\/\/cafecolombia.be\/wp-content\/uploads\/2022\/08\/logo-cafe-colombia-roastery-shop.png","contentUrl":"https:\/\/cafecolombia.be\/wp-content\/uploads\/2022\/08\/logo-cafe-colombia-roastery-shop.png","width":500,"height":500,"caption":"Caf\u00e9 Colombia Roastery Shop"},"image":{"@id":"https:\/\/cafecolombia.be\/#\/schema\/logo\/image\/"},"sameAs":["https:\/\/www.facebook.com\/cafecolombiaroasteryshop\/","https:\/\/www.instagram.com\/cafecolombiaroasteryshop\/","https:\/\/www.linkedin.com\/company\/cafe-colombia\/"]}]}},"_links":{"self":[{"href":"https:\/\/cafecolombia.be\/nl\/wp-json\/wp\/v2\/product\/4322","targetHints":{"allow":["GET"]}}],"collection":[{"href":"https:\/\/cafecolombia.be\/nl\/wp-json\/wp\/v2\/product"}],"about":[{"href":"https:\/\/cafecolombia.be\/nl\/wp-json\/wp\/v2\/types\/product"}],"wp:featuredmedia":[{"embeddable":true,"href":"https:\/\/cafecolombia.be\/nl\/wp-json\/wp\/v2\/media\/5922"}],"wp:attachment":[{"href":"https:\/\/cafecolombia.be\/nl\/wp-json\/wp\/v2\/media?parent=4322"}],"wp:term":[{"taxonomy":"product_brand","embeddable":true,"href":"https:\/\/cafecolombia.be\/nl\/wp-json\/wp\/v2\/product_brand?post=4322"},{"taxonomy":"product_cat","embeddable":true,"href":"https:\/\/cafecolombia.be\/nl\/wp-json\/wp\/v2\/product_cat?post=4322"},{"taxonomy":"product_tag","embeddable":true,"href":"https:\/\/cafecolombia.be\/nl\/wp-json\/wp\/v2\/product_tag?post=4322"}],"curies":[{"name":"wp","href":"https:\/\/api.w.org\/{rel}","templated":true}]}}