{"id":4156,"date":"2023-04-20T10:35:35","date_gmt":"2023-04-20T08:35:35","guid":{"rendered":"https:\/\/cafecolombia.be\/?post_type=product&#038;p=4156"},"modified":"2026-03-25T23:03:52","modified_gmt":"2026-03-25T22:03:52","slug":"hario-filters-voor-chemex-100-stuks","status":"publish","type":"product","link":"https:\/\/cafecolombia.be\/nl\/shop\/filtres-hario-pour-chemex-100-pcs\/","title":{"rendered":"Hario-filters voor Chemex, 100 stuks"},"content":{"rendered":"","protected":false},"excerpt":{"rendered":"<p>Set van 100 papieren filters, speciaal ontworpen voor het Chemex-koffiezetapparaat.<\/p>\n<p>Fabrikant: Chemex\u00ae Corp., Pittsfield (Massachusetts, Verenigde Staten).<\/p>","protected":false},"featured_media":5971,"template":"","meta":{"site-sidebar-layout":"default","site-content-layout":"default","ast-site-content-layout":"default","site-content-style":"default","site-sidebar-style":"default","ast-global-header-display":"","ast-banner-title-visibility":"","ast-main-header-display":"","ast-hfb-above-header-display":"","ast-hfb-below-header-display":"","ast-hfb-mobile-header-display":"","site-post-title":"","ast-breadcrumbs-content":"","ast-featured-img":"","footer-sml-layout":"","ast-disable-related-posts":"","theme-transparent-header-meta":"default","adv-header-id-meta":"","stick-header-meta":"","header-above-stick-meta":"","header-main-stick-meta":"","header-below-stick-meta":"","astra-migrate-meta-layouts":"set","ast-page-background-enabled":"default","ast-page-background-meta":{"desktop":{"background-color":"","background-image":"","background-repeat":"repeat","background-position":"center center","background-size":"auto","background-attachment":"scroll","background-type":"","background-media":"","overlay-type":"","overlay-color":"","overlay-opacity":"","overlay-gradient":""},"tablet":{"background-color":"","background-image":"","background-repeat":"repeat","background-position":"center center","background-size":"auto","background-attachment":"scroll","background-type":"","background-media":"","overlay-type":"","overlay-color":"","overlay-opacity":"","overlay-gradient":""},"mobile":{"background-color":"","background-image":"","background-repeat":"repeat","background-position":"center center","background-size":"auto","background-attachment":"scroll","background-type":"","background-media":"","overlay-type":"","overlay-color":"","overlay-opacity":"","overlay-gradient":""}},"ast-content-background-meta":{"desktop":{"background-color":"var(--ast-global-color-5)","background-image":"","background-repeat":"repeat","background-position":"center center","background-size":"auto","background-attachment":"scroll","background-type":"","background-media":"","overlay-type":"","overlay-color":"","overlay-opacity":"","overlay-gradient":""},"tablet":{"background-color":"var(--ast-global-color-5)","background-image":"","background-repeat":"repeat","background-position":"center center","background-size":"auto","background-attachment":"scroll","background-type":"","background-media":"","overlay-type":"","overlay-color":"","overlay-opacity":"","overlay-gradient":""},"mobile":{"background-color":"var(--ast-global-color-5)","background-image":"","background-repeat":"repeat","background-position":"center center","background-size":"auto","background-attachment":"scroll","background-type":"","background-media":"","overlay-type":"","overlay-color":"","overlay-opacity":"","overlay-gradient":""}}},"product_brand":[],"product_cat":[32],"product_tag":[],"class_list":{"0":"post-4156","1":"product","2":"type-product","3":"status-publish","4":"has-post-thumbnail","6":"product_cat-accessoires","7":"desktop-align-center","8":"tablet-align-left","9":"mobile-align-left","11":"first","12":"instock","13":"taxable","14":"shipping-taxable","15":"purchasable","16":"product-type-simple"},"yoast_head":"<!-- This site is optimized with the Yoast SEO plugin v27.6 - https:\/\/yoast.com\/product\/yoast-seo-wordpress\/ -->\n<title>Filtres Hario pour Chemex 100 pcs &#8211; Caf\u00e9 Colombia Roastery Shop<\/title>\n<meta name=\"description\" content=\"Lot de 100 filtres en papier sp\u00e9cialement con\u00e7us pour la cafeti\u00e8re Chemex.Fabricant : Chemex\u00ae Corp., Pittsfield (Massachusetts, \u00c9tats-Unis).\" \/>\n<meta name=\"robots\" content=\"index, follow, max-snippet:-1, max-image-preview:large, max-video-preview:-1\" \/>\n<link rel=\"canonical\" href=\"https:\/\/cafecolombia.be\/nl\/shop\/hario-filters-voor-chemex-100-stuks\/\" \/>\n<meta property=\"og:locale\" content=\"nl_BE\" \/>\n<meta property=\"og:type\" content=\"article\" \/>\n<meta property=\"og:title\" content=\"Filtres Hario pour Chemex 100 pcs &#8211; Caf\u00e9 Colombia Roastery Shop\" \/>\n<meta property=\"og:description\" content=\"Lot de 100 filtres en papier sp\u00e9cialement con\u00e7us pour la cafeti\u00e8re Chemex.Fabricant : Chemex\u00ae Corp., Pittsfield (Massachusetts, \u00c9tats-Unis).\" \/>\n<meta property=\"og:url\" content=\"https:\/\/cafecolombia.be\/nl\/shop\/hario-filters-voor-chemex-100-stuks\/\" \/>\n<meta property=\"og:site_name\" content=\"Caf\u00e9 Colombia Roastery Shop\" \/>\n<meta property=\"article:publisher\" content=\"https:\/\/www.facebook.com\/cafecolombiaroasteryshop\/\" \/>\n<meta property=\"article:modified_time\" content=\"2026-03-25T22:03:52+00:00\" \/>\n<meta property=\"og:image\" content=\"https:\/\/cafecolombia.be\/wp-content\/uploads\/2023\/04\/filtre-Chemex.webp\" \/>\n\t<meta property=\"og:image:width\" content=\"1200\" \/>\n\t<meta property=\"og:image:height\" content=\"1200\" \/>\n\t<meta property=\"og:image:type\" content=\"image\/webp\" \/>\n<meta name=\"twitter:card\" content=\"summary_large_image\" \/>\n<meta name=\"twitter:label1\" content=\"Geschatte leestijd\" \/>\n\t<meta name=\"twitter:data1\" content=\"1 minuut\" \/>\n<script type=\"application\/ld+json\" class=\"yoast-schema-graph\">{\"@context\":\"https:\\\/\\\/schema.org\",\"@graph\":[{\"@type\":\"WebPage\",\"@id\":\"https:\\\/\\\/cafecolombia.be\\\/shop\\\/filtres-hario-pour-chemex-100-pcs\\\/\",\"url\":\"https:\\\/\\\/cafecolombia.be\\\/shop\\\/filtres-hario-pour-chemex-100-pcs\\\/\",\"name\":\"Filtres Hario pour Chemex 100 pcs &#8211; Caf\u00e9 Colombia Roastery Shop\",\"isPartOf\":{\"@id\":\"https:\\\/\\\/cafecolombia.be\\\/#website\"},\"primaryImageOfPage\":{\"@id\":\"https:\\\/\\\/cafecolombia.be\\\/shop\\\/filtres-hario-pour-chemex-100-pcs\\\/#primaryimage\"},\"image\":{\"@id\":\"https:\\\/\\\/cafecolombia.be\\\/shop\\\/filtres-hario-pour-chemex-100-pcs\\\/#primaryimage\"},\"thumbnailUrl\":\"https:\\\/\\\/cafecolombia.be\\\/wp-content\\\/uploads\\\/2023\\\/04\\\/filtre-Chemex.webp\",\"datePublished\":\"2023-04-20T08:35:35+00:00\",\"dateModified\":\"2026-03-25T22:03:52+00:00\",\"description\":\"Lot de 100 filtres en papier sp\u00e9cialement con\u00e7us pour la cafeti\u00e8re Chemex.Fabricant : Chemex\u00ae Corp., Pittsfield (Massachusetts, \u00c9tats-Unis).\",\"breadcrumb\":{\"@id\":\"https:\\\/\\\/cafecolombia.be\\\/shop\\\/filtres-hario-pour-chemex-100-pcs\\\/#breadcrumb\"},\"inLanguage\":\"nl-BE\",\"potentialAction\":[{\"@type\":\"ReadAction\",\"target\":[\"https:\\\/\\\/cafecolombia.be\\\/shop\\\/filtres-hario-pour-chemex-100-pcs\\\/\"]}]},{\"@type\":\"ImageObject\",\"inLanguage\":\"nl-BE\",\"@id\":\"https:\\\/\\\/cafecolombia.be\\\/shop\\\/filtres-hario-pour-chemex-100-pcs\\\/#primaryimage\",\"url\":\"https:\\\/\\\/cafecolombia.be\\\/wp-content\\\/uploads\\\/2023\\\/04\\\/filtre-Chemex.webp\",\"contentUrl\":\"https:\\\/\\\/cafecolombia.be\\\/wp-content\\\/uploads\\\/2023\\\/04\\\/filtre-Chemex.webp\",\"width\":1200,\"height\":1200,\"caption\":\"filtre-Chemex\"},{\"@type\":\"BreadcrumbList\",\"@id\":\"https:\\\/\\\/cafecolombia.be\\\/shop\\\/filtres-hario-pour-chemex-100-pcs\\\/#breadcrumb\",\"itemListElement\":[{\"@type\":\"ListItem\",\"position\":1,\"name\":\"Accueil\",\"item\":\"https:\\\/\\\/cafecolombia.be\\\/\"},{\"@type\":\"ListItem\",\"position\":2,\"name\":\"Produits\",\"item\":\"https:\\\/\\\/cafecolombia.be\\\/shop\\\/\"},{\"@type\":\"ListItem\",\"position\":3,\"name\":\"Filtres Hario pour Chemex 100 pcs\"}]},{\"@type\":\"WebSite\",\"@id\":\"https:\\\/\\\/cafecolombia.be\\\/#website\",\"url\":\"https:\\\/\\\/cafecolombia.be\\\/\",\"name\":\"Caf\u00e9 Colombia Roastery Shop\",\"description\":\"Pourquoi r\u00e9sister \u00e0 l&#039;envie d&#039;un bon caf\u00e9 ? Offrez-vous ce plaisir.\",\"publisher\":{\"@id\":\"https:\\\/\\\/cafecolombia.be\\\/#organization\"},\"potentialAction\":[{\"@type\":\"SearchAction\",\"target\":{\"@type\":\"EntryPoint\",\"urlTemplate\":\"https:\\\/\\\/cafecolombia.be\\\/?s={search_term_string}\"},\"query-input\":{\"@type\":\"PropertyValueSpecification\",\"valueRequired\":true,\"valueName\":\"search_term_string\"}}],\"inLanguage\":\"nl-BE\"},{\"@type\":\"Organization\",\"@id\":\"https:\\\/\\\/cafecolombia.be\\\/#organization\",\"name\":\"Caf\u00e9 Colombia Roastery Shop\",\"url\":\"https:\\\/\\\/cafecolombia.be\\\/\",\"logo\":{\"@type\":\"ImageObject\",\"inLanguage\":\"nl-BE\",\"@id\":\"https:\\\/\\\/cafecolombia.be\\\/#\\\/schema\\\/logo\\\/image\\\/\",\"url\":\"https:\\\/\\\/cafecolombia.be\\\/wp-content\\\/uploads\\\/2022\\\/08\\\/logo-cafe-colombia-roastery-shop.png\",\"contentUrl\":\"https:\\\/\\\/cafecolombia.be\\\/wp-content\\\/uploads\\\/2022\\\/08\\\/logo-cafe-colombia-roastery-shop.png\",\"width\":500,\"height\":500,\"caption\":\"Caf\u00e9 Colombia Roastery Shop\"},\"image\":{\"@id\":\"https:\\\/\\\/cafecolombia.be\\\/#\\\/schema\\\/logo\\\/image\\\/\"},\"sameAs\":[\"https:\\\/\\\/www.facebook.com\\\/cafecolombiaroasteryshop\\\/\",\"https:\\\/\\\/www.instagram.com\\\/cafecolombiaroasteryshop\\\/\",\"https:\\\/\\\/www.linkedin.com\\\/company\\\/cafe-colombia\\\/\"]}]}<\/script>\n<!-- \/ Yoast SEO plugin. -->","yoast_head_json":{"title":"Filtres Hario pour Chemex 100 pcs \u2013 Caf\u00e9 Colombia Roastery Shop","description":"Lot de 100 filtres en papier sp\u00e9cialement con\u00e7us pour la cafeti\u00e8re Chemex.Fabricant : Chemex\u00ae Corp., Pittsfield (Massachusetts, \u00c9tats-Unis).","robots":{"index":"index","follow":"follow","max-snippet":"max-snippet:-1","max-image-preview":"max-image-preview:large","max-video-preview":"max-video-preview:-1"},"canonical":"https:\/\/cafecolombia.be\/nl\/shop\/hario-filters-voor-chemex-100-stuks\/","og_locale":"nl_BE","og_type":"article","og_title":"Filtres Hario pour Chemex 100 pcs &#8211; Caf\u00e9 Colombia Roastery Shop","og_description":"Lot de 100 filtres en papier sp\u00e9cialement con\u00e7us pour la cafeti\u00e8re Chemex.Fabricant : Chemex\u00ae Corp., Pittsfield (Massachusetts, \u00c9tats-Unis).","og_url":"https:\/\/cafecolombia.be\/nl\/shop\/hario-filters-voor-chemex-100-stuks\/","og_site_name":"Caf\u00e9 Colombia Roastery Shop","article_publisher":"https:\/\/www.facebook.com\/cafecolombiaroasteryshop\/","article_modified_time":"2026-03-25T22:03:52+00:00","og_image":[{"width":1200,"height":1200,"url":"https:\/\/cafecolombia.be\/wp-content\/uploads\/2023\/04\/filtre-Chemex.webp","type":"image\/webp"}],"twitter_card":"summary_large_image","twitter_misc":{"Geschatte leestijd":"1 minuut"},"schema":{"@context":"https:\/\/schema.org","@graph":[{"@type":"WebPage","@id":"https:\/\/cafecolombia.be\/shop\/filtres-hario-pour-chemex-100-pcs\/","url":"https:\/\/cafecolombia.be\/shop\/filtres-hario-pour-chemex-100-pcs\/","name":"Filtres Hario pour Chemex 100 pcs \u2013 Caf\u00e9 Colombia Roastery Shop","isPartOf":{"@id":"https:\/\/cafecolombia.be\/#website"},"primaryImageOfPage":{"@id":"https:\/\/cafecolombia.be\/shop\/filtres-hario-pour-chemex-100-pcs\/#primaryimage"},"image":{"@id":"https:\/\/cafecolombia.be\/shop\/filtres-hario-pour-chemex-100-pcs\/#primaryimage"},"thumbnailUrl":"https:\/\/cafecolombia.be\/wp-content\/uploads\/2023\/04\/filtre-Chemex.webp","datePublished":"2023-04-20T08:35:35+00:00","dateModified":"2026-03-25T22:03:52+00:00","description":"Lot de 100 filtres en papier sp\u00e9cialement con\u00e7us pour la cafeti\u00e8re Chemex.Fabricant : Chemex\u00ae Corp., Pittsfield (Massachusetts, \u00c9tats-Unis).","breadcrumb":{"@id":"https:\/\/cafecolombia.be\/shop\/filtres-hario-pour-chemex-100-pcs\/#breadcrumb"},"inLanguage":"nl-BE","potentialAction":[{"@type":"ReadAction","target":["https:\/\/cafecolombia.be\/shop\/filtres-hario-pour-chemex-100-pcs\/"]}]},{"@type":"ImageObject","inLanguage":"nl-BE","@id":"https:\/\/cafecolombia.be\/shop\/filtres-hario-pour-chemex-100-pcs\/#primaryimage","url":"https:\/\/cafecolombia.be\/wp-content\/uploads\/2023\/04\/filtre-Chemex.webp","contentUrl":"https:\/\/cafecolombia.be\/wp-content\/uploads\/2023\/04\/filtre-Chemex.webp","width":1200,"height":1200,"caption":"filtre-Chemex"},{"@type":"BreadcrumbList","@id":"https:\/\/cafecolombia.be\/shop\/filtres-hario-pour-chemex-100-pcs\/#breadcrumb","itemListElement":[{"@type":"ListItem","position":1,"name":"Accueil","item":"https:\/\/cafecolombia.be\/"},{"@type":"ListItem","position":2,"name":"Produits","item":"https:\/\/cafecolombia.be\/shop\/"},{"@type":"ListItem","position":3,"name":"Filtres Hario pour Chemex 100 pcs"}]},{"@type":"WebSite","@id":"https:\/\/cafecolombia.be\/#website","url":"https:\/\/cafecolombia.be\/","name":"Caf\u00e9 Colombia Roastery Shop","description":"Waarom zou je de verleiding van een lekker kopje koffie weerstaan? Gun jezelf dit genot.","publisher":{"@id":"https:\/\/cafecolombia.be\/#organization"},"potentialAction":[{"@type":"SearchAction","target":{"@type":"EntryPoint","urlTemplate":"https:\/\/cafecolombia.be\/?s={search_term_string}"},"query-input":{"@type":"PropertyValueSpecification","valueRequired":true,"valueName":"search_term_string"}}],"inLanguage":"nl-BE"},{"@type":"Organization","@id":"https:\/\/cafecolombia.be\/#organization","name":"Caf\u00e9 Colombia Roastery Shop","url":"https:\/\/cafecolombia.be\/","logo":{"@type":"ImageObject","inLanguage":"nl-BE","@id":"https:\/\/cafecolombia.be\/#\/schema\/logo\/image\/","url":"https:\/\/cafecolombia.be\/wp-content\/uploads\/2022\/08\/logo-cafe-colombia-roastery-shop.png","contentUrl":"https:\/\/cafecolombia.be\/wp-content\/uploads\/2022\/08\/logo-cafe-colombia-roastery-shop.png","width":500,"height":500,"caption":"Caf\u00e9 Colombia Roastery Shop"},"image":{"@id":"https:\/\/cafecolombia.be\/#\/schema\/logo\/image\/"},"sameAs":["https:\/\/www.facebook.com\/cafecolombiaroasteryshop\/","https:\/\/www.instagram.com\/cafecolombiaroasteryshop\/","https:\/\/www.linkedin.com\/company\/cafe-colombia\/"]}]}},"_links":{"self":[{"href":"https:\/\/cafecolombia.be\/nl\/wp-json\/wp\/v2\/product\/4156","targetHints":{"allow":["GET"]}}],"collection":[{"href":"https:\/\/cafecolombia.be\/nl\/wp-json\/wp\/v2\/product"}],"about":[{"href":"https:\/\/cafecolombia.be\/nl\/wp-json\/wp\/v2\/types\/product"}],"wp:featuredmedia":[{"embeddable":true,"href":"https:\/\/cafecolombia.be\/nl\/wp-json\/wp\/v2\/media\/5971"}],"wp:attachment":[{"href":"https:\/\/cafecolombia.be\/nl\/wp-json\/wp\/v2\/media?parent=4156"}],"wp:term":[{"taxonomy":"product_brand","embeddable":true,"href":"https:\/\/cafecolombia.be\/nl\/wp-json\/wp\/v2\/product_brand?post=4156"},{"taxonomy":"product_cat","embeddable":true,"href":"https:\/\/cafecolombia.be\/nl\/wp-json\/wp\/v2\/product_cat?post=4156"},{"taxonomy":"product_tag","embeddable":true,"href":"https:\/\/cafecolombia.be\/nl\/wp-json\/wp\/v2\/product_tag?post=4156"}],"curies":[{"name":"wp","href":"https:\/\/api.w.org\/{rel}","templated":true}]}}