{"id":4150,"date":"2023-04-19T12:55:21","date_gmt":"2023-04-19T10:55:21","guid":{"rendered":"https:\/\/cafecolombia.be\/?post_type=product&#038;p=4150"},"modified":"2026-04-02T22:20:05","modified_gmt":"2026-04-02T20:20:05","slug":"japanse-ceremonie-matcha-hisui-biologisch-100g","status":"publish","type":"product","link":"https:\/\/cafecolombia.be\/nl\/shop\/matcha-japonais-de-ceremonie-hisui-bio-100g\/","title":{"rendered":"Hisui\u00ab Japanse organische Ceremoni\u00eble Matcha 100g"},"content":{"rendered":"<div class=\"MuiGrid-root MuiGrid-item MuiGrid-grid-xs-12\">\n<h2 class=\"jss123 undefined jss124\">Voedingswaarde<\/h2>\n<\/div>\n<div class=\"MuiGrid-root MuiGrid-item MuiGrid-grid-xs-12\"><span class=\"jss135 light grey\">100 ml thee* bevat gemiddeld<\/span><\/div>\n<div class=\"MuiGrid-root left MuiGrid-item MuiGrid-grid-xs-6\"><span class=\"jss135 light grey\">Energie\u00a0<\/span><span class=\"jss135 light grey\">10 kJ \/ 2 kcal<\/span><\/div>\n<div class=\"MuiGrid-root left MuiGrid-item MuiGrid-grid-xs-6\"><span class=\"jss135 light grey\">Vet\u00a0<\/span><span class=\"jss135 light grey\">&lt; 0,1 g<\/span><\/div>\n<div class=\"MuiGrid-root left MuiGrid-item MuiGrid-grid-xs-6\"><span class=\"jss135 light grey\">waarvan verzadigd\u00a0<\/span><span class=\"jss135 light grey\">&lt; 0,1 g<\/span><\/div>\n<div class=\"MuiGrid-root left MuiGrid-item MuiGrid-grid-xs-6\"><span class=\"jss135 light grey\">Koolhydraat\u00a0<\/span><span class=\"jss135 light grey\">&lt; 0,1 g<\/span><\/div>\n<div class=\"MuiGrid-root left MuiGrid-item MuiGrid-grid-xs-6\"><span class=\"jss135 light grey\">Suiker\u00a0<\/span><span class=\"jss135 light grey\">&lt; 0,1 g<\/span><\/div>\n<div class=\"MuiGrid-root left MuiGrid-item MuiGrid-grid-xs-6\"><span class=\"jss135 light grey\">Voedingswaarden\u00a0<\/span><span class=\"jss135 light grey\">0,4 g<\/span><\/div>\n<div class=\"MuiGrid-root left MuiGrid-item MuiGrid-grid-xs-6\"><span class=\"jss135 light grey\">Natrium\u00a0<\/span><span class=\"jss135 light grey\">&lt; 0,01 g<\/span><\/div>\n<div class=\"MuiGrid-root MuiGrid-item MuiGrid-grid-xs-12\"><span class=\"jss135 light grey\">* voor een aftreksel van 3g thee met 200ml water<\/span><\/div>","protected":false},"excerpt":{"rendered":"<p><strong>Quantit\u00e9: <\/strong>100g<\/p>\n<p><strong>Ingredi\u00ebnten: <\/strong><br \/>\nCeremoni\u00eble matcha uit Japan \u00ab Hisui \u00bb*.<br \/>\n* Van biologische landbouw<\/p>\n<p><img decoding=\"async\" class=\"alignnone wp-image-2764\" src=\"https:\/\/cafecolombia.be\/wp-content\/uploads\/2022\/09\/tea.svg\" alt=\"\" width=\"49\" height=\"49\" \/>1-1,5g\/100ml\u00a0<img decoding=\"async\" class=\"alignnone wp-image-2765\" src=\"https:\/\/cafecolombia.be\/wp-content\/uploads\/2022\/09\/tea-temps.svg\" alt=\"\" width=\"50\" height=\"50\" \/>20 sec<img decoding=\"async\" class=\"alignnone wp-image-2766\" src=\"https:\/\/cafecolombia.be\/wp-content\/uploads\/2022\/09\/tea-termo.svg\" alt=\"\" width=\"50\" height=\"50\" \/>70 \u00b0C of koud<\/p>","protected":false},"featured_media":6094,"template":"","meta":{"site-sidebar-layout":"default","site-content-layout":"default","ast-site-content-layout":"default","site-content-style":"default","site-sidebar-style":"default","ast-global-header-display":"","ast-banner-title-visibility":"","ast-main-header-display":"","ast-hfb-above-header-display":"","ast-hfb-below-header-display":"","ast-hfb-mobile-header-display":"","site-post-title":"","ast-breadcrumbs-content":"","ast-featured-img":"","footer-sml-layout":"","ast-disable-related-posts":"","theme-transparent-header-meta":"default","adv-header-id-meta":"","stick-header-meta":"","header-above-stick-meta":"","header-main-stick-meta":"","header-below-stick-meta":"","astra-migrate-meta-layouts":"set","ast-page-background-enabled":"default","ast-page-background-meta":{"desktop":{"background-color":"","background-image":"","background-repeat":"repeat","background-position":"center center","background-size":"auto","background-attachment":"scroll","background-type":"","background-media":"","overlay-type":"","overlay-color":"","overlay-opacity":"","overlay-gradient":""},"tablet":{"background-color":"","background-image":"","background-repeat":"repeat","background-position":"center center","background-size":"auto","background-attachment":"scroll","background-type":"","background-media":"","overlay-type":"","overlay-color":"","overlay-opacity":"","overlay-gradient":""},"mobile":{"background-color":"","background-image":"","background-repeat":"repeat","background-position":"center center","background-size":"auto","background-attachment":"scroll","background-type":"","background-media":"","overlay-type":"","overlay-color":"","overlay-opacity":"","overlay-gradient":""}},"ast-content-background-meta":{"desktop":{"background-color":"var(--ast-global-color-5)","background-image":"","background-repeat":"repeat","background-position":"center center","background-size":"auto","background-attachment":"scroll","background-type":"","background-media":"","overlay-type":"","overlay-color":"","overlay-opacity":"","overlay-gradient":""},"tablet":{"background-color":"var(--ast-global-color-5)","background-image":"","background-repeat":"repeat","background-position":"center center","background-size":"auto","background-attachment":"scroll","background-type":"","background-media":"","overlay-type":"","overlay-color":"","overlay-opacity":"","overlay-gradient":""},"mobile":{"background-color":"var(--ast-global-color-5)","background-image":"","background-repeat":"repeat","background-position":"center center","background-size":"auto","background-attachment":"scroll","background-type":"","background-media":"","overlay-type":"","overlay-color":"","overlay-opacity":"","overlay-gradient":""}}},"product_brand":[],"product_cat":[37,34],"product_tag":[],"class_list":{"0":"post-4150","1":"product","2":"type-product","3":"status-publish","4":"has-post-thumbnail","6":"product_cat-the-vert","7":"product_cat-thes","8":"desktop-align-center","9":"tablet-align-left","10":"mobile-align-left","12":"first","13":"instock","14":"featured","15":"taxable","16":"shipping-taxable","17":"purchasable","18":"product-type-simple"},"yoast_head":"<!-- This site is optimized with the Yoast SEO plugin v27.6 - https:\/\/yoast.com\/product\/yoast-seo-wordpress\/ -->\n<title>Matcha Japonais de C\u00e9r\u00e9monie &quot;Hisui&quot; BIO 100g &#8211; Caf\u00e9 Colombia Roastery Shop<\/title>\n<meta name=\"description\" content=\"Matcha japonais bio de c\u00e9r\u00e9monie. Saveur douce et umami, id\u00e9al pour d\u00e9gustation pure. Qualit\u00e9 premium, 100g. Feuilles de th\u00e9 cultiv\u00e9es au Japon..\" \/>\n<meta name=\"robots\" content=\"index, follow, max-snippet:-1, max-image-preview:large, max-video-preview:-1\" \/>\n<link rel=\"canonical\" href=\"https:\/\/cafecolombia.be\/nl\/shop\/japanse-ceremonie-matcha-hisui-biologisch-100g\/\" \/>\n<meta property=\"og:locale\" content=\"nl_BE\" \/>\n<meta property=\"og:type\" content=\"article\" \/>\n<meta property=\"og:title\" content=\"Matcha Japonais de C\u00e9r\u00e9monie &quot;Hisui&quot; BIO 100g &#8211; Caf\u00e9 Colombia Roastery Shop\" \/>\n<meta property=\"og:description\" content=\"Matcha japonais bio de c\u00e9r\u00e9monie. Saveur douce et umami, id\u00e9al pour d\u00e9gustation pure. Qualit\u00e9 premium, 100g. Feuilles de th\u00e9 cultiv\u00e9es au Japon..\" \/>\n<meta property=\"og:url\" content=\"https:\/\/cafecolombia.be\/nl\/shop\/japanse-ceremonie-matcha-hisui-biologisch-100g\/\" \/>\n<meta property=\"og:site_name\" content=\"Caf\u00e9 Colombia Roastery Shop\" \/>\n<meta property=\"article:publisher\" content=\"https:\/\/www.facebook.com\/cafecolombiaroasteryshop\/\" \/>\n<meta property=\"article:modified_time\" content=\"2026-04-02T20:20:05+00:00\" \/>\n<meta property=\"og:image\" content=\"https:\/\/cafecolombia.be\/wp-content\/uploads\/2023\/04\/Matcha-Japonais-de-Ceremonie-Hisui-BIO-100g.webp\" \/>\n\t<meta property=\"og:image:width\" content=\"1200\" \/>\n\t<meta property=\"og:image:height\" content=\"1200\" \/>\n\t<meta property=\"og:image:type\" content=\"image\/webp\" \/>\n<meta name=\"twitter:card\" content=\"summary_large_image\" \/>\n<meta name=\"twitter:label1\" content=\"Geschatte leestijd\" \/>\n\t<meta name=\"twitter:data1\" content=\"1 minuut\" \/>\n<script type=\"application\/ld+json\" class=\"yoast-schema-graph\">{\"@context\":\"https:\\\/\\\/schema.org\",\"@graph\":[{\"@type\":\"WebPage\",\"@id\":\"https:\\\/\\\/cafecolombia.be\\\/shop\\\/matcha-japonais-de-ceremonie-hisui-bio-100g\\\/\",\"url\":\"https:\\\/\\\/cafecolombia.be\\\/shop\\\/matcha-japonais-de-ceremonie-hisui-bio-100g\\\/\",\"name\":\"Matcha Japonais de C\u00e9r\u00e9monie \\\"Hisui\\\" BIO 100g &#8211; Caf\u00e9 Colombia Roastery Shop\",\"isPartOf\":{\"@id\":\"https:\\\/\\\/cafecolombia.be\\\/#website\"},\"primaryImageOfPage\":{\"@id\":\"https:\\\/\\\/cafecolombia.be\\\/shop\\\/matcha-japonais-de-ceremonie-hisui-bio-100g\\\/#primaryimage\"},\"image\":{\"@id\":\"https:\\\/\\\/cafecolombia.be\\\/shop\\\/matcha-japonais-de-ceremonie-hisui-bio-100g\\\/#primaryimage\"},\"thumbnailUrl\":\"https:\\\/\\\/cafecolombia.be\\\/wp-content\\\/uploads\\\/2023\\\/04\\\/Matcha-Japonais-de-Ceremonie-Hisui-BIO-100g.webp\",\"datePublished\":\"2023-04-19T10:55:21+00:00\",\"dateModified\":\"2026-04-02T20:20:05+00:00\",\"description\":\"Matcha japonais bio de c\u00e9r\u00e9monie. Saveur douce et umami, id\u00e9al pour d\u00e9gustation pure. Qualit\u00e9 premium, 100g. Feuilles de th\u00e9 cultiv\u00e9es au Japon..\",\"breadcrumb\":{\"@id\":\"https:\\\/\\\/cafecolombia.be\\\/shop\\\/matcha-japonais-de-ceremonie-hisui-bio-100g\\\/#breadcrumb\"},\"inLanguage\":\"nl-BE\",\"potentialAction\":[{\"@type\":\"ReadAction\",\"target\":[\"https:\\\/\\\/cafecolombia.be\\\/shop\\\/matcha-japonais-de-ceremonie-hisui-bio-100g\\\/\"]}]},{\"@type\":\"ImageObject\",\"inLanguage\":\"nl-BE\",\"@id\":\"https:\\\/\\\/cafecolombia.be\\\/shop\\\/matcha-japonais-de-ceremonie-hisui-bio-100g\\\/#primaryimage\",\"url\":\"https:\\\/\\\/cafecolombia.be\\\/wp-content\\\/uploads\\\/2023\\\/04\\\/Matcha-Japonais-de-Ceremonie-Hisui-BIO-100g.webp\",\"contentUrl\":\"https:\\\/\\\/cafecolombia.be\\\/wp-content\\\/uploads\\\/2023\\\/04\\\/Matcha-Japonais-de-Ceremonie-Hisui-BIO-100g.webp\",\"width\":1200,\"height\":1200,\"caption\":\"Matcha Japonais de C\u00e9r\u00e9monie \\\"Hisui\\\" BIO 100g\"},{\"@type\":\"BreadcrumbList\",\"@id\":\"https:\\\/\\\/cafecolombia.be\\\/shop\\\/matcha-japonais-de-ceremonie-hisui-bio-100g\\\/#breadcrumb\",\"itemListElement\":[{\"@type\":\"ListItem\",\"position\":1,\"name\":\"Accueil\",\"item\":\"https:\\\/\\\/cafecolombia.be\\\/\"},{\"@type\":\"ListItem\",\"position\":2,\"name\":\"Produits\",\"item\":\"https:\\\/\\\/cafecolombia.be\\\/shop\\\/\"},{\"@type\":\"ListItem\",\"position\":3,\"name\":\"Matcha Japonais de C\u00e9r\u00e9monie \u00ab\u00a0Hisui\u00a0\u00bb BIO 100g\"}]},{\"@type\":\"WebSite\",\"@id\":\"https:\\\/\\\/cafecolombia.be\\\/#website\",\"url\":\"https:\\\/\\\/cafecolombia.be\\\/\",\"name\":\"Caf\u00e9 Colombia Roastery Shop\",\"description\":\"Pourquoi r\u00e9sister \u00e0 l&#039;envie d&#039;un bon caf\u00e9 ? Offrez-vous ce plaisir.\",\"publisher\":{\"@id\":\"https:\\\/\\\/cafecolombia.be\\\/#organization\"},\"potentialAction\":[{\"@type\":\"SearchAction\",\"target\":{\"@type\":\"EntryPoint\",\"urlTemplate\":\"https:\\\/\\\/cafecolombia.be\\\/?s={search_term_string}\"},\"query-input\":{\"@type\":\"PropertyValueSpecification\",\"valueRequired\":true,\"valueName\":\"search_term_string\"}}],\"inLanguage\":\"nl-BE\"},{\"@type\":\"Organization\",\"@id\":\"https:\\\/\\\/cafecolombia.be\\\/#organization\",\"name\":\"Caf\u00e9 Colombia Roastery Shop\",\"url\":\"https:\\\/\\\/cafecolombia.be\\\/\",\"logo\":{\"@type\":\"ImageObject\",\"inLanguage\":\"nl-BE\",\"@id\":\"https:\\\/\\\/cafecolombia.be\\\/#\\\/schema\\\/logo\\\/image\\\/\",\"url\":\"https:\\\/\\\/cafecolombia.be\\\/wp-content\\\/uploads\\\/2022\\\/08\\\/logo-cafe-colombia-roastery-shop.png\",\"contentUrl\":\"https:\\\/\\\/cafecolombia.be\\\/wp-content\\\/uploads\\\/2022\\\/08\\\/logo-cafe-colombia-roastery-shop.png\",\"width\":500,\"height\":500,\"caption\":\"Caf\u00e9 Colombia Roastery Shop\"},\"image\":{\"@id\":\"https:\\\/\\\/cafecolombia.be\\\/#\\\/schema\\\/logo\\\/image\\\/\"},\"sameAs\":[\"https:\\\/\\\/www.facebook.com\\\/cafecolombiaroasteryshop\\\/\",\"https:\\\/\\\/www.instagram.com\\\/cafecolombiaroasteryshop\\\/\",\"https:\\\/\\\/www.linkedin.com\\\/company\\\/cafe-colombia\\\/\"]}]}<\/script>\n<!-- \/ Yoast SEO plugin. -->","yoast_head_json":{"title":"Japanse ceremoni\u00eble matcha \u201cHisui\u201d biologisch 100 g \u2013 Caf\u00e9 Colombia Roastery Shop","description":"Biologische Japanse ceremonie-matcha. Zachte smaak met umami-tonen, ideaal om puur te drinken. Premiumkwaliteit, 100 g. Theebladeren geteeld in Japan.","robots":{"index":"index","follow":"follow","max-snippet":"max-snippet:-1","max-image-preview":"max-image-preview:large","max-video-preview":"max-video-preview:-1"},"canonical":"https:\/\/cafecolombia.be\/nl\/shop\/japanse-ceremonie-matcha-hisui-biologisch-100g\/","og_locale":"nl_BE","og_type":"article","og_title":"Matcha Japonais de C\u00e9r\u00e9monie \"Hisui\" BIO 100g &#8211; Caf\u00e9 Colombia Roastery Shop","og_description":"Matcha japonais bio de c\u00e9r\u00e9monie. Saveur douce et umami, id\u00e9al pour d\u00e9gustation pure. Qualit\u00e9 premium, 100g. Feuilles de th\u00e9 cultiv\u00e9es au Japon..","og_url":"https:\/\/cafecolombia.be\/nl\/shop\/japanse-ceremonie-matcha-hisui-biologisch-100g\/","og_site_name":"Caf\u00e9 Colombia Roastery Shop","article_publisher":"https:\/\/www.facebook.com\/cafecolombiaroasteryshop\/","article_modified_time":"2026-04-02T20:20:05+00:00","og_image":[{"width":1200,"height":1200,"url":"https:\/\/cafecolombia.be\/wp-content\/uploads\/2023\/04\/Matcha-Japonais-de-Ceremonie-Hisui-BIO-100g.webp","type":"image\/webp"}],"twitter_card":"summary_large_image","twitter_misc":{"Geschatte leestijd":"1 minuut"},"schema":{"@context":"https:\/\/schema.org","@graph":[{"@type":"WebPage","@id":"https:\/\/cafecolombia.be\/shop\/matcha-japonais-de-ceremonie-hisui-bio-100g\/","url":"https:\/\/cafecolombia.be\/shop\/matcha-japonais-de-ceremonie-hisui-bio-100g\/","name":"Japanse ceremoni\u00eble matcha \u201cHisui\u201d biologisch 100 g \u2013 Caf\u00e9 Colombia Roastery Shop","isPartOf":{"@id":"https:\/\/cafecolombia.be\/#website"},"primaryImageOfPage":{"@id":"https:\/\/cafecolombia.be\/shop\/matcha-japonais-de-ceremonie-hisui-bio-100g\/#primaryimage"},"image":{"@id":"https:\/\/cafecolombia.be\/shop\/matcha-japonais-de-ceremonie-hisui-bio-100g\/#primaryimage"},"thumbnailUrl":"https:\/\/cafecolombia.be\/wp-content\/uploads\/2023\/04\/Matcha-Japonais-de-Ceremonie-Hisui-BIO-100g.webp","datePublished":"2023-04-19T10:55:21+00:00","dateModified":"2026-04-02T20:20:05+00:00","description":"Biologische Japanse ceremonie-matcha. Zachte smaak met umami-tonen, ideaal om puur te drinken. Premiumkwaliteit, 100 g. Theebladeren geteeld in Japan.","breadcrumb":{"@id":"https:\/\/cafecolombia.be\/shop\/matcha-japonais-de-ceremonie-hisui-bio-100g\/#breadcrumb"},"inLanguage":"nl-BE","potentialAction":[{"@type":"ReadAction","target":["https:\/\/cafecolombia.be\/shop\/matcha-japonais-de-ceremonie-hisui-bio-100g\/"]}]},{"@type":"ImageObject","inLanguage":"nl-BE","@id":"https:\/\/cafecolombia.be\/shop\/matcha-japonais-de-ceremonie-hisui-bio-100g\/#primaryimage","url":"https:\/\/cafecolombia.be\/wp-content\/uploads\/2023\/04\/Matcha-Japonais-de-Ceremonie-Hisui-BIO-100g.webp","contentUrl":"https:\/\/cafecolombia.be\/wp-content\/uploads\/2023\/04\/Matcha-Japonais-de-Ceremonie-Hisui-BIO-100g.webp","width":1200,"height":1200,"caption":"Matcha Japonais de C\u00e9r\u00e9monie \"Hisui\" BIO 100g"},{"@type":"BreadcrumbList","@id":"https:\/\/cafecolombia.be\/shop\/matcha-japonais-de-ceremonie-hisui-bio-100g\/#breadcrumb","itemListElement":[{"@type":"ListItem","position":1,"name":"Accueil","item":"https:\/\/cafecolombia.be\/"},{"@type":"ListItem","position":2,"name":"Produits","item":"https:\/\/cafecolombia.be\/shop\/"},{"@type":"ListItem","position":3,"name":"Matcha Japonais de C\u00e9r\u00e9monie \u00ab\u00a0Hisui\u00a0\u00bb BIO 100g"}]},{"@type":"WebSite","@id":"https:\/\/cafecolombia.be\/#website","url":"https:\/\/cafecolombia.be\/","name":"Caf\u00e9 Colombia Roastery Shop","description":"Waarom zou je de verleiding van een lekker kopje koffie weerstaan? Gun jezelf dit genot.","publisher":{"@id":"https:\/\/cafecolombia.be\/#organization"},"potentialAction":[{"@type":"SearchAction","target":{"@type":"EntryPoint","urlTemplate":"https:\/\/cafecolombia.be\/?s={search_term_string}"},"query-input":{"@type":"PropertyValueSpecification","valueRequired":true,"valueName":"search_term_string"}}],"inLanguage":"nl-BE"},{"@type":"Organization","@id":"https:\/\/cafecolombia.be\/#organization","name":"Caf\u00e9 Colombia Roastery Shop","url":"https:\/\/cafecolombia.be\/","logo":{"@type":"ImageObject","inLanguage":"nl-BE","@id":"https:\/\/cafecolombia.be\/#\/schema\/logo\/image\/","url":"https:\/\/cafecolombia.be\/wp-content\/uploads\/2022\/08\/logo-cafe-colombia-roastery-shop.png","contentUrl":"https:\/\/cafecolombia.be\/wp-content\/uploads\/2022\/08\/logo-cafe-colombia-roastery-shop.png","width":500,"height":500,"caption":"Caf\u00e9 Colombia Roastery Shop"},"image":{"@id":"https:\/\/cafecolombia.be\/#\/schema\/logo\/image\/"},"sameAs":["https:\/\/www.facebook.com\/cafecolombiaroasteryshop\/","https:\/\/www.instagram.com\/cafecolombiaroasteryshop\/","https:\/\/www.linkedin.com\/company\/cafe-colombia\/"]}]}},"_links":{"self":[{"href":"https:\/\/cafecolombia.be\/nl\/wp-json\/wp\/v2\/product\/4150","targetHints":{"allow":["GET"]}}],"collection":[{"href":"https:\/\/cafecolombia.be\/nl\/wp-json\/wp\/v2\/product"}],"about":[{"href":"https:\/\/cafecolombia.be\/nl\/wp-json\/wp\/v2\/types\/product"}],"wp:featuredmedia":[{"embeddable":true,"href":"https:\/\/cafecolombia.be\/nl\/wp-json\/wp\/v2\/media\/6094"}],"wp:attachment":[{"href":"https:\/\/cafecolombia.be\/nl\/wp-json\/wp\/v2\/media?parent=4150"}],"wp:term":[{"taxonomy":"product_brand","embeddable":true,"href":"https:\/\/cafecolombia.be\/nl\/wp-json\/wp\/v2\/product_brand?post=4150"},{"taxonomy":"product_cat","embeddable":true,"href":"https:\/\/cafecolombia.be\/nl\/wp-json\/wp\/v2\/product_cat?post=4150"},{"taxonomy":"product_tag","embeddable":true,"href":"https:\/\/cafecolombia.be\/nl\/wp-json\/wp\/v2\/product_tag?post=4150"}],"curies":[{"name":"wp","href":"https:\/\/api.w.org\/{rel}","templated":true}]}}