{"id":4144,"date":"2023-04-19T12:26:37","date_gmt":"2023-04-19T10:26:37","guid":{"rendered":"https:\/\/cafecolombia.be\/?post_type=product&#038;p=4144"},"modified":"2026-04-02T22:29:59","modified_gmt":"2026-04-02T20:29:59","slug":"bangkok-night-100g-2","status":"publish","type":"product","link":"https:\/\/cafecolombia.be\/nl\/shop\/une-nuit-a-bangkok\/","title":{"rendered":"Een nacht in Bangkok 100g"},"content":{"rendered":"<div class=\"MuiGrid-root jss155 MuiGrid-container MuiGrid-spacing-xs-2 MuiGrid-item MuiGrid-align-items-xs-center MuiGrid-justify-content-xs-center\">\n<div class=\"MuiGrid-root MuiGrid-item MuiGrid-grid-xs-12\">\n<h2 class=\"jss120 undefined jss121\">Voedingswaarde<\/h2>\n<\/div>\n<div class=\"MuiGrid-root MuiGrid-item MuiGrid-grid-xs-12\"><span class=\"jss132 light grey\">100 ml thee* bevat gemiddeld<\/span><\/div>\n<div class=\"MuiGrid-root left MuiGrid-item MuiGrid-grid-xs-6\"><span class=\"jss132 light grey\">Energie\u00a0<\/span><span class=\"jss132 light grey\">5 kJ \/ 1 kcal<\/span><\/div>\n<div class=\"MuiGrid-root left MuiGrid-item MuiGrid-grid-xs-6\"><span class=\"jss132 light grey\">Vet\u00a0<\/span><span class=\"jss132 light grey\">&lt; 0,1 g<\/span><\/div>\n<div class=\"MuiGrid-root left MuiGrid-item MuiGrid-grid-xs-6\"><span class=\"jss132 light grey\">waarvan verzadigd\u00a0<\/span><span class=\"jss132 light grey\">&lt; 0,1 g<\/span><\/div>\n<div class=\"MuiGrid-root left MuiGrid-item MuiGrid-grid-xs-6\"><span class=\"jss132 light grey\">Koolhydraat\u00a0<\/span><span class=\"jss132 light grey\">&lt; 0,1 g<\/span><\/div>\n<div class=\"MuiGrid-root left MuiGrid-item MuiGrid-grid-xs-6\"><span class=\"jss132 light grey\">Suiker\u00a0<\/span><span class=\"jss132 light grey\">&lt; 0,1 g<\/span><\/div>\n<div class=\"MuiGrid-root left MuiGrid-item MuiGrid-grid-xs-6\"><span class=\"jss132 light grey\">Voedingswaarden\u00a0<\/span><span class=\"jss132 light grey\">0,2 g<\/span><\/div>\n<div class=\"MuiGrid-root left MuiGrid-item MuiGrid-grid-xs-6\"><span class=\"jss132 light grey\">Natrium\u00a0<\/span><span class=\"jss132 light grey\">&lt; 0,01 g<\/span><\/div>\n<div class=\"MuiGrid-root MuiGrid-item MuiGrid-grid-xs-12\"><span class=\"jss132 light grey\">* voor een aftreksel van 3g thee met 200ml water<\/span><\/div>\n<\/div>","protected":false},"excerpt":{"rendered":"<p><strong>Quantit\u00e9: <\/strong>100g<\/p>\n<p><strong>smaak: <\/strong>Saveur Litchi \u2013 Jasmin \u2013 Rose<\/p>\n<p><strong>Ingredi\u00ebnten :\u00a0<\/strong>Th\u00e9 vert China Sencha, th\u00e9 vert China Jasmin, th\u00e9 vert China Chun Mee, ar\u00f4me, fleurs de jasmin, p\u00e9tales de rose, ar\u00f4me naturel de miel, ar\u00f4me naturel de rose.<\/p>\n<p><img decoding=\"async\" class=\"alignnone wp-image-2764\" src=\"https:\/\/cafecolombia.be\/wp-content\/uploads\/2022\/09\/tea.svg\" alt=\"\" width=\"49\" height=\"49\" \/>12 -15 g\/l\u00a0<img decoding=\"async\" class=\"alignnone wp-image-2765\" src=\"https:\/\/cafecolombia.be\/wp-content\/uploads\/2022\/09\/tea-temps.svg\" alt=\"\" width=\"50\" height=\"50\" \/>2-3 min <img decoding=\"async\" class=\"alignnone wp-image-2766\" src=\"https:\/\/cafecolombia.be\/wp-content\/uploads\/2022\/09\/tea-termo.svg\" alt=\"\" width=\"50\" height=\"50\" \/>70-80\u00b0C<\/p>\n<p>&nbsp;<\/p>\n<p>&nbsp;<\/p>","protected":false},"featured_media":6097,"template":"","meta":{"site-sidebar-layout":"default","site-content-layout":"default","ast-site-content-layout":"default","site-content-style":"default","site-sidebar-style":"default","ast-global-header-display":"","ast-banner-title-visibility":"","ast-main-header-display":"","ast-hfb-above-header-display":"","ast-hfb-below-header-display":"","ast-hfb-mobile-header-display":"","site-post-title":"","ast-breadcrumbs-content":"","ast-featured-img":"","footer-sml-layout":"","ast-disable-related-posts":"","theme-transparent-header-meta":"default","adv-header-id-meta":"","stick-header-meta":"","header-above-stick-meta":"","header-main-stick-meta":"","header-below-stick-meta":"","astra-migrate-meta-layouts":"set","ast-page-background-enabled":"default","ast-page-background-meta":{"desktop":{"background-color":"","background-image":"","background-repeat":"repeat","background-position":"center center","background-size":"auto","background-attachment":"scroll","background-type":"","background-media":"","overlay-type":"","overlay-color":"","overlay-opacity":"","overlay-gradient":""},"tablet":{"background-color":"","background-image":"","background-repeat":"repeat","background-position":"center center","background-size":"auto","background-attachment":"scroll","background-type":"","background-media":"","overlay-type":"","overlay-color":"","overlay-opacity":"","overlay-gradient":""},"mobile":{"background-color":"","background-image":"","background-repeat":"repeat","background-position":"center center","background-size":"auto","background-attachment":"scroll","background-type":"","background-media":"","overlay-type":"","overlay-color":"","overlay-opacity":"","overlay-gradient":""}},"ast-content-background-meta":{"desktop":{"background-color":"var(--ast-global-color-5)","background-image":"","background-repeat":"repeat","background-position":"center center","background-size":"auto","background-attachment":"scroll","background-type":"","background-media":"","overlay-type":"","overlay-color":"","overlay-opacity":"","overlay-gradient":""},"tablet":{"background-color":"var(--ast-global-color-5)","background-image":"","background-repeat":"repeat","background-position":"center center","background-size":"auto","background-attachment":"scroll","background-type":"","background-media":"","overlay-type":"","overlay-color":"","overlay-opacity":"","overlay-gradient":""},"mobile":{"background-color":"var(--ast-global-color-5)","background-image":"","background-repeat":"repeat","background-position":"center center","background-size":"auto","background-attachment":"scroll","background-type":"","background-media":"","overlay-type":"","overlay-color":"","overlay-opacity":"","overlay-gradient":""}}},"product_brand":[],"product_cat":[37,34],"product_tag":[],"class_list":{"0":"post-4144","1":"product","2":"type-product","3":"status-publish","4":"has-post-thumbnail","6":"product_cat-the-vert","7":"product_cat-thes","8":"desktop-align-center","9":"tablet-align-left","10":"mobile-align-left","12":"first","13":"instock","14":"featured","15":"taxable","16":"shipping-taxable","17":"purchasable","18":"product-type-simple"},"yoast_head":"<!-- This site is optimized with the Yoast SEO plugin v27.6 - https:\/\/yoast.com\/product\/yoast-seo-wordpress\/ -->\n<title>Une Nuit \u00e0 Bangkok 100g &#8211; Caf\u00e9 Colombia Roastery Shop<\/title>\n<meta name=\"description\" content=\"Th\u00e9 vert China Sencha, th\u00e9 vert China Jasmin, th\u00e9 vert China Chun Mee, ar\u00f4me, fleurs de jasmin, p\u00e9tales de rose, ar\u00f4me naturel de miel, ar\u00f4me naturel...\" \/>\n<meta name=\"robots\" content=\"index, follow, max-snippet:-1, max-image-preview:large, max-video-preview:-1\" \/>\n<link rel=\"canonical\" href=\"https:\/\/cafecolombia.be\/nl\/shop\/bangkok-night-100g-2\/\" \/>\n<meta property=\"og:locale\" content=\"nl_BE\" \/>\n<meta property=\"og:type\" content=\"article\" \/>\n<meta property=\"og:title\" content=\"Une Nuit \u00e0 Bangkok 100g &#8211; Caf\u00e9 Colombia Roastery Shop\" \/>\n<meta property=\"og:description\" content=\"Th\u00e9 vert China Sencha, th\u00e9 vert China Jasmin, th\u00e9 vert China Chun Mee, ar\u00f4me, fleurs de jasmin, p\u00e9tales de rose, ar\u00f4me naturel de miel, ar\u00f4me naturel...\" \/>\n<meta property=\"og:url\" content=\"https:\/\/cafecolombia.be\/nl\/shop\/bangkok-night-100g-2\/\" \/>\n<meta property=\"og:site_name\" content=\"Caf\u00e9 Colombia Roastery Shop\" \/>\n<meta property=\"article:publisher\" content=\"https:\/\/www.facebook.com\/cafecolombiaroasteryshop\/\" \/>\n<meta property=\"article:modified_time\" content=\"2026-04-02T20:29:59+00:00\" \/>\n<meta property=\"og:image\" content=\"https:\/\/cafecolombia.be\/wp-content\/uploads\/2023\/04\/Une-Nuit-a-Bangkok-100g.webp\" \/>\n\t<meta property=\"og:image:width\" content=\"1200\" \/>\n\t<meta property=\"og:image:height\" content=\"1200\" \/>\n\t<meta property=\"og:image:type\" content=\"image\/webp\" \/>\n<meta name=\"twitter:card\" content=\"summary_large_image\" \/>\n<meta name=\"twitter:label1\" content=\"Geschatte leestijd\" \/>\n\t<meta name=\"twitter:data1\" content=\"1 minuut\" \/>\n<script type=\"application\/ld+json\" class=\"yoast-schema-graph\">{\"@context\":\"https:\\\/\\\/schema.org\",\"@graph\":[{\"@type\":\"WebPage\",\"@id\":\"https:\\\/\\\/cafecolombia.be\\\/shop\\\/une-nuit-a-bangkok\\\/\",\"url\":\"https:\\\/\\\/cafecolombia.be\\\/shop\\\/une-nuit-a-bangkok\\\/\",\"name\":\"Une Nuit \u00e0 Bangkok 100g &#8211; Caf\u00e9 Colombia Roastery Shop\",\"isPartOf\":{\"@id\":\"https:\\\/\\\/cafecolombia.be\\\/#website\"},\"primaryImageOfPage\":{\"@id\":\"https:\\\/\\\/cafecolombia.be\\\/shop\\\/une-nuit-a-bangkok\\\/#primaryimage\"},\"image\":{\"@id\":\"https:\\\/\\\/cafecolombia.be\\\/shop\\\/une-nuit-a-bangkok\\\/#primaryimage\"},\"thumbnailUrl\":\"https:\\\/\\\/cafecolombia.be\\\/wp-content\\\/uploads\\\/2023\\\/04\\\/Une-Nuit-a-Bangkok-100g.webp\",\"datePublished\":\"2023-04-19T10:26:37+00:00\",\"dateModified\":\"2026-04-02T20:29:59+00:00\",\"description\":\"Th\u00e9 vert China Sencha, th\u00e9 vert China Jasmin, th\u00e9 vert China Chun Mee, ar\u00f4me, fleurs de jasmin, p\u00e9tales de rose, ar\u00f4me naturel de miel, ar\u00f4me naturel...\",\"breadcrumb\":{\"@id\":\"https:\\\/\\\/cafecolombia.be\\\/shop\\\/une-nuit-a-bangkok\\\/#breadcrumb\"},\"inLanguage\":\"nl-BE\",\"potentialAction\":[{\"@type\":\"ReadAction\",\"target\":[\"https:\\\/\\\/cafecolombia.be\\\/shop\\\/une-nuit-a-bangkok\\\/\"]}]},{\"@type\":\"ImageObject\",\"inLanguage\":\"nl-BE\",\"@id\":\"https:\\\/\\\/cafecolombia.be\\\/shop\\\/une-nuit-a-bangkok\\\/#primaryimage\",\"url\":\"https:\\\/\\\/cafecolombia.be\\\/wp-content\\\/uploads\\\/2023\\\/04\\\/Une-Nuit-a-Bangkok-100g.webp\",\"contentUrl\":\"https:\\\/\\\/cafecolombia.be\\\/wp-content\\\/uploads\\\/2023\\\/04\\\/Une-Nuit-a-Bangkok-100g.webp\",\"width\":1200,\"height\":1200,\"caption\":\"Une Nuit \u00e0 Bangkok 100g\"},{\"@type\":\"BreadcrumbList\",\"@id\":\"https:\\\/\\\/cafecolombia.be\\\/shop\\\/une-nuit-a-bangkok\\\/#breadcrumb\",\"itemListElement\":[{\"@type\":\"ListItem\",\"position\":1,\"name\":\"Accueil\",\"item\":\"https:\\\/\\\/cafecolombia.be\\\/\"},{\"@type\":\"ListItem\",\"position\":2,\"name\":\"Produits\",\"item\":\"https:\\\/\\\/cafecolombia.be\\\/shop\\\/\"},{\"@type\":\"ListItem\",\"position\":3,\"name\":\"Une Nuit \u00e0 Bangkok 100g\"}]},{\"@type\":\"WebSite\",\"@id\":\"https:\\\/\\\/cafecolombia.be\\\/#website\",\"url\":\"https:\\\/\\\/cafecolombia.be\\\/\",\"name\":\"Caf\u00e9 Colombia Roastery Shop\",\"description\":\"Pourquoi r\u00e9sister \u00e0 l&#039;envie d&#039;un bon caf\u00e9 ? Offrez-vous ce plaisir.\",\"publisher\":{\"@id\":\"https:\\\/\\\/cafecolombia.be\\\/#organization\"},\"potentialAction\":[{\"@type\":\"SearchAction\",\"target\":{\"@type\":\"EntryPoint\",\"urlTemplate\":\"https:\\\/\\\/cafecolombia.be\\\/?s={search_term_string}\"},\"query-input\":{\"@type\":\"PropertyValueSpecification\",\"valueRequired\":true,\"valueName\":\"search_term_string\"}}],\"inLanguage\":\"nl-BE\"},{\"@type\":\"Organization\",\"@id\":\"https:\\\/\\\/cafecolombia.be\\\/#organization\",\"name\":\"Caf\u00e9 Colombia Roastery Shop\",\"url\":\"https:\\\/\\\/cafecolombia.be\\\/\",\"logo\":{\"@type\":\"ImageObject\",\"inLanguage\":\"nl-BE\",\"@id\":\"https:\\\/\\\/cafecolombia.be\\\/#\\\/schema\\\/logo\\\/image\\\/\",\"url\":\"https:\\\/\\\/cafecolombia.be\\\/wp-content\\\/uploads\\\/2022\\\/08\\\/logo-cafe-colombia-roastery-shop.png\",\"contentUrl\":\"https:\\\/\\\/cafecolombia.be\\\/wp-content\\\/uploads\\\/2022\\\/08\\\/logo-cafe-colombia-roastery-shop.png\",\"width\":500,\"height\":500,\"caption\":\"Caf\u00e9 Colombia Roastery Shop\"},\"image\":{\"@id\":\"https:\\\/\\\/cafecolombia.be\\\/#\\\/schema\\\/logo\\\/image\\\/\"},\"sameAs\":[\"https:\\\/\\\/www.facebook.com\\\/cafecolombiaroasteryshop\\\/\",\"https:\\\/\\\/www.instagram.com\\\/cafecolombiaroasteryshop\\\/\",\"https:\\\/\\\/www.linkedin.com\\\/company\\\/cafe-colombia\\\/\"]}]}<\/script>\n<!-- \/ Yoast SEO plugin. -->","yoast_head_json":{"title":"Een nacht in Bangkok 100 g \u2013 Caf\u00e9 Colombia Roastery Shop","description":"Chinese Sencha-groene thee, Chinese jasmijngroene thee, Chinese Chun Mee-groene thee, aroma, jasmijnbloemen, rozenblaadjes, natuurlijk honingaroma, natuurlijk aroma...","robots":{"index":"index","follow":"follow","max-snippet":"max-snippet:-1","max-image-preview":"max-image-preview:large","max-video-preview":"max-video-preview:-1"},"canonical":"https:\/\/cafecolombia.be\/nl\/shop\/bangkok-night-100g-2\/","og_locale":"nl_BE","og_type":"article","og_title":"Une Nuit \u00e0 Bangkok 100g &#8211; Caf\u00e9 Colombia Roastery Shop","og_description":"Th\u00e9 vert China Sencha, th\u00e9 vert China Jasmin, th\u00e9 vert China Chun Mee, ar\u00f4me, fleurs de jasmin, p\u00e9tales de rose, ar\u00f4me naturel de miel, ar\u00f4me naturel...","og_url":"https:\/\/cafecolombia.be\/nl\/shop\/bangkok-night-100g-2\/","og_site_name":"Caf\u00e9 Colombia Roastery Shop","article_publisher":"https:\/\/www.facebook.com\/cafecolombiaroasteryshop\/","article_modified_time":"2026-04-02T20:29:59+00:00","og_image":[{"width":1200,"height":1200,"url":"https:\/\/cafecolombia.be\/wp-content\/uploads\/2023\/04\/Une-Nuit-a-Bangkok-100g.webp","type":"image\/webp"}],"twitter_card":"summary_large_image","twitter_misc":{"Geschatte leestijd":"1 minuut"},"schema":{"@context":"https:\/\/schema.org","@graph":[{"@type":"WebPage","@id":"https:\/\/cafecolombia.be\/shop\/une-nuit-a-bangkok\/","url":"https:\/\/cafecolombia.be\/shop\/une-nuit-a-bangkok\/","name":"Een nacht in Bangkok 100 g \u2013 Caf\u00e9 Colombia Roastery Shop","isPartOf":{"@id":"https:\/\/cafecolombia.be\/#website"},"primaryImageOfPage":{"@id":"https:\/\/cafecolombia.be\/shop\/une-nuit-a-bangkok\/#primaryimage"},"image":{"@id":"https:\/\/cafecolombia.be\/shop\/une-nuit-a-bangkok\/#primaryimage"},"thumbnailUrl":"https:\/\/cafecolombia.be\/wp-content\/uploads\/2023\/04\/Une-Nuit-a-Bangkok-100g.webp","datePublished":"2023-04-19T10:26:37+00:00","dateModified":"2026-04-02T20:29:59+00:00","description":"Chinese Sencha-groene thee, Chinese jasmijngroene thee, Chinese Chun Mee-groene thee, aroma, jasmijnbloemen, rozenblaadjes, natuurlijk honingaroma, natuurlijk aroma...","breadcrumb":{"@id":"https:\/\/cafecolombia.be\/shop\/une-nuit-a-bangkok\/#breadcrumb"},"inLanguage":"nl-BE","potentialAction":[{"@type":"ReadAction","target":["https:\/\/cafecolombia.be\/shop\/une-nuit-a-bangkok\/"]}]},{"@type":"ImageObject","inLanguage":"nl-BE","@id":"https:\/\/cafecolombia.be\/shop\/une-nuit-a-bangkok\/#primaryimage","url":"https:\/\/cafecolombia.be\/wp-content\/uploads\/2023\/04\/Une-Nuit-a-Bangkok-100g.webp","contentUrl":"https:\/\/cafecolombia.be\/wp-content\/uploads\/2023\/04\/Une-Nuit-a-Bangkok-100g.webp","width":1200,"height":1200,"caption":"Une Nuit \u00e0 Bangkok 100g"},{"@type":"BreadcrumbList","@id":"https:\/\/cafecolombia.be\/shop\/une-nuit-a-bangkok\/#breadcrumb","itemListElement":[{"@type":"ListItem","position":1,"name":"Accueil","item":"https:\/\/cafecolombia.be\/"},{"@type":"ListItem","position":2,"name":"Produits","item":"https:\/\/cafecolombia.be\/shop\/"},{"@type":"ListItem","position":3,"name":"Une Nuit \u00e0 Bangkok 100g"}]},{"@type":"WebSite","@id":"https:\/\/cafecolombia.be\/#website","url":"https:\/\/cafecolombia.be\/","name":"Caf\u00e9 Colombia Roastery Shop","description":"Waarom zou je de verleiding van een lekker kopje koffie weerstaan? Gun jezelf dit genot.","publisher":{"@id":"https:\/\/cafecolombia.be\/#organization"},"potentialAction":[{"@type":"SearchAction","target":{"@type":"EntryPoint","urlTemplate":"https:\/\/cafecolombia.be\/?s={search_term_string}"},"query-input":{"@type":"PropertyValueSpecification","valueRequired":true,"valueName":"search_term_string"}}],"inLanguage":"nl-BE"},{"@type":"Organization","@id":"https:\/\/cafecolombia.be\/#organization","name":"Caf\u00e9 Colombia Roastery Shop","url":"https:\/\/cafecolombia.be\/","logo":{"@type":"ImageObject","inLanguage":"nl-BE","@id":"https:\/\/cafecolombia.be\/#\/schema\/logo\/image\/","url":"https:\/\/cafecolombia.be\/wp-content\/uploads\/2022\/08\/logo-cafe-colombia-roastery-shop.png","contentUrl":"https:\/\/cafecolombia.be\/wp-content\/uploads\/2022\/08\/logo-cafe-colombia-roastery-shop.png","width":500,"height":500,"caption":"Caf\u00e9 Colombia Roastery Shop"},"image":{"@id":"https:\/\/cafecolombia.be\/#\/schema\/logo\/image\/"},"sameAs":["https:\/\/www.facebook.com\/cafecolombiaroasteryshop\/","https:\/\/www.instagram.com\/cafecolombiaroasteryshop\/","https:\/\/www.linkedin.com\/company\/cafe-colombia\/"]}]}},"_links":{"self":[{"href":"https:\/\/cafecolombia.be\/nl\/wp-json\/wp\/v2\/product\/4144","targetHints":{"allow":["GET"]}}],"collection":[{"href":"https:\/\/cafecolombia.be\/nl\/wp-json\/wp\/v2\/product"}],"about":[{"href":"https:\/\/cafecolombia.be\/nl\/wp-json\/wp\/v2\/types\/product"}],"wp:featuredmedia":[{"embeddable":true,"href":"https:\/\/cafecolombia.be\/nl\/wp-json\/wp\/v2\/media\/6097"}],"wp:attachment":[{"href":"https:\/\/cafecolombia.be\/nl\/wp-json\/wp\/v2\/media?parent=4144"}],"wp:term":[{"taxonomy":"product_brand","embeddable":true,"href":"https:\/\/cafecolombia.be\/nl\/wp-json\/wp\/v2\/product_brand?post=4144"},{"taxonomy":"product_cat","embeddable":true,"href":"https:\/\/cafecolombia.be\/nl\/wp-json\/wp\/v2\/product_cat?post=4144"},{"taxonomy":"product_tag","embeddable":true,"href":"https:\/\/cafecolombia.be\/nl\/wp-json\/wp\/v2\/product_tag?post=4144"}],"curies":[{"name":"wp","href":"https:\/\/api.w.org\/{rel}","templated":true}]}}