{"id":2903,"date":"2022-09-06T13:08:36","date_gmt":"2022-09-06T11:08:36","guid":{"rendered":"https:\/\/cafecolombia.be\/?post_type=product&#038;p=2903"},"modified":"2026-03-25T14:45:51","modified_gmt":"2026-03-25T13:45:51","slug":"lavendelhoning-bulgarije-bio","status":"publish","type":"product","link":"https:\/\/cafecolombia.be\/nl\/shop\/miel-de-sapin-grece\/","title":{"rendered":"Miel de Sapin \/ Gr\u00e8ce 400g"},"content":{"rendered":"<p data-start=\"103\" data-end=\"159\"><strong data-start=\"103\" data-end=\"157\">Miel de Sapin Grec Apidora \u2013 Miel rare et bois\u00e9 \ud83c\udf6f<\/strong><\/p>\n<p data-start=\"161\" data-end=\"420\">Le miel de sapin Apidora est un miel naturel d\u2019exception r\u00e9colt\u00e9 en Gr\u00e8ce, issu du miellat des for\u00eats de sapins. Reconnu pour sa saveur intense et bois\u00e9e, il se distingue par des notes l\u00e9g\u00e8rement malt\u00e9es et une douceur moins sucr\u00e9e que les miels classiques.<\/p>\n<p data-start=\"422\" data-end=\"641\">Ce miel rare poss\u00e8de une texture \u00e9paisse et une couleur sombre, signe de sa richesse en min\u00e9raux. Id\u00e9al pour accompagner vos tartines, yaourts ou pour sucrer vos boissons, il s\u00e9duit les amateurs de miels de caract\u00e8re.<\/p>\n<p data-start=\"643\" data-end=\"758\">Pur et non transform\u00e9, le miel de sapin grec Apidora conserve toutes ses qualit\u00e9s naturelles et son authenticit\u00e9.<\/p>","protected":false},"excerpt":{"rendered":"<p><strong data-start=\"271\" data-end=\"306\">Miel de Sapin Grec \u2013 Apidora<\/strong><br data-start=\"306\" data-end=\"309\" \/>Miel rare au go\u00fbt bois\u00e9 et intense, peu sucr\u00e9 et riche en caract\u00e8re.<\/p>","protected":false},"featured_media":5923,"template":"","meta":{"site-sidebar-layout":"default","site-content-layout":"default","ast-site-content-layout":"default","site-content-style":"default","site-sidebar-style":"default","ast-global-header-display":"","ast-banner-title-visibility":"","ast-main-header-display":"","ast-hfb-above-header-display":"","ast-hfb-below-header-display":"","ast-hfb-mobile-header-display":"","site-post-title":"","ast-breadcrumbs-content":"","ast-featured-img":"","footer-sml-layout":"","ast-disable-related-posts":"","theme-transparent-header-meta":"default","adv-header-id-meta":"","stick-header-meta":"","header-above-stick-meta":"","header-main-stick-meta":"","header-below-stick-meta":"","astra-migrate-meta-layouts":"set","ast-page-background-enabled":"default","ast-page-background-meta":{"desktop":{"background-color":"","background-image":"","background-repeat":"repeat","background-position":"center center","background-size":"auto","background-attachment":"scroll","background-type":"","background-media":"","overlay-type":"","overlay-color":"","overlay-opacity":"","overlay-gradient":""},"tablet":{"background-color":"","background-image":"","background-repeat":"repeat","background-position":"center center","background-size":"auto","background-attachment":"scroll","background-type":"","background-media":"","overlay-type":"","overlay-color":"","overlay-opacity":"","overlay-gradient":""},"mobile":{"background-color":"","background-image":"","background-repeat":"repeat","background-position":"center center","background-size":"auto","background-attachment":"scroll","background-type":"","background-media":"","overlay-type":"","overlay-color":"","overlay-opacity":"","overlay-gradient":""}},"ast-content-background-meta":{"desktop":{"background-color":"var(--ast-global-color-5)","background-image":"","background-repeat":"repeat","background-position":"center center","background-size":"auto","background-attachment":"scroll","background-type":"","background-media":"","overlay-type":"","overlay-color":"","overlay-opacity":"","overlay-gradient":""},"tablet":{"background-color":"var(--ast-global-color-5)","background-image":"","background-repeat":"repeat","background-position":"center center","background-size":"auto","background-attachment":"scroll","background-type":"","background-media":"","overlay-type":"","overlay-color":"","overlay-opacity":"","overlay-gradient":""},"mobile":{"background-color":"var(--ast-global-color-5)","background-image":"","background-repeat":"repeat","background-position":"center center","background-size":"auto","background-attachment":"scroll","background-type":"","background-media":"","overlay-type":"","overlay-color":"","overlay-opacity":"","overlay-gradient":""}}},"product_brand":[],"product_cat":[50],"product_tag":[],"class_list":{"0":"post-2903","1":"product","2":"type-product","3":"status-publish","4":"has-post-thumbnail","6":"product_cat-miel","7":"desktop-align-center","8":"tablet-align-left","9":"mobile-align-left","11":"first","12":"instock","13":"taxable","14":"shipping-taxable","15":"purchasable","16":"product-type-simple"},"yoast_head":"<!-- This site is optimized with the Yoast SEO plugin v27.5 - https:\/\/yoast.com\/product\/yoast-seo-wordpress\/ -->\n<title>Miel de Sapin \/ Gr\u00e8ce 400g &#8211; Caf\u00e9 Colombia Roastery Shop<\/title>\n<meta name=\"description\" content=\"Miel rare artisanal aux notes bois\u00e9es et intenses, peu sucr\u00e9 et riche en caract\u00e8re. Id\u00e9al pour les amateurs de miels authentiques et puissants.\" \/>\n<meta name=\"robots\" content=\"index, follow, max-snippet:-1, max-image-preview:large, max-video-preview:-1\" \/>\n<link rel=\"canonical\" href=\"https:\/\/cafecolombia.be\/nl\/shop\/lavendelhoning-bulgarije-bio\/\" \/>\n<meta property=\"og:locale\" content=\"nl_BE\" \/>\n<meta property=\"og:type\" content=\"article\" \/>\n<meta property=\"og:title\" content=\"Miel de Sapin \/ Gr\u00e8ce 400g &#8211; Caf\u00e9 Colombia Roastery Shop\" \/>\n<meta property=\"og:description\" content=\"Miel rare artisanal aux notes bois\u00e9es et intenses, peu sucr\u00e9 et riche en caract\u00e8re. Id\u00e9al pour les amateurs de miels authentiques et puissants.\" \/>\n<meta property=\"og:url\" content=\"https:\/\/cafecolombia.be\/nl\/shop\/lavendelhoning-bulgarije-bio\/\" \/>\n<meta property=\"og:site_name\" content=\"Caf\u00e9 Colombia Roastery Shop\" \/>\n<meta property=\"article:publisher\" content=\"https:\/\/www.facebook.com\/cafecolombiaroasteryshop\/\" \/>\n<meta property=\"article:modified_time\" content=\"2026-03-25T13:45:51+00:00\" \/>\n<meta property=\"og:image\" content=\"https:\/\/cafecolombia.be\/wp-content\/uploads\/2022\/09\/Miel-de-sapin-.webp\" \/>\n\t<meta property=\"og:image:width\" content=\"1024\" \/>\n\t<meta property=\"og:image:height\" content=\"1536\" \/>\n\t<meta property=\"og:image:type\" content=\"image\/png\" \/>\n<meta name=\"twitter:card\" content=\"summary_large_image\" \/>\n<meta name=\"twitter:label1\" content=\"Geschatte leestijd\" \/>\n\t<meta name=\"twitter:data1\" content=\"1 minuut\" \/>\n<script type=\"application\/ld+json\" class=\"yoast-schema-graph\">{\"@context\":\"https:\\\/\\\/schema.org\",\"@graph\":[{\"@type\":\"WebPage\",\"@id\":\"https:\\\/\\\/cafecolombia.be\\\/shop\\\/miel-de-sapin-grece\\\/\",\"url\":\"https:\\\/\\\/cafecolombia.be\\\/shop\\\/miel-de-sapin-grece\\\/\",\"name\":\"Miel de Sapin \\\/ Gr\u00e8ce 400g &#8211; Caf\u00e9 Colombia Roastery Shop\",\"isPartOf\":{\"@id\":\"https:\\\/\\\/cafecolombia.be\\\/#website\"},\"primaryImageOfPage\":{\"@id\":\"https:\\\/\\\/cafecolombia.be\\\/shop\\\/miel-de-sapin-grece\\\/#primaryimage\"},\"image\":{\"@id\":\"https:\\\/\\\/cafecolombia.be\\\/shop\\\/miel-de-sapin-grece\\\/#primaryimage\"},\"thumbnailUrl\":\"https:\\\/\\\/cafecolombia.be\\\/wp-content\\\/uploads\\\/2022\\\/09\\\/Miel-de-sapin-.webp\",\"datePublished\":\"2022-09-06T11:08:36+00:00\",\"dateModified\":\"2026-03-25T13:45:51+00:00\",\"description\":\"Miel rare artisanal aux notes bois\u00e9es et intenses, peu sucr\u00e9 et riche en caract\u00e8re. Id\u00e9al pour les amateurs de miels authentiques et puissants.\",\"breadcrumb\":{\"@id\":\"https:\\\/\\\/cafecolombia.be\\\/shop\\\/miel-de-sapin-grece\\\/#breadcrumb\"},\"inLanguage\":\"nl-BE\",\"potentialAction\":[{\"@type\":\"ReadAction\",\"target\":[\"https:\\\/\\\/cafecolombia.be\\\/shop\\\/miel-de-sapin-grece\\\/\"]}]},{\"@type\":\"ImageObject\",\"inLanguage\":\"nl-BE\",\"@id\":\"https:\\\/\\\/cafecolombia.be\\\/shop\\\/miel-de-sapin-grece\\\/#primaryimage\",\"url\":\"https:\\\/\\\/cafecolombia.be\\\/wp-content\\\/uploads\\\/2022\\\/09\\\/Miel-de-sapin-.webp\",\"contentUrl\":\"https:\\\/\\\/cafecolombia.be\\\/wp-content\\\/uploads\\\/2022\\\/09\\\/Miel-de-sapin-.webp\",\"width\":1024,\"height\":1536},{\"@type\":\"BreadcrumbList\",\"@id\":\"https:\\\/\\\/cafecolombia.be\\\/shop\\\/miel-de-sapin-grece\\\/#breadcrumb\",\"itemListElement\":[{\"@type\":\"ListItem\",\"position\":1,\"name\":\"Accueil\",\"item\":\"https:\\\/\\\/cafecolombia.be\\\/\"},{\"@type\":\"ListItem\",\"position\":2,\"name\":\"Produits\",\"item\":\"https:\\\/\\\/cafecolombia.be\\\/shop\\\/\"},{\"@type\":\"ListItem\",\"position\":3,\"name\":\"Miel de Sapin \\\/ Gr\u00e8ce 400g\"}]},{\"@type\":\"WebSite\",\"@id\":\"https:\\\/\\\/cafecolombia.be\\\/#website\",\"url\":\"https:\\\/\\\/cafecolombia.be\\\/\",\"name\":\"Caf\u00e9 Colombia Roastery Shop\",\"description\":\"Pourquoi r\u00e9sister \u00e0 l&#039;envie d&#039;un bon caf\u00e9 ? Offrez-vous ce plaisir.\",\"publisher\":{\"@id\":\"https:\\\/\\\/cafecolombia.be\\\/#organization\"},\"potentialAction\":[{\"@type\":\"SearchAction\",\"target\":{\"@type\":\"EntryPoint\",\"urlTemplate\":\"https:\\\/\\\/cafecolombia.be\\\/?s={search_term_string}\"},\"query-input\":{\"@type\":\"PropertyValueSpecification\",\"valueRequired\":true,\"valueName\":\"search_term_string\"}}],\"inLanguage\":\"nl-BE\"},{\"@type\":\"Organization\",\"@id\":\"https:\\\/\\\/cafecolombia.be\\\/#organization\",\"name\":\"Caf\u00e9 Colombia Roastery Shop\",\"url\":\"https:\\\/\\\/cafecolombia.be\\\/\",\"logo\":{\"@type\":\"ImageObject\",\"inLanguage\":\"nl-BE\",\"@id\":\"https:\\\/\\\/cafecolombia.be\\\/#\\\/schema\\\/logo\\\/image\\\/\",\"url\":\"https:\\\/\\\/cafecolombia.be\\\/wp-content\\\/uploads\\\/2022\\\/08\\\/logo-cafe-colombia-roastery-shop.png\",\"contentUrl\":\"https:\\\/\\\/cafecolombia.be\\\/wp-content\\\/uploads\\\/2022\\\/08\\\/logo-cafe-colombia-roastery-shop.png\",\"width\":500,\"height\":500,\"caption\":\"Caf\u00e9 Colombia Roastery Shop\"},\"image\":{\"@id\":\"https:\\\/\\\/cafecolombia.be\\\/#\\\/schema\\\/logo\\\/image\\\/\"},\"sameAs\":[\"https:\\\/\\\/www.facebook.com\\\/cafecolombiaroasteryshop\\\/\",\"https:\\\/\\\/www.instagram.com\\\/cafecolombiaroasteryshop\\\/\",\"https:\\\/\\\/www.linkedin.com\\\/company\\\/cafe-colombia\\\/\"]}]}<\/script>\n<!-- \/ Yoast SEO plugin. -->","yoast_head_json":{"title":"Miel de Sapin \/ Gr\u00e8ce 400g \u2013 Caf\u00e9 Colombia Roastery Shop","description":"Miel rare artisanal aux notes bois\u00e9es et intenses, peu sucr\u00e9 et riche en caract\u00e8re. Id\u00e9al pour les amateurs de miels authentiques et puissants.","robots":{"index":"index","follow":"follow","max-snippet":"max-snippet:-1","max-image-preview":"max-image-preview:large","max-video-preview":"max-video-preview:-1"},"canonical":"https:\/\/cafecolombia.be\/nl\/shop\/lavendelhoning-bulgarije-bio\/","og_locale":"nl_BE","og_type":"article","og_title":"Miel de Sapin \/ Gr\u00e8ce 400g &#8211; Caf\u00e9 Colombia Roastery Shop","og_description":"Miel rare artisanal aux notes bois\u00e9es et intenses, peu sucr\u00e9 et riche en caract\u00e8re. Id\u00e9al pour les amateurs de miels authentiques et puissants.","og_url":"https:\/\/cafecolombia.be\/nl\/shop\/lavendelhoning-bulgarije-bio\/","og_site_name":"Caf\u00e9 Colombia Roastery Shop","article_publisher":"https:\/\/www.facebook.com\/cafecolombiaroasteryshop\/","article_modified_time":"2026-03-25T13:45:51+00:00","og_image":[{"width":1024,"height":1536,"url":"https:\/\/cafecolombia.be\/wp-content\/uploads\/2022\/09\/Miel-de-sapin-.webp","type":"image\/png"}],"twitter_card":"summary_large_image","twitter_misc":{"Geschatte leestijd":"1 minuut"},"schema":{"@context":"https:\/\/schema.org","@graph":[{"@type":"WebPage","@id":"https:\/\/cafecolombia.be\/shop\/miel-de-sapin-grece\/","url":"https:\/\/cafecolombia.be\/shop\/miel-de-sapin-grece\/","name":"Miel de Sapin \/ Gr\u00e8ce 400g \u2013 Caf\u00e9 Colombia Roastery Shop","isPartOf":{"@id":"https:\/\/cafecolombia.be\/#website"},"primaryImageOfPage":{"@id":"https:\/\/cafecolombia.be\/shop\/miel-de-sapin-grece\/#primaryimage"},"image":{"@id":"https:\/\/cafecolombia.be\/shop\/miel-de-sapin-grece\/#primaryimage"},"thumbnailUrl":"https:\/\/cafecolombia.be\/wp-content\/uploads\/2022\/09\/Miel-de-sapin-.webp","datePublished":"2022-09-06T11:08:36+00:00","dateModified":"2026-03-25T13:45:51+00:00","description":"Miel rare artisanal aux notes bois\u00e9es et intenses, peu sucr\u00e9 et riche en caract\u00e8re. Id\u00e9al pour les amateurs de miels authentiques et puissants.","breadcrumb":{"@id":"https:\/\/cafecolombia.be\/shop\/miel-de-sapin-grece\/#breadcrumb"},"inLanguage":"nl-BE","potentialAction":[{"@type":"ReadAction","target":["https:\/\/cafecolombia.be\/shop\/miel-de-sapin-grece\/"]}]},{"@type":"ImageObject","inLanguage":"nl-BE","@id":"https:\/\/cafecolombia.be\/shop\/miel-de-sapin-grece\/#primaryimage","url":"https:\/\/cafecolombia.be\/wp-content\/uploads\/2022\/09\/Miel-de-sapin-.webp","contentUrl":"https:\/\/cafecolombia.be\/wp-content\/uploads\/2022\/09\/Miel-de-sapin-.webp","width":1024,"height":1536},{"@type":"BreadcrumbList","@id":"https:\/\/cafecolombia.be\/shop\/miel-de-sapin-grece\/#breadcrumb","itemListElement":[{"@type":"ListItem","position":1,"name":"Accueil","item":"https:\/\/cafecolombia.be\/"},{"@type":"ListItem","position":2,"name":"Produits","item":"https:\/\/cafecolombia.be\/shop\/"},{"@type":"ListItem","position":3,"name":"Miel de Sapin \/ Gr\u00e8ce 400g"}]},{"@type":"WebSite","@id":"https:\/\/cafecolombia.be\/#website","url":"https:\/\/cafecolombia.be\/","name":"Caf\u00e9 Colombia Roastery Shop","description":"Waarom zou je de verleiding van een lekker kopje koffie weerstaan? Gun jezelf dit genot.","publisher":{"@id":"https:\/\/cafecolombia.be\/#organization"},"potentialAction":[{"@type":"SearchAction","target":{"@type":"EntryPoint","urlTemplate":"https:\/\/cafecolombia.be\/?s={search_term_string}"},"query-input":{"@type":"PropertyValueSpecification","valueRequired":true,"valueName":"search_term_string"}}],"inLanguage":"nl-BE"},{"@type":"Organization","@id":"https:\/\/cafecolombia.be\/#organization","name":"Caf\u00e9 Colombia Roastery Shop","url":"https:\/\/cafecolombia.be\/","logo":{"@type":"ImageObject","inLanguage":"nl-BE","@id":"https:\/\/cafecolombia.be\/#\/schema\/logo\/image\/","url":"https:\/\/cafecolombia.be\/wp-content\/uploads\/2022\/08\/logo-cafe-colombia-roastery-shop.png","contentUrl":"https:\/\/cafecolombia.be\/wp-content\/uploads\/2022\/08\/logo-cafe-colombia-roastery-shop.png","width":500,"height":500,"caption":"Caf\u00e9 Colombia Roastery Shop"},"image":{"@id":"https:\/\/cafecolombia.be\/#\/schema\/logo\/image\/"},"sameAs":["https:\/\/www.facebook.com\/cafecolombiaroasteryshop\/","https:\/\/www.instagram.com\/cafecolombiaroasteryshop\/","https:\/\/www.linkedin.com\/company\/cafe-colombia\/"]}]}},"_links":{"self":[{"href":"https:\/\/cafecolombia.be\/nl\/wp-json\/wp\/v2\/product\/2903","targetHints":{"allow":["GET"]}}],"collection":[{"href":"https:\/\/cafecolombia.be\/nl\/wp-json\/wp\/v2\/product"}],"about":[{"href":"https:\/\/cafecolombia.be\/nl\/wp-json\/wp\/v2\/types\/product"}],"wp:featuredmedia":[{"embeddable":true,"href":"https:\/\/cafecolombia.be\/nl\/wp-json\/wp\/v2\/media\/5923"}],"wp:attachment":[{"href":"https:\/\/cafecolombia.be\/nl\/wp-json\/wp\/v2\/media?parent=2903"}],"wp:term":[{"taxonomy":"product_brand","embeddable":true,"href":"https:\/\/cafecolombia.be\/nl\/wp-json\/wp\/v2\/product_brand?post=2903"},{"taxonomy":"product_cat","embeddable":true,"href":"https:\/\/cafecolombia.be\/nl\/wp-json\/wp\/v2\/product_cat?post=2903"},{"taxonomy":"product_tag","embeddable":true,"href":"https:\/\/cafecolombia.be\/nl\/wp-json\/wp\/v2\/product_tag?post=2903"}],"curies":[{"name":"wp","href":"https:\/\/api.w.org\/{rel}","templated":true}]}}