{"id":2891,"date":"2022-09-06T12:57:20","date_gmt":"2022-09-06T10:57:20","guid":{"rendered":"https:\/\/cafecolombia.be\/?post_type=product&#038;p=2891"},"modified":"2026-03-25T14:53:45","modified_gmt":"2026-03-25T13:53:45","slug":"eucalyptushoning-italie-bio-2","status":"publish","type":"product","link":"https:\/\/cafecolombia.be\/nl\/shop\/miel-deucalyptus-italie-bio\/","title":{"rendered":"Miel d&rsquo;Eucalyptus \/ Madagascar *BIO* 400g"},"content":{"rendered":"<p data-start=\"103\" data-end=\"186\"><strong data-start=\"103\" data-end=\"184\">Miel d\u2019Eucalyptus Bio de Madagascar \u2013 Apidora \u2013 Miel intense et aromatique \ud83c\udf6f<\/strong><\/p>\n<p data-start=\"188\" data-end=\"422\">Le miel d\u2019eucalyptus bio Apidora est un miel naturel r\u00e9colt\u00e9 \u00e0 Madagascar, issu du nectar des fleurs d\u2019eucalyptus. Certifi\u00e9 biologique, il se distingue par son go\u00fbt puissant et aromatique, aux notes bois\u00e9es et l\u00e9g\u00e8rement menthol\u00e9es.<\/p>\n<p data-start=\"424\" data-end=\"671\">Sa texture onctueuse et sa couleur ambr\u00e9e en font un miel de caract\u00e8re, id\u00e9al pour sucrer vos infusions, accompagner vos tartines ou \u00eatre consomm\u00e9 \u00e0 la cuill\u00e8re. Il est particuli\u00e8rement appr\u00e9ci\u00e9 pour sa saveur intense et ses qualit\u00e9s naturelles.<\/p>\n<p data-start=\"673\" data-end=\"810\">Ce miel bio, pur et non transform\u00e9, refl\u00e8te la richesse de la flore malgache et un savoir-faire apicole respectueux de l\u2019environnement.<\/p>","protected":false},"excerpt":{"rendered":"<p data-start=\"788\" data-end=\"916\"><strong data-start=\"788\" data-end=\"840\">Miel d\u2019Eucalyptus Bio de Madagascar \u2013 Apidora<\/strong><br data-start=\"840\" data-end=\"843\" \/>Miel intense et aromatique aux notes bois\u00e9es et menthol\u00e9es, certifi\u00e9 bio.<\/p>","protected":false},"featured_media":5928,"template":"","meta":{"site-sidebar-layout":"default","site-content-layout":"default","ast-site-content-layout":"default","site-content-style":"default","site-sidebar-style":"default","ast-global-header-display":"","ast-banner-title-visibility":"","ast-main-header-display":"","ast-hfb-above-header-display":"","ast-hfb-below-header-display":"","ast-hfb-mobile-header-display":"","site-post-title":"","ast-breadcrumbs-content":"","ast-featured-img":"","footer-sml-layout":"","ast-disable-related-posts":"","theme-transparent-header-meta":"default","adv-header-id-meta":"","stick-header-meta":"","header-above-stick-meta":"","header-main-stick-meta":"","header-below-stick-meta":"","astra-migrate-meta-layouts":"set","ast-page-background-enabled":"default","ast-page-background-meta":{"desktop":{"background-color":"","background-image":"","background-repeat":"repeat","background-position":"center center","background-size":"auto","background-attachment":"scroll","background-type":"","background-media":"","overlay-type":"","overlay-color":"","overlay-opacity":"","overlay-gradient":""},"tablet":{"background-color":"","background-image":"","background-repeat":"repeat","background-position":"center center","background-size":"auto","background-attachment":"scroll","background-type":"","background-media":"","overlay-type":"","overlay-color":"","overlay-opacity":"","overlay-gradient":""},"mobile":{"background-color":"","background-image":"","background-repeat":"repeat","background-position":"center center","background-size":"auto","background-attachment":"scroll","background-type":"","background-media":"","overlay-type":"","overlay-color":"","overlay-opacity":"","overlay-gradient":""}},"ast-content-background-meta":{"desktop":{"background-color":"var(--ast-global-color-5)","background-image":"","background-repeat":"repeat","background-position":"center center","background-size":"auto","background-attachment":"scroll","background-type":"","background-media":"","overlay-type":"","overlay-color":"","overlay-opacity":"","overlay-gradient":""},"tablet":{"background-color":"var(--ast-global-color-5)","background-image":"","background-repeat":"repeat","background-position":"center center","background-size":"auto","background-attachment":"scroll","background-type":"","background-media":"","overlay-type":"","overlay-color":"","overlay-opacity":"","overlay-gradient":""},"mobile":{"background-color":"var(--ast-global-color-5)","background-image":"","background-repeat":"repeat","background-position":"center center","background-size":"auto","background-attachment":"scroll","background-type":"","background-media":"","overlay-type":"","overlay-color":"","overlay-opacity":"","overlay-gradient":""}}},"product_brand":[],"product_cat":[50],"product_tag":[],"class_list":{"0":"post-2891","1":"product","2":"type-product","3":"status-publish","4":"has-post-thumbnail","6":"product_cat-miel","7":"desktop-align-center","8":"tablet-align-left","9":"mobile-align-left","11":"first","12":"instock","13":"taxable","14":"shipping-taxable","15":"purchasable","16":"product-type-simple"},"yoast_head":"<!-- This site is optimized with the Yoast SEO plugin v27.5 - https:\/\/yoast.com\/product\/yoast-seo-wordpress\/ -->\n<title>Miel d&#039;Eucalyptus \/ Madagascar *BIO* 400g &#8211; Caf\u00e9 Colombia Roastery Shop<\/title>\n<meta name=\"description\" content=\"Miel intense aux ar\u00f4mes bois\u00e9s et menthol\u00e9s, riche en caract\u00e8re et en fra\u00eecheur. Id\u00e9al pour les amateurs de miels puissants.\" \/>\n<meta name=\"robots\" content=\"index, follow, max-snippet:-1, max-image-preview:large, max-video-preview:-1\" \/>\n<link rel=\"canonical\" href=\"https:\/\/cafecolombia.be\/nl\/shop\/eucalyptushoning-italie-bio-2\/\" \/>\n<meta property=\"og:locale\" content=\"nl_BE\" \/>\n<meta property=\"og:type\" content=\"article\" \/>\n<meta property=\"og:title\" content=\"Miel d&#039;Eucalyptus \/ Madagascar *BIO* 400g &#8211; Caf\u00e9 Colombia Roastery Shop\" \/>\n<meta property=\"og:description\" content=\"Miel intense aux ar\u00f4mes bois\u00e9s et menthol\u00e9s, riche en caract\u00e8re et en fra\u00eecheur. Id\u00e9al pour les amateurs de miels puissants.\" \/>\n<meta property=\"og:url\" content=\"https:\/\/cafecolombia.be\/nl\/shop\/eucalyptushoning-italie-bio-2\/\" \/>\n<meta property=\"og:site_name\" content=\"Caf\u00e9 Colombia Roastery Shop\" \/>\n<meta property=\"article:publisher\" content=\"https:\/\/www.facebook.com\/cafecolombiaroasteryshop\/\" \/>\n<meta property=\"article:modified_time\" content=\"2026-03-25T13:53:45+00:00\" \/>\n<meta property=\"og:image\" content=\"https:\/\/cafecolombia.be\/wp-content\/uploads\/2022\/09\/Miel-deucalyptus-de-Madagascar.webp\" \/>\n\t<meta property=\"og:image:width\" content=\"1024\" \/>\n\t<meta property=\"og:image:height\" content=\"1536\" \/>\n\t<meta property=\"og:image:type\" content=\"image\/png\" \/>\n<meta name=\"twitter:card\" content=\"summary_large_image\" \/>\n<meta name=\"twitter:label1\" content=\"Geschatte leestijd\" \/>\n\t<meta name=\"twitter:data1\" content=\"1 minuut\" \/>\n<script type=\"application\/ld+json\" class=\"yoast-schema-graph\">{\"@context\":\"https:\\\/\\\/schema.org\",\"@graph\":[{\"@type\":\"WebPage\",\"@id\":\"https:\\\/\\\/cafecolombia.be\\\/shop\\\/miel-deucalyptus-italie-bio\\\/\",\"url\":\"https:\\\/\\\/cafecolombia.be\\\/shop\\\/miel-deucalyptus-italie-bio\\\/\",\"name\":\"Miel d'Eucalyptus \\\/ Madagascar *BIO* 400g &#8211; Caf\u00e9 Colombia Roastery Shop\",\"isPartOf\":{\"@id\":\"https:\\\/\\\/cafecolombia.be\\\/#website\"},\"primaryImageOfPage\":{\"@id\":\"https:\\\/\\\/cafecolombia.be\\\/shop\\\/miel-deucalyptus-italie-bio\\\/#primaryimage\"},\"image\":{\"@id\":\"https:\\\/\\\/cafecolombia.be\\\/shop\\\/miel-deucalyptus-italie-bio\\\/#primaryimage\"},\"thumbnailUrl\":\"https:\\\/\\\/cafecolombia.be\\\/wp-content\\\/uploads\\\/2022\\\/09\\\/Miel-deucalyptus-de-Madagascar.webp\",\"datePublished\":\"2022-09-06T10:57:20+00:00\",\"dateModified\":\"2026-03-25T13:53:45+00:00\",\"description\":\"Miel intense aux ar\u00f4mes bois\u00e9s et menthol\u00e9s, riche en caract\u00e8re et en fra\u00eecheur. Id\u00e9al pour les amateurs de miels puissants.\",\"breadcrumb\":{\"@id\":\"https:\\\/\\\/cafecolombia.be\\\/shop\\\/miel-deucalyptus-italie-bio\\\/#breadcrumb\"},\"inLanguage\":\"nl-BE\",\"potentialAction\":[{\"@type\":\"ReadAction\",\"target\":[\"https:\\\/\\\/cafecolombia.be\\\/shop\\\/miel-deucalyptus-italie-bio\\\/\"]}]},{\"@type\":\"ImageObject\",\"inLanguage\":\"nl-BE\",\"@id\":\"https:\\\/\\\/cafecolombia.be\\\/shop\\\/miel-deucalyptus-italie-bio\\\/#primaryimage\",\"url\":\"https:\\\/\\\/cafecolombia.be\\\/wp-content\\\/uploads\\\/2022\\\/09\\\/Miel-deucalyptus-de-Madagascar.webp\",\"contentUrl\":\"https:\\\/\\\/cafecolombia.be\\\/wp-content\\\/uploads\\\/2022\\\/09\\\/Miel-deucalyptus-de-Madagascar.webp\",\"width\":1024,\"height\":1536},{\"@type\":\"BreadcrumbList\",\"@id\":\"https:\\\/\\\/cafecolombia.be\\\/shop\\\/miel-deucalyptus-italie-bio\\\/#breadcrumb\",\"itemListElement\":[{\"@type\":\"ListItem\",\"position\":1,\"name\":\"Accueil\",\"item\":\"https:\\\/\\\/cafecolombia.be\\\/\"},{\"@type\":\"ListItem\",\"position\":2,\"name\":\"Produits\",\"item\":\"https:\\\/\\\/cafecolombia.be\\\/shop\\\/\"},{\"@type\":\"ListItem\",\"position\":3,\"name\":\"Miel d&rsquo;Eucalyptus \\\/ Madagascar *BIO* 400g\"}]},{\"@type\":\"WebSite\",\"@id\":\"https:\\\/\\\/cafecolombia.be\\\/#website\",\"url\":\"https:\\\/\\\/cafecolombia.be\\\/\",\"name\":\"Caf\u00e9 Colombia Roastery Shop\",\"description\":\"Pourquoi r\u00e9sister \u00e0 l&#039;envie d&#039;un bon caf\u00e9 ? Offrez-vous ce plaisir.\",\"publisher\":{\"@id\":\"https:\\\/\\\/cafecolombia.be\\\/#organization\"},\"potentialAction\":[{\"@type\":\"SearchAction\",\"target\":{\"@type\":\"EntryPoint\",\"urlTemplate\":\"https:\\\/\\\/cafecolombia.be\\\/?s={search_term_string}\"},\"query-input\":{\"@type\":\"PropertyValueSpecification\",\"valueRequired\":true,\"valueName\":\"search_term_string\"}}],\"inLanguage\":\"nl-BE\"},{\"@type\":\"Organization\",\"@id\":\"https:\\\/\\\/cafecolombia.be\\\/#organization\",\"name\":\"Caf\u00e9 Colombia Roastery Shop\",\"url\":\"https:\\\/\\\/cafecolombia.be\\\/\",\"logo\":{\"@type\":\"ImageObject\",\"inLanguage\":\"nl-BE\",\"@id\":\"https:\\\/\\\/cafecolombia.be\\\/#\\\/schema\\\/logo\\\/image\\\/\",\"url\":\"https:\\\/\\\/cafecolombia.be\\\/wp-content\\\/uploads\\\/2022\\\/08\\\/logo-cafe-colombia-roastery-shop.png\",\"contentUrl\":\"https:\\\/\\\/cafecolombia.be\\\/wp-content\\\/uploads\\\/2022\\\/08\\\/logo-cafe-colombia-roastery-shop.png\",\"width\":500,\"height\":500,\"caption\":\"Caf\u00e9 Colombia Roastery Shop\"},\"image\":{\"@id\":\"https:\\\/\\\/cafecolombia.be\\\/#\\\/schema\\\/logo\\\/image\\\/\"},\"sameAs\":[\"https:\\\/\\\/www.facebook.com\\\/cafecolombiaroasteryshop\\\/\",\"https:\\\/\\\/www.instagram.com\\\/cafecolombiaroasteryshop\\\/\",\"https:\\\/\\\/www.linkedin.com\\\/company\\\/cafe-colombia\\\/\"]}]}<\/script>\n<!-- \/ Yoast SEO plugin. -->","yoast_head_json":{"title":"Miel d'Eucalyptus \/ Madagascar *BIO* 400g \u2013 Caf\u00e9 Colombia Roastery Shop","description":"Miel intense aux ar\u00f4mes bois\u00e9s et menthol\u00e9s, riche en caract\u00e8re et en fra\u00eecheur. Id\u00e9al pour les amateurs de miels puissants.","robots":{"index":"index","follow":"follow","max-snippet":"max-snippet:-1","max-image-preview":"max-image-preview:large","max-video-preview":"max-video-preview:-1"},"canonical":"https:\/\/cafecolombia.be\/nl\/shop\/eucalyptushoning-italie-bio-2\/","og_locale":"nl_BE","og_type":"article","og_title":"Miel d'Eucalyptus \/ Madagascar *BIO* 400g &#8211; Caf\u00e9 Colombia Roastery Shop","og_description":"Miel intense aux ar\u00f4mes bois\u00e9s et menthol\u00e9s, riche en caract\u00e8re et en fra\u00eecheur. Id\u00e9al pour les amateurs de miels puissants.","og_url":"https:\/\/cafecolombia.be\/nl\/shop\/eucalyptushoning-italie-bio-2\/","og_site_name":"Caf\u00e9 Colombia Roastery Shop","article_publisher":"https:\/\/www.facebook.com\/cafecolombiaroasteryshop\/","article_modified_time":"2026-03-25T13:53:45+00:00","og_image":[{"width":1024,"height":1536,"url":"https:\/\/cafecolombia.be\/wp-content\/uploads\/2022\/09\/Miel-deucalyptus-de-Madagascar.webp","type":"image\/png"}],"twitter_card":"summary_large_image","twitter_misc":{"Geschatte leestijd":"1 minuut"},"schema":{"@context":"https:\/\/schema.org","@graph":[{"@type":"WebPage","@id":"https:\/\/cafecolombia.be\/shop\/miel-deucalyptus-italie-bio\/","url":"https:\/\/cafecolombia.be\/shop\/miel-deucalyptus-italie-bio\/","name":"Miel d'Eucalyptus \/ Madagascar *BIO* 400g \u2013 Caf\u00e9 Colombia Roastery Shop","isPartOf":{"@id":"https:\/\/cafecolombia.be\/#website"},"primaryImageOfPage":{"@id":"https:\/\/cafecolombia.be\/shop\/miel-deucalyptus-italie-bio\/#primaryimage"},"image":{"@id":"https:\/\/cafecolombia.be\/shop\/miel-deucalyptus-italie-bio\/#primaryimage"},"thumbnailUrl":"https:\/\/cafecolombia.be\/wp-content\/uploads\/2022\/09\/Miel-deucalyptus-de-Madagascar.webp","datePublished":"2022-09-06T10:57:20+00:00","dateModified":"2026-03-25T13:53:45+00:00","description":"Miel intense aux ar\u00f4mes bois\u00e9s et menthol\u00e9s, riche en caract\u00e8re et en fra\u00eecheur. Id\u00e9al pour les amateurs de miels puissants.","breadcrumb":{"@id":"https:\/\/cafecolombia.be\/shop\/miel-deucalyptus-italie-bio\/#breadcrumb"},"inLanguage":"nl-BE","potentialAction":[{"@type":"ReadAction","target":["https:\/\/cafecolombia.be\/shop\/miel-deucalyptus-italie-bio\/"]}]},{"@type":"ImageObject","inLanguage":"nl-BE","@id":"https:\/\/cafecolombia.be\/shop\/miel-deucalyptus-italie-bio\/#primaryimage","url":"https:\/\/cafecolombia.be\/wp-content\/uploads\/2022\/09\/Miel-deucalyptus-de-Madagascar.webp","contentUrl":"https:\/\/cafecolombia.be\/wp-content\/uploads\/2022\/09\/Miel-deucalyptus-de-Madagascar.webp","width":1024,"height":1536},{"@type":"BreadcrumbList","@id":"https:\/\/cafecolombia.be\/shop\/miel-deucalyptus-italie-bio\/#breadcrumb","itemListElement":[{"@type":"ListItem","position":1,"name":"Accueil","item":"https:\/\/cafecolombia.be\/"},{"@type":"ListItem","position":2,"name":"Produits","item":"https:\/\/cafecolombia.be\/shop\/"},{"@type":"ListItem","position":3,"name":"Miel d&rsquo;Eucalyptus \/ Madagascar *BIO* 400g"}]},{"@type":"WebSite","@id":"https:\/\/cafecolombia.be\/#website","url":"https:\/\/cafecolombia.be\/","name":"Caf\u00e9 Colombia Roastery Shop","description":"Waarom zou je de verleiding van een lekker kopje koffie weerstaan? Gun jezelf dit genot.","publisher":{"@id":"https:\/\/cafecolombia.be\/#organization"},"potentialAction":[{"@type":"SearchAction","target":{"@type":"EntryPoint","urlTemplate":"https:\/\/cafecolombia.be\/?s={search_term_string}"},"query-input":{"@type":"PropertyValueSpecification","valueRequired":true,"valueName":"search_term_string"}}],"inLanguage":"nl-BE"},{"@type":"Organization","@id":"https:\/\/cafecolombia.be\/#organization","name":"Caf\u00e9 Colombia Roastery Shop","url":"https:\/\/cafecolombia.be\/","logo":{"@type":"ImageObject","inLanguage":"nl-BE","@id":"https:\/\/cafecolombia.be\/#\/schema\/logo\/image\/","url":"https:\/\/cafecolombia.be\/wp-content\/uploads\/2022\/08\/logo-cafe-colombia-roastery-shop.png","contentUrl":"https:\/\/cafecolombia.be\/wp-content\/uploads\/2022\/08\/logo-cafe-colombia-roastery-shop.png","width":500,"height":500,"caption":"Caf\u00e9 Colombia Roastery Shop"},"image":{"@id":"https:\/\/cafecolombia.be\/#\/schema\/logo\/image\/"},"sameAs":["https:\/\/www.facebook.com\/cafecolombiaroasteryshop\/","https:\/\/www.instagram.com\/cafecolombiaroasteryshop\/","https:\/\/www.linkedin.com\/company\/cafe-colombia\/"]}]}},"_links":{"self":[{"href":"https:\/\/cafecolombia.be\/nl\/wp-json\/wp\/v2\/product\/2891","targetHints":{"allow":["GET"]}}],"collection":[{"href":"https:\/\/cafecolombia.be\/nl\/wp-json\/wp\/v2\/product"}],"about":[{"href":"https:\/\/cafecolombia.be\/nl\/wp-json\/wp\/v2\/types\/product"}],"wp:featuredmedia":[{"embeddable":true,"href":"https:\/\/cafecolombia.be\/nl\/wp-json\/wp\/v2\/media\/5928"}],"wp:attachment":[{"href":"https:\/\/cafecolombia.be\/nl\/wp-json\/wp\/v2\/media?parent=2891"}],"wp:term":[{"taxonomy":"product_brand","embeddable":true,"href":"https:\/\/cafecolombia.be\/nl\/wp-json\/wp\/v2\/product_brand?post=2891"},{"taxonomy":"product_cat","embeddable":true,"href":"https:\/\/cafecolombia.be\/nl\/wp-json\/wp\/v2\/product_cat?post=2891"},{"taxonomy":"product_tag","embeddable":true,"href":"https:\/\/cafecolombia.be\/nl\/wp-json\/wp\/v2\/product_tag?post=2891"}],"curies":[{"name":"wp","href":"https:\/\/api.w.org\/{rel}","templated":true}]}}