{"id":2338,"date":"2022-09-02T17:56:38","date_gmt":"2022-09-02T15:56:38","guid":{"rendered":"https:\/\/cafecolombia.be\/?post_type=product&#038;p=2338"},"modified":"2026-03-31T14:30:09","modified_gmt":"2026-03-31T12:30:09","slug":"koffie-nicaragua","status":"publish","type":"product","link":"https:\/\/cafecolombia.be\/nl\/shop\/cafe-nicaragua\/","title":{"rendered":"Koffie uit Nicaragua"},"content":{"rendered":"<p>\u2615 <strong data-start=\"3065\" data-end=\"3088\">Aromaprofiel:<\/strong> appel, sinaasappel, melkchocolade, gekonfijte hazelnoot<br data-start=\"3138\" data-end=\"3141\" \/>\ud83c\udf31 <strong data-start=\"3144\" data-end=\"3156\">Soort:<\/strong> Arabica<br data-start=\"3164\" data-end=\"3167\" \/>\ud83c\udf3f <strong data-start=\"3170\" data-end=\"3183\">Soort:<\/strong> Yellow Catuai<br data-start=\"3197\" data-end=\"3200\" \/>\u26f0 <strong data-start=\"3202\" data-end=\"3216\">Hoogte :<\/strong> 1 350 \u2013 1 500 m<br data-start=\"3232\" data-end=\"3235\" \/>\u2699\ufe0f <strong data-start=\"3238\" data-end=\"3251\">Procedure:<\/strong> dubbele gisting (anaeroob + gewassen)<br data-start=\"3290\" data-end=\"3293\" \/>\ud83c\udfc6 <strong data-start=\"3296\" data-end=\"3311\">SCA-score:<\/strong> 85<\/p>","protected":false},"excerpt":{"rendered":"<p>Koffie uit Nicaragua (SCA 85). Dubbel gefermenteerd, met tonen van appel, sinaasappel, melkchocolade en hazelnoot. Een rijk en evenwichtig profiel.<\/p>\n<p>Een koffiespecialiteitenbar in het hart van Jinotega<\/p>\n<p>Caf\u00e9 Nicaragua Los Papales \u2013 Jinotega is een speciale koffiesoort die op grote hoogte wordt verbouwd door de familie L\u00f3pez, die al meer dan een eeuw actief is in de koffieteelt.<\/p>\n<p>De boerderij, gelegen in de bergen van Jinotega, biedt ideale omstandigheden voor de productie van een rijke, evenwichtige en karaktervolle koffie.<\/p>","protected":false},"featured_media":6086,"template":"","meta":{"site-sidebar-layout":"default","site-content-layout":"default","ast-site-content-layout":"default","site-content-style":"default","site-sidebar-style":"default","ast-global-header-display":"","ast-banner-title-visibility":"","ast-main-header-display":"","ast-hfb-above-header-display":"","ast-hfb-below-header-display":"","ast-hfb-mobile-header-display":"","site-post-title":"","ast-breadcrumbs-content":"","ast-featured-img":"","footer-sml-layout":"","ast-disable-related-posts":"","theme-transparent-header-meta":"default","adv-header-id-meta":"","stick-header-meta":"","header-above-stick-meta":"","header-main-stick-meta":"","header-below-stick-meta":"","astra-migrate-meta-layouts":"set","ast-page-background-enabled":"default","ast-page-background-meta":{"desktop":{"background-color":"","background-image":"","background-repeat":"repeat","background-position":"center center","background-size":"auto","background-attachment":"scroll","background-type":"","background-media":"","overlay-type":"","overlay-color":"","overlay-opacity":"","overlay-gradient":""},"tablet":{"background-color":"","background-image":"","background-repeat":"repeat","background-position":"center center","background-size":"auto","background-attachment":"scroll","background-type":"","background-media":"","overlay-type":"","overlay-color":"","overlay-opacity":"","overlay-gradient":""},"mobile":{"background-color":"","background-image":"","background-repeat":"repeat","background-position":"center center","background-size":"auto","background-attachment":"scroll","background-type":"","background-media":"","overlay-type":"","overlay-color":"","overlay-opacity":"","overlay-gradient":""}},"ast-content-background-meta":{"desktop":{"background-color":"var(--ast-global-color-5)","background-image":"","background-repeat":"repeat","background-position":"center center","background-size":"auto","background-attachment":"scroll","background-type":"","background-media":"","overlay-type":"","overlay-color":"","overlay-opacity":"","overlay-gradient":""},"tablet":{"background-color":"var(--ast-global-color-5)","background-image":"","background-repeat":"repeat","background-position":"center center","background-size":"auto","background-attachment":"scroll","background-type":"","background-media":"","overlay-type":"","overlay-color":"","overlay-opacity":"","overlay-gradient":""},"mobile":{"background-color":"var(--ast-global-color-5)","background-image":"","background-repeat":"repeat","background-position":"center center","background-size":"auto","background-attachment":"scroll","background-type":"","background-media":"","overlay-type":"","overlay-color":"","overlay-opacity":"","overlay-gradient":""}}},"product_brand":[],"product_cat":[33],"product_tag":[],"class_list":{"0":"post-2338","1":"product","2":"type-product","3":"status-publish","4":"has-post-thumbnail","6":"product_cat-cafe","7":"pa_ground-beans","8":"pa_ground-grind","9":"pa_poids-10-capsules-nespresso","10":"pa_poids-1kg","11":"pa_poids-250g","12":"pa_poids-500g","13":"desktop-align-center","14":"tablet-align-left","15":"mobile-align-left","17":"first","18":"instock","19":"featured","20":"taxable","21":"shipping-taxable","22":"purchasable","23":"product-type-variable"},"yoast_head":"<!-- This site is optimized with the Yoast SEO plugin v27.6 - https:\/\/yoast.com\/product\/yoast-seo-wordpress\/ -->\n<title>Caf\u00e9 Nicaragua &#8211; Caf\u00e9 Colombia Roastery Shop<\/title>\n<meta name=\"description\" content=\"Caf\u00e9 Nicaragua Jinotega (SCA 85). Notes pomme, orange, chocolat et noisette. Process double fermentation, profil \u00e9quilibr\u00e9 et gourmand.\" \/>\n<meta name=\"robots\" content=\"index, follow, max-snippet:-1, max-image-preview:large, max-video-preview:-1\" \/>\n<link rel=\"canonical\" href=\"https:\/\/cafecolombia.be\/nl\/shop\/koffie-nicaragua\/\" \/>\n<meta property=\"og:locale\" content=\"nl_BE\" \/>\n<meta property=\"og:type\" content=\"article\" \/>\n<meta property=\"og:title\" content=\"Caf\u00e9 Nicaragua &#8211; Caf\u00e9 Colombia Roastery Shop\" \/>\n<meta property=\"og:description\" content=\"Caf\u00e9 Nicaragua Jinotega (SCA 85). Notes pomme, orange, chocolat et noisette. Process double fermentation, profil \u00e9quilibr\u00e9 et gourmand.\" \/>\n<meta property=\"og:url\" content=\"https:\/\/cafecolombia.be\/nl\/shop\/koffie-nicaragua\/\" \/>\n<meta property=\"og:site_name\" content=\"Caf\u00e9 Colombia Roastery Shop\" \/>\n<meta property=\"article:publisher\" content=\"https:\/\/www.facebook.com\/cafecolombiaroasteryshop\/\" \/>\n<meta property=\"article:modified_time\" content=\"2026-03-31T12:30:09+00:00\" \/>\n<meta property=\"og:image\" content=\"https:\/\/cafecolombia.be\/wp-content\/uploads\/2022\/09\/Cafe-Nicaragua.webp\" \/>\n\t<meta property=\"og:image:width\" content=\"1200\" \/>\n\t<meta property=\"og:image:height\" content=\"1200\" \/>\n\t<meta property=\"og:image:type\" content=\"image\/webp\" \/>\n<meta name=\"twitter:card\" content=\"summary_large_image\" \/>\n<meta name=\"twitter:label1\" content=\"Geschatte leestijd\" \/>\n\t<meta name=\"twitter:data1\" content=\"1 minuut\" \/>\n<script type=\"application\/ld+json\" class=\"yoast-schema-graph\">{\"@context\":\"https:\\\/\\\/schema.org\",\"@graph\":[{\"@type\":\"WebPage\",\"@id\":\"https:\\\/\\\/cafecolombia.be\\\/shop\\\/cafe-nicaragua\\\/\",\"url\":\"https:\\\/\\\/cafecolombia.be\\\/shop\\\/cafe-nicaragua\\\/\",\"name\":\"Caf\u00e9 Nicaragua &#8211; Caf\u00e9 Colombia Roastery Shop\",\"isPartOf\":{\"@id\":\"https:\\\/\\\/cafecolombia.be\\\/#website\"},\"primaryImageOfPage\":{\"@id\":\"https:\\\/\\\/cafecolombia.be\\\/shop\\\/cafe-nicaragua\\\/#primaryimage\"},\"image\":{\"@id\":\"https:\\\/\\\/cafecolombia.be\\\/shop\\\/cafe-nicaragua\\\/#primaryimage\"},\"thumbnailUrl\":\"https:\\\/\\\/cafecolombia.be\\\/wp-content\\\/uploads\\\/2022\\\/09\\\/Cafe-Nicaragua.webp\",\"datePublished\":\"2022-09-02T15:56:38+00:00\",\"dateModified\":\"2026-03-31T12:30:09+00:00\",\"description\":\"Caf\u00e9 Nicaragua Jinotega (SCA 85). Notes pomme, orange, chocolat et noisette. Process double fermentation, profil \u00e9quilibr\u00e9 et gourmand.\",\"breadcrumb\":{\"@id\":\"https:\\\/\\\/cafecolombia.be\\\/shop\\\/cafe-nicaragua\\\/#breadcrumb\"},\"inLanguage\":\"nl-BE\",\"potentialAction\":[{\"@type\":\"ReadAction\",\"target\":[\"https:\\\/\\\/cafecolombia.be\\\/shop\\\/cafe-nicaragua\\\/\"]}]},{\"@type\":\"ImageObject\",\"inLanguage\":\"nl-BE\",\"@id\":\"https:\\\/\\\/cafecolombia.be\\\/shop\\\/cafe-nicaragua\\\/#primaryimage\",\"url\":\"https:\\\/\\\/cafecolombia.be\\\/wp-content\\\/uploads\\\/2022\\\/09\\\/Cafe-Nicaragua.webp\",\"contentUrl\":\"https:\\\/\\\/cafecolombia.be\\\/wp-content\\\/uploads\\\/2022\\\/09\\\/Cafe-Nicaragua.webp\",\"width\":1200,\"height\":1200,\"caption\":\"Caf\u00e9 Nicaragua\"},{\"@type\":\"BreadcrumbList\",\"@id\":\"https:\\\/\\\/cafecolombia.be\\\/shop\\\/cafe-nicaragua\\\/#breadcrumb\",\"itemListElement\":[{\"@type\":\"ListItem\",\"position\":1,\"name\":\"Accueil\",\"item\":\"https:\\\/\\\/cafecolombia.be\\\/\"},{\"@type\":\"ListItem\",\"position\":2,\"name\":\"Produits\",\"item\":\"https:\\\/\\\/cafecolombia.be\\\/shop\\\/\"},{\"@type\":\"ListItem\",\"position\":3,\"name\":\"Caf\u00e9 Nicaragua\"}]},{\"@type\":\"WebSite\",\"@id\":\"https:\\\/\\\/cafecolombia.be\\\/#website\",\"url\":\"https:\\\/\\\/cafecolombia.be\\\/\",\"name\":\"Caf\u00e9 Colombia Roastery Shop\",\"description\":\"Pourquoi r\u00e9sister \u00e0 l&#039;envie d&#039;un bon caf\u00e9 ? Offrez-vous ce plaisir.\",\"publisher\":{\"@id\":\"https:\\\/\\\/cafecolombia.be\\\/#organization\"},\"potentialAction\":[{\"@type\":\"SearchAction\",\"target\":{\"@type\":\"EntryPoint\",\"urlTemplate\":\"https:\\\/\\\/cafecolombia.be\\\/?s={search_term_string}\"},\"query-input\":{\"@type\":\"PropertyValueSpecification\",\"valueRequired\":true,\"valueName\":\"search_term_string\"}}],\"inLanguage\":\"nl-BE\"},{\"@type\":\"Organization\",\"@id\":\"https:\\\/\\\/cafecolombia.be\\\/#organization\",\"name\":\"Caf\u00e9 Colombia Roastery Shop\",\"url\":\"https:\\\/\\\/cafecolombia.be\\\/\",\"logo\":{\"@type\":\"ImageObject\",\"inLanguage\":\"nl-BE\",\"@id\":\"https:\\\/\\\/cafecolombia.be\\\/#\\\/schema\\\/logo\\\/image\\\/\",\"url\":\"https:\\\/\\\/cafecolombia.be\\\/wp-content\\\/uploads\\\/2022\\\/08\\\/logo-cafe-colombia-roastery-shop.png\",\"contentUrl\":\"https:\\\/\\\/cafecolombia.be\\\/wp-content\\\/uploads\\\/2022\\\/08\\\/logo-cafe-colombia-roastery-shop.png\",\"width\":500,\"height\":500,\"caption\":\"Caf\u00e9 Colombia Roastery Shop\"},\"image\":{\"@id\":\"https:\\\/\\\/cafecolombia.be\\\/#\\\/schema\\\/logo\\\/image\\\/\"},\"sameAs\":[\"https:\\\/\\\/www.facebook.com\\\/cafecolombiaroasteryshop\\\/\",\"https:\\\/\\\/www.instagram.com\\\/cafecolombiaroasteryshop\\\/\",\"https:\\\/\\\/www.linkedin.com\\\/company\\\/cafe-colombia\\\/\"]}]}<\/script>\n<!-- \/ Yoast SEO plugin. -->","yoast_head_json":{"title":"Koffie Nicaragua \u2013 Caf\u00e9 Colombia Roastery Shop","description":"Koffie Nicaragua Jinotega (SCA 85). Tonen van appel, sinaasappel, chocolade en hazelnoot. Dubbel fermentatieproces, evenwichtig en volmondig profiel.","robots":{"index":"index","follow":"follow","max-snippet":"max-snippet:-1","max-image-preview":"max-image-preview:large","max-video-preview":"max-video-preview:-1"},"canonical":"https:\/\/cafecolombia.be\/nl\/shop\/koffie-nicaragua\/","og_locale":"nl_BE","og_type":"article","og_title":"Caf\u00e9 Nicaragua &#8211; Caf\u00e9 Colombia Roastery Shop","og_description":"Caf\u00e9 Nicaragua Jinotega (SCA 85). Notes pomme, orange, chocolat et noisette. Process double fermentation, profil \u00e9quilibr\u00e9 et gourmand.","og_url":"https:\/\/cafecolombia.be\/nl\/shop\/koffie-nicaragua\/","og_site_name":"Caf\u00e9 Colombia Roastery Shop","article_publisher":"https:\/\/www.facebook.com\/cafecolombiaroasteryshop\/","article_modified_time":"2026-03-31T12:30:09+00:00","og_image":[{"width":1200,"height":1200,"url":"https:\/\/cafecolombia.be\/wp-content\/uploads\/2022\/09\/Cafe-Nicaragua.webp","type":"image\/webp"}],"twitter_card":"summary_large_image","twitter_misc":{"Geschatte leestijd":"1 minuut"},"schema":{"@context":"https:\/\/schema.org","@graph":[{"@type":"WebPage","@id":"https:\/\/cafecolombia.be\/shop\/cafe-nicaragua\/","url":"https:\/\/cafecolombia.be\/shop\/cafe-nicaragua\/","name":"Koffie Nicaragua \u2013 Caf\u00e9 Colombia Roastery Shop","isPartOf":{"@id":"https:\/\/cafecolombia.be\/#website"},"primaryImageOfPage":{"@id":"https:\/\/cafecolombia.be\/shop\/cafe-nicaragua\/#primaryimage"},"image":{"@id":"https:\/\/cafecolombia.be\/shop\/cafe-nicaragua\/#primaryimage"},"thumbnailUrl":"https:\/\/cafecolombia.be\/wp-content\/uploads\/2022\/09\/Cafe-Nicaragua.webp","datePublished":"2022-09-02T15:56:38+00:00","dateModified":"2026-03-31T12:30:09+00:00","description":"Koffie Nicaragua Jinotega (SCA 85). Tonen van appel, sinaasappel, chocolade en hazelnoot. Dubbel fermentatieproces, evenwichtig en volmondig profiel.","breadcrumb":{"@id":"https:\/\/cafecolombia.be\/shop\/cafe-nicaragua\/#breadcrumb"},"inLanguage":"nl-BE","potentialAction":[{"@type":"ReadAction","target":["https:\/\/cafecolombia.be\/shop\/cafe-nicaragua\/"]}]},{"@type":"ImageObject","inLanguage":"nl-BE","@id":"https:\/\/cafecolombia.be\/shop\/cafe-nicaragua\/#primaryimage","url":"https:\/\/cafecolombia.be\/wp-content\/uploads\/2022\/09\/Cafe-Nicaragua.webp","contentUrl":"https:\/\/cafecolombia.be\/wp-content\/uploads\/2022\/09\/Cafe-Nicaragua.webp","width":1200,"height":1200,"caption":"Caf\u00e9 Nicaragua"},{"@type":"BreadcrumbList","@id":"https:\/\/cafecolombia.be\/shop\/cafe-nicaragua\/#breadcrumb","itemListElement":[{"@type":"ListItem","position":1,"name":"Accueil","item":"https:\/\/cafecolombia.be\/"},{"@type":"ListItem","position":2,"name":"Produits","item":"https:\/\/cafecolombia.be\/shop\/"},{"@type":"ListItem","position":3,"name":"Caf\u00e9 Nicaragua"}]},{"@type":"WebSite","@id":"https:\/\/cafecolombia.be\/#website","url":"https:\/\/cafecolombia.be\/","name":"Caf\u00e9 Colombia Roastery Shop","description":"Waarom zou je de verleiding van een lekker kopje koffie weerstaan? Gun jezelf dit genot.","publisher":{"@id":"https:\/\/cafecolombia.be\/#organization"},"potentialAction":[{"@type":"SearchAction","target":{"@type":"EntryPoint","urlTemplate":"https:\/\/cafecolombia.be\/?s={search_term_string}"},"query-input":{"@type":"PropertyValueSpecification","valueRequired":true,"valueName":"search_term_string"}}],"inLanguage":"nl-BE"},{"@type":"Organization","@id":"https:\/\/cafecolombia.be\/#organization","name":"Caf\u00e9 Colombia Roastery Shop","url":"https:\/\/cafecolombia.be\/","logo":{"@type":"ImageObject","inLanguage":"nl-BE","@id":"https:\/\/cafecolombia.be\/#\/schema\/logo\/image\/","url":"https:\/\/cafecolombia.be\/wp-content\/uploads\/2022\/08\/logo-cafe-colombia-roastery-shop.png","contentUrl":"https:\/\/cafecolombia.be\/wp-content\/uploads\/2022\/08\/logo-cafe-colombia-roastery-shop.png","width":500,"height":500,"caption":"Caf\u00e9 Colombia Roastery Shop"},"image":{"@id":"https:\/\/cafecolombia.be\/#\/schema\/logo\/image\/"},"sameAs":["https:\/\/www.facebook.com\/cafecolombiaroasteryshop\/","https:\/\/www.instagram.com\/cafecolombiaroasteryshop\/","https:\/\/www.linkedin.com\/company\/cafe-colombia\/"]}]}},"_links":{"self":[{"href":"https:\/\/cafecolombia.be\/nl\/wp-json\/wp\/v2\/product\/2338","targetHints":{"allow":["GET"]}}],"collection":[{"href":"https:\/\/cafecolombia.be\/nl\/wp-json\/wp\/v2\/product"}],"about":[{"href":"https:\/\/cafecolombia.be\/nl\/wp-json\/wp\/v2\/types\/product"}],"wp:featuredmedia":[{"embeddable":true,"href":"https:\/\/cafecolombia.be\/nl\/wp-json\/wp\/v2\/media\/6086"}],"wp:attachment":[{"href":"https:\/\/cafecolombia.be\/nl\/wp-json\/wp\/v2\/media?parent=2338"}],"wp:term":[{"taxonomy":"product_brand","embeddable":true,"href":"https:\/\/cafecolombia.be\/nl\/wp-json\/wp\/v2\/product_brand?post=2338"},{"taxonomy":"product_cat","embeddable":true,"href":"https:\/\/cafecolombia.be\/nl\/wp-json\/wp\/v2\/product_cat?post=2338"},{"taxonomy":"product_tag","embeddable":true,"href":"https:\/\/cafecolombia.be\/nl\/wp-json\/wp\/v2\/product_tag?post=2338"}],"curies":[{"name":"wp","href":"https:\/\/api.w.org\/{rel}","templated":true}]}}