{"id":554,"date":"2020-09-10T06:03:46","date_gmt":"2020-09-10T06:03:46","guid":{"rendered":"https:\/\/cafecolombia.be\/cart\/"},"modified":"2023-06-29T22:28:48","modified_gmt":"2023-06-29T20:28:48","slug":"mand","status":"publish","type":"page","link":"https:\/\/cafecolombia.be\/nl\/panier\/","title":{"rendered":"Mand"},"content":{"rendered":"<div data-elementor-type=\"wp-page\" data-elementor-id=\"554\" class=\"elementor elementor-554\" data-elementor-post-type=\"page\">\n\t\t\t\t<div class=\"elementor-element elementor-element-d4c0c66 elementor-hidden-mobile e-flex e-con-boxed e-con e-parent\" data-id=\"d4c0c66\" data-element_type=\"container\" data-e-type=\"container\" data-settings=\"{&quot;background_background&quot;:&quot;classic&quot;}\">\n\t\t\t\t\t<div class=\"e-con-inner\">\n\t\t\t\t\t<\/div>\n\t\t\t\t<\/div>\n\t\t<div class=\"elementor-element elementor-element-2c101fb e-flex e-con-boxed e-con e-parent\" data-id=\"2c101fb\" data-element_type=\"container\" data-e-type=\"container\">\n\t\t\t\t\t<div class=\"e-con-inner\">\n\t\t<div class=\"elementor-element elementor-element-1f36905 e-con-full e-flex e-con e-parent\" data-id=\"1f36905\" data-element_type=\"container\" data-e-type=\"container\">\n\t\t<div class=\"elementor-element elementor-element-11f14fb e-con-full e-flex e-con e-parent\" data-id=\"11f14fb\" data-element_type=\"container\" data-e-type=\"container\">\n\t\t\t\t<div class=\"elementor-element elementor-element-f434255 elementor-widget elementor-widget-heading\" data-id=\"f434255\" data-element_type=\"widget\" data-e-type=\"widget\" data-widget_type=\"heading.default\">\n\t\t\t\t<div class=\"elementor-widget-container\">\n\t\t\t\t\t<h2 class=\"elementor-heading-title elementor-size-default\">Mand<\/h2>\t\t\t\t<\/div>\n\t\t\t\t<\/div>\n\t\t\t\t<\/div>\n\t\t\t\t<div class=\"elementor-element elementor-element-f41cc31 e-cart-layout-two-column elementor-widget elementor-widget-woocommerce-cart\" data-id=\"f41cc31\" data-element_type=\"widget\" data-e-type=\"widget\" data-widget_type=\"woocommerce-cart.default\">\n\t\t\t\t<div class=\"elementor-widget-container\">\n\t\t\t\t\t<div class=\"woocommerce\"><div class=\"woocommerce-notices-wrapper\"><\/div><div class=\"wc-empty-cart-message\">\n\t<div class=\"cart-empty woocommerce-info\" role=\"status\">\n\t\tJe winkelmand is momenteel leeg.\t<\/div>\n<\/div>\t<p class=\"return-to-shop\">\n\t\t<a class=\"button wc-backward\" href=\"https:\/\/cafecolombia.be\/nl\">\n\t\t\tTerug naar winkel\t\t<\/a>\n\t<\/p>\n<\/div>\t\t\t\t<\/div>\n\t\t\t\t<\/div>\n\t\t\t\t<\/div>\n\t\t\t\t\t<\/div>\n\t\t\t\t<\/div>\n\t\t\t\t<\/div>","protected":false},"excerpt":{"rendered":"<p>Panier Supprimer l\u2019\u00e9l\u00e9ment Miniature Produit Prix Quantit\u00e9 Sous-total Creamer Z Hario 30,00&nbsp;&euro; quantit\u00e9 de Creamer Z Hario 60,00&nbsp;&euro; Colombia Excepcional &#8220;La Roca State&#8221; Mouture: Grains 33,00&nbsp;&euro; quantit\u00e9 de Colombia Excepcional &quot;La Roca State&quot; &#8211; Grains, 500g 33,00&nbsp;&euro; Mise \u00e0 jour le panier Appliquer le code promo Totaux du panier Sous-total 93,00&nbsp;&euro; Exp\u00e9dition Livraison gratuite Livraison [&hellip;]<\/p>\n","protected":false},"author":1,"featured_media":0,"parent":0,"menu_order":0,"comment_status":"closed","ping_status":"closed","template":"elementor_header_footer","meta":{"site-sidebar-layout":"no-sidebar","site-content-layout":"page-builder","ast-site-content-layout":"default","site-content-style":"default","site-sidebar-style":"default","ast-global-header-display":"","ast-banner-title-visibility":"","ast-main-header-display":"","ast-hfb-above-header-display":"","ast-hfb-below-header-display":"","ast-hfb-mobile-header-display":"","site-post-title":"disabled","ast-breadcrumbs-content":"","ast-featured-img":"disabled","footer-sml-layout":"","ast-disable-related-posts":"","theme-transparent-header-meta":"","adv-header-id-meta":"","stick-header-meta":"","header-above-stick-meta":"","header-main-stick-meta":"","header-below-stick-meta":"","astra-migrate-meta-layouts":"default","ast-page-background-enabled":"default","ast-page-background-meta":{"desktop":{"background-color":"","background-image":"","background-repeat":"repeat","background-position":"center center","background-size":"auto","background-attachment":"scroll","background-type":"","background-media":"","overlay-type":"","overlay-color":"","overlay-opacity":"","overlay-gradient":""},"tablet":{"background-color":"","background-image":"","background-repeat":"repeat","background-position":"center center","background-size":"auto","background-attachment":"scroll","background-type":"","background-media":"","overlay-type":"","overlay-color":"","overlay-opacity":"","overlay-gradient":""},"mobile":{"background-color":"","background-image":"","background-repeat":"repeat","background-position":"center center","background-size":"auto","background-attachment":"scroll","background-type":"","background-media":"","overlay-type":"","overlay-color":"","overlay-opacity":"","overlay-gradient":""}},"ast-content-background-meta":{"desktop":{"background-color":"var(--ast-global-color-5)","background-image":"","background-repeat":"repeat","background-position":"center center","background-size":"auto","background-attachment":"scroll","background-type":"","background-media":"","overlay-type":"","overlay-color":"","overlay-opacity":"","overlay-gradient":""},"tablet":{"background-color":"var(--ast-global-color-5)","background-image":"","background-repeat":"repeat","background-position":"center center","background-size":"auto","background-attachment":"scroll","background-type":"","background-media":"","overlay-type":"","overlay-color":"","overlay-opacity":"","overlay-gradient":""},"mobile":{"background-color":"var(--ast-global-color-5)","background-image":"","background-repeat":"repeat","background-position":"center center","background-size":"auto","background-attachment":"scroll","background-type":"","background-media":"","overlay-type":"","overlay-color":"","overlay-opacity":"","overlay-gradient":""}},"footnotes":""},"class_list":["post-554","page","type-page","status-publish","hentry"],"yoast_head":"<!-- This site is optimized with the Yoast SEO plugin v27.4 - https:\/\/yoast.com\/product\/yoast-seo-wordpress\/ -->\n<title>Panier &#8211; Caf\u00e9 Colombia Roastery Shop<\/title>\n<meta name=\"robots\" content=\"noindex, nofollow\" \/>\n<meta property=\"og:locale\" content=\"nl_BE\" \/>\n<meta property=\"og:type\" content=\"article\" \/>\n<meta property=\"og:title\" content=\"Panier &#8211; Caf\u00e9 Colombia Roastery Shop\" \/>\n<meta property=\"og:description\" content=\"Panier Supprimer l\u2019\u00e9l\u00e9ment Miniature Produit Prix Quantit\u00e9 Sous-total Creamer Z Hario 30,00&nbsp;&euro; quantit\u00e9 de Creamer Z Hario 60,00&nbsp;&euro; Colombia Excepcional &#8220;La Roca State&#8221; Mouture: Grains 33,00&nbsp;&euro; quantit\u00e9 de Colombia Excepcional &quot;La Roca State&quot; &#8211; Grains, 500g 33,00&nbsp;&euro; Mise \u00e0 jour le panier Appliquer le code promo Totaux du panier Sous-total 93,00&nbsp;&euro; Exp\u00e9dition Livraison gratuite Livraison [&hellip;]\" \/>\n<meta property=\"og:url\" content=\"https:\/\/cafecolombia.be\/nl\/mand\/\" \/>\n<meta property=\"og:site_name\" content=\"Caf\u00e9 Colombia Roastery Shop\" \/>\n<meta property=\"article:publisher\" content=\"https:\/\/www.facebook.com\/cafecolombiaroasteryshop\/\" \/>\n<meta property=\"article:modified_time\" content=\"2023-06-29T20:28:48+00:00\" \/>\n<meta property=\"og:image\" content=\"https:\/\/cafecolombia.be\/wp-content\/uploads\/2023\/04\/CZ-1BR.jpeg\" \/>\n<meta name=\"twitter:card\" content=\"summary_large_image\" \/>\n<meta name=\"twitter:label1\" content=\"Geschatte leestijd\" \/>\n\t<meta name=\"twitter:data1\" content=\"1 minuut\" \/>\n<script type=\"application\/ld+json\" class=\"yoast-schema-graph\">{\"@context\":\"https:\\\/\\\/schema.org\",\"@graph\":[{\"@type\":\"WebPage\",\"@id\":\"https:\\\/\\\/cafecolombia.be\\\/panier\\\/\",\"url\":\"https:\\\/\\\/cafecolombia.be\\\/panier\\\/\",\"name\":\"Panier &#8211; Caf\u00e9 Colombia Roastery Shop\",\"isPartOf\":{\"@id\":\"https:\\\/\\\/cafecolombia.be\\\/#website\"},\"primaryImageOfPage\":{\"@id\":\"https:\\\/\\\/cafecolombia.be\\\/panier\\\/#primaryimage\"},\"image\":{\"@id\":\"https:\\\/\\\/cafecolombia.be\\\/panier\\\/#primaryimage\"},\"thumbnailUrl\":\"https:\\\/\\\/cafecolombia.be\\\/wp-content\\\/uploads\\\/2023\\\/04\\\/CZ-1BR.jpeg\",\"datePublished\":\"2020-09-10T06:03:46+00:00\",\"dateModified\":\"2023-06-29T20:28:48+00:00\",\"breadcrumb\":{\"@id\":\"https:\\\/\\\/cafecolombia.be\\\/panier\\\/#breadcrumb\"},\"inLanguage\":\"nl-BE\",\"potentialAction\":[{\"@type\":\"ReadAction\",\"target\":[\"https:\\\/\\\/cafecolombia.be\\\/panier\\\/\"]}]},{\"@type\":\"ImageObject\",\"inLanguage\":\"nl-BE\",\"@id\":\"https:\\\/\\\/cafecolombia.be\\\/panier\\\/#primaryimage\",\"url\":\"https:\\\/\\\/cafecolombia.be\\\/wp-content\\\/uploads\\\/2023\\\/04\\\/CZ-1BR.jpeg\",\"contentUrl\":\"https:\\\/\\\/cafecolombia.be\\\/wp-content\\\/uploads\\\/2023\\\/04\\\/CZ-1BR.jpeg\"},{\"@type\":\"BreadcrumbList\",\"@id\":\"https:\\\/\\\/cafecolombia.be\\\/panier\\\/#breadcrumb\",\"itemListElement\":[{\"@type\":\"ListItem\",\"position\":1,\"name\":\"Accueil\",\"item\":\"https:\\\/\\\/cafecolombia.be\\\/\"},{\"@type\":\"ListItem\",\"position\":2,\"name\":\"Panier\"}]},{\"@type\":\"WebSite\",\"@id\":\"https:\\\/\\\/cafecolombia.be\\\/#website\",\"url\":\"https:\\\/\\\/cafecolombia.be\\\/\",\"name\":\"Caf\u00e9 Colombia Roastery Shop\",\"description\":\"Pourquoi r\u00e9sister \u00e0 l&#039;envie d&#039;un bon caf\u00e9 ? Offrez-vous ce plaisir.\",\"publisher\":{\"@id\":\"https:\\\/\\\/cafecolombia.be\\\/#organization\"},\"potentialAction\":[{\"@type\":\"SearchAction\",\"target\":{\"@type\":\"EntryPoint\",\"urlTemplate\":\"https:\\\/\\\/cafecolombia.be\\\/?s={search_term_string}\"},\"query-input\":{\"@type\":\"PropertyValueSpecification\",\"valueRequired\":true,\"valueName\":\"search_term_string\"}}],\"inLanguage\":\"nl-BE\"},{\"@type\":\"Organization\",\"@id\":\"https:\\\/\\\/cafecolombia.be\\\/#organization\",\"name\":\"Caf\u00e9 Colombia Roastery Shop\",\"url\":\"https:\\\/\\\/cafecolombia.be\\\/\",\"logo\":{\"@type\":\"ImageObject\",\"inLanguage\":\"nl-BE\",\"@id\":\"https:\\\/\\\/cafecolombia.be\\\/#\\\/schema\\\/logo\\\/image\\\/\",\"url\":\"https:\\\/\\\/cafecolombia.be\\\/wp-content\\\/uploads\\\/2022\\\/08\\\/logo-cafe-colombia-roastery-shop.png\",\"contentUrl\":\"https:\\\/\\\/cafecolombia.be\\\/wp-content\\\/uploads\\\/2022\\\/08\\\/logo-cafe-colombia-roastery-shop.png\",\"width\":500,\"height\":500,\"caption\":\"Caf\u00e9 Colombia Roastery Shop\"},\"image\":{\"@id\":\"https:\\\/\\\/cafecolombia.be\\\/#\\\/schema\\\/logo\\\/image\\\/\"},\"sameAs\":[\"https:\\\/\\\/www.facebook.com\\\/cafecolombiaroasteryshop\\\/\",\"https:\\\/\\\/www.instagram.com\\\/cafecolombiaroasteryshop\\\/\",\"https:\\\/\\\/www.linkedin.com\\\/company\\\/cafe-colombia\\\/\"]}]}<\/script>\n<!-- \/ Yoast SEO plugin. -->","yoast_head_json":{"title":"Panier \u2013 Caf\u00e9 Colombia Roastery Shop","robots":{"index":"noindex","follow":"nofollow"},"og_locale":"nl_BE","og_type":"article","og_title":"Panier &#8211; Caf\u00e9 Colombia Roastery Shop","og_description":"Panier Supprimer l\u2019\u00e9l\u00e9ment Miniature Produit Prix Quantit\u00e9 Sous-total Creamer Z Hario 30,00&nbsp;&euro; quantit\u00e9 de Creamer Z Hario 60,00&nbsp;&euro; Colombia Excepcional &#8220;La Roca State&#8221; Mouture: Grains 33,00&nbsp;&euro; quantit\u00e9 de Colombia Excepcional &quot;La Roca State&quot; &#8211; Grains, 500g 33,00&nbsp;&euro; Mise \u00e0 jour le panier Appliquer le code promo Totaux du panier Sous-total 93,00&nbsp;&euro; Exp\u00e9dition Livraison gratuite Livraison [&hellip;]","og_url":"https:\/\/cafecolombia.be\/nl\/mand\/","og_site_name":"Caf\u00e9 Colombia Roastery Shop","article_publisher":"https:\/\/www.facebook.com\/cafecolombiaroasteryshop\/","article_modified_time":"2023-06-29T20:28:48+00:00","og_image":[{"url":"https:\/\/cafecolombia.be\/wp-content\/uploads\/2023\/04\/CZ-1BR.jpeg","type":"","width":"","height":""}],"twitter_card":"summary_large_image","twitter_misc":{"Geschatte leestijd":"1 minuut"},"schema":{"@context":"https:\/\/schema.org","@graph":[{"@type":"WebPage","@id":"https:\/\/cafecolombia.be\/panier\/","url":"https:\/\/cafecolombia.be\/panier\/","name":"Panier \u2013 Caf\u00e9 Colombia Roastery Shop","isPartOf":{"@id":"https:\/\/cafecolombia.be\/#website"},"primaryImageOfPage":{"@id":"https:\/\/cafecolombia.be\/panier\/#primaryimage"},"image":{"@id":"https:\/\/cafecolombia.be\/panier\/#primaryimage"},"thumbnailUrl":"https:\/\/cafecolombia.be\/wp-content\/uploads\/2023\/04\/CZ-1BR.jpeg","datePublished":"2020-09-10T06:03:46+00:00","dateModified":"2023-06-29T20:28:48+00:00","breadcrumb":{"@id":"https:\/\/cafecolombia.be\/panier\/#breadcrumb"},"inLanguage":"nl-BE","potentialAction":[{"@type":"ReadAction","target":["https:\/\/cafecolombia.be\/panier\/"]}]},{"@type":"ImageObject","inLanguage":"nl-BE","@id":"https:\/\/cafecolombia.be\/panier\/#primaryimage","url":"https:\/\/cafecolombia.be\/wp-content\/uploads\/2023\/04\/CZ-1BR.jpeg","contentUrl":"https:\/\/cafecolombia.be\/wp-content\/uploads\/2023\/04\/CZ-1BR.jpeg"},{"@type":"BreadcrumbList","@id":"https:\/\/cafecolombia.be\/panier\/#breadcrumb","itemListElement":[{"@type":"ListItem","position":1,"name":"Accueil","item":"https:\/\/cafecolombia.be\/"},{"@type":"ListItem","position":2,"name":"Panier"}]},{"@type":"WebSite","@id":"https:\/\/cafecolombia.be\/#website","url":"https:\/\/cafecolombia.be\/","name":"Caf\u00e9 Colombia Roastery Shop","description":"Waarom zou je de verleiding van een lekker kopje koffie weerstaan? Gun jezelf dit genot.","publisher":{"@id":"https:\/\/cafecolombia.be\/#organization"},"potentialAction":[{"@type":"SearchAction","target":{"@type":"EntryPoint","urlTemplate":"https:\/\/cafecolombia.be\/?s={search_term_string}"},"query-input":{"@type":"PropertyValueSpecification","valueRequired":true,"valueName":"search_term_string"}}],"inLanguage":"nl-BE"},{"@type":"Organization","@id":"https:\/\/cafecolombia.be\/#organization","name":"Caf\u00e9 Colombia Roastery Shop","url":"https:\/\/cafecolombia.be\/","logo":{"@type":"ImageObject","inLanguage":"nl-BE","@id":"https:\/\/cafecolombia.be\/#\/schema\/logo\/image\/","url":"https:\/\/cafecolombia.be\/wp-content\/uploads\/2022\/08\/logo-cafe-colombia-roastery-shop.png","contentUrl":"https:\/\/cafecolombia.be\/wp-content\/uploads\/2022\/08\/logo-cafe-colombia-roastery-shop.png","width":500,"height":500,"caption":"Caf\u00e9 Colombia Roastery Shop"},"image":{"@id":"https:\/\/cafecolombia.be\/#\/schema\/logo\/image\/"},"sameAs":["https:\/\/www.facebook.com\/cafecolombiaroasteryshop\/","https:\/\/www.instagram.com\/cafecolombiaroasteryshop\/","https:\/\/www.linkedin.com\/company\/cafe-colombia\/"]}]}},"_links":{"self":[{"href":"https:\/\/cafecolombia.be\/nl\/wp-json\/wp\/v2\/pages\/554","targetHints":{"allow":["GET"]}}],"collection":[{"href":"https:\/\/cafecolombia.be\/nl\/wp-json\/wp\/v2\/pages"}],"about":[{"href":"https:\/\/cafecolombia.be\/nl\/wp-json\/wp\/v2\/types\/page"}],"author":[{"embeddable":true,"href":"https:\/\/cafecolombia.be\/nl\/wp-json\/wp\/v2\/users\/1"}],"replies":[{"embeddable":true,"href":"https:\/\/cafecolombia.be\/nl\/wp-json\/wp\/v2\/comments?post=554"}],"version-history":[{"count":4,"href":"https:\/\/cafecolombia.be\/nl\/wp-json\/wp\/v2\/pages\/554\/revisions"}],"predecessor-version":[{"id":4250,"href":"https:\/\/cafecolombia.be\/nl\/wp-json\/wp\/v2\/pages\/554\/revisions\/4250"}],"wp:attachment":[{"href":"https:\/\/cafecolombia.be\/nl\/wp-json\/wp\/v2\/media?parent=554"}],"curies":[{"name":"wp","href":"https:\/\/api.w.org\/{rel}","templated":true}]}}