{"id":1336,"date":"2022-08-26T22:34:30","date_gmt":"2022-08-26T20:34:30","guid":{"rendered":"https:\/\/cafecolombia.be\/?page_id=1336"},"modified":"2022-09-18T17:18:46","modified_gmt":"2022-09-18T15:18:46","slug":"wettelijke-vermeldingen","status":"publish","type":"page","link":"https:\/\/cafecolombia.be\/nl\/mentions-legales\/","title":{"rendered":"Juridische informatie"},"content":{"rendered":"<div data-elementor-type=\"wp-page\" data-elementor-id=\"1336\" class=\"elementor elementor-1336\" data-elementor-post-type=\"page\">\n\t\t\t\t\t\t<section class=\"elementor-section elementor-top-section elementor-element elementor-element-701b7d92 elementor-section-boxed elementor-section-height-default elementor-section-height-default\" data-id=\"701b7d92\" data-element_type=\"section\" data-e-type=\"section\">\n\t\t\t\t\t\t<div class=\"elementor-container elementor-column-gap-default\">\n\t\t\t\t\t<div class=\"elementor-column elementor-col-100 elementor-top-column elementor-element elementor-element-5e9c4c99\" data-id=\"5e9c4c99\" data-element_type=\"column\" data-e-type=\"column\">\n\t\t\t<div class=\"elementor-widget-wrap elementor-element-populated\">\n\t\t\t\t\t\t<div class=\"elementor-element elementor-element-90ce262 elementor-widget elementor-widget-heading\" data-id=\"90ce262\" data-element_type=\"widget\" data-e-type=\"widget\" data-widget_type=\"heading.default\">\n\t\t\t\t<div class=\"elementor-widget-container\">\n\t\t\t\t\t<h1 class=\"elementor-heading-title elementor-size-default\">Wettelijke kennisgeving<\/h1>\t\t\t\t<\/div>\n\t\t\t\t<\/div>\n\t\t\t\t<div class=\"elementor-element elementor-element-39d716a1 elementor-widget elementor-widget-text-editor\" data-id=\"39d716a1\" data-element_type=\"widget\" data-e-type=\"widget\" data-widget_type=\"text-editor.default\">\n\t\t\t\t<div class=\"elementor-widget-container\">\n\t\t\t\t\t\t\t\t\t\n<p>Le pr\u00e9sent site (cafecolombia.be) est d\u00e9tenu et exploit\u00e9 par CAFE COLOMBIA SRL (ci-apr\u00e8s Site Web). L&rsquo;acc\u00e8s \u00e0 ce Site Web et l&rsquo;utilisation que vous en faites d\u00e9pendent de votre acceptation et de votre respect des mentions et renonciations \u00e9nonc\u00e9es ci-dessous et ailleurs sur le Site Web. En utilisant le Site Web, vous serez r\u00e9put\u00e9 avoir accept\u00e9 les pr\u00e9sentes mentions.<\/p>\n\n<h2 class=\"wp-block-heading\" id=\"editor\">UITGEVER<\/h2>\n\n<p>De verantwoordelijke redacteur van de website lemarmiton.be is:<\/p>\n\n<p>CAFE COLOMBIA SRL<br \/>Hoofdkantoor : Av. Mar\u00e9chal Foch 89, 1030 Schaerbeek, Bruxelles<br \/>Telefoon: +32 2 688 36 79<br \/>E-mailadres : info@cafecolombia.be<\/p>\n\n<h2 class=\"wp-block-heading\" id=\"host\">EMBEDDERS<\/h2>\n\n<p>Deze site wordt gehost door Hostinger International Ltd, 61 Lordou Vironos st. 6023 Larnaca. Voor meer informatie kunt u terecht op <a href=\"http:\/\/www.hostinger.nl\">www.hostinger.nl<\/a>.<\/p>\n\n<h2 class=\"wp-block-heading\" id=\"cookies\">COOKIES<\/h2>\n\n<p>Deze site gebruikt cookies. Dit zijn bestanden met een identificatiecode die van een webserver naar de webbrowser worden gestuurd en vervolgens op de computer van de gebruiker worden opgeslagen.<br \/>Ze kunnen worden gebruikt om de toegang te vergemakkelijken en het traject van de gebruiker op de site te volgen. Tijdens de raadpleging van de site kan de gebruiker ook cookies van derden ontvangen, met name van Google Analytics. Met deze oplossing kunnen wij het gebruik van de site analyseren en raadplegingsstatistieken genereren.<\/p>\n\t\t\t\t\t\t\t\t<\/div>\n\t\t\t\t<\/div>\n\t\t\t\t\t<\/div>\n\t\t<\/div>\n\t\t\t\t\t<\/div>\n\t\t<\/section>\n\t\t\t\t<\/div>","protected":false},"excerpt":{"rendered":"<p>Mentions legales Le pr\u00e9sent site (cafecolombia.be) est d\u00e9tenu et exploit\u00e9 par CAFE COLOMBIA SRL (ci-apr\u00e8s Site Web). L&rsquo;acc\u00e8s \u00e0 ce Site Web et l&rsquo;utilisation que vous en faites d\u00e9pendent de votre acceptation et de votre respect des mentions et renonciations \u00e9nonc\u00e9es ci-dessous et ailleurs sur le Site Web. En utilisant le Site Web, vous serez [&hellip;]<\/p>\n","protected":false},"author":1,"featured_media":0,"parent":0,"menu_order":0,"comment_status":"closed","ping_status":"open","template":"elementor_header_footer","meta":{"site-sidebar-layout":"default","site-content-layout":"","ast-site-content-layout":"default","site-content-style":"default","site-sidebar-style":"default","ast-global-header-display":"","ast-banner-title-visibility":"","ast-main-header-display":"","ast-hfb-above-header-display":"","ast-hfb-below-header-display":"","ast-hfb-mobile-header-display":"","site-post-title":"","ast-breadcrumbs-content":"","ast-featured-img":"","footer-sml-layout":"","ast-disable-related-posts":"","theme-transparent-header-meta":"","adv-header-id-meta":"","stick-header-meta":"","header-above-stick-meta":"","header-main-stick-meta":"","header-below-stick-meta":"","astra-migrate-meta-layouts":"default","ast-page-background-enabled":"default","ast-page-background-meta":{"desktop":{"background-color":"","background-image":"","background-repeat":"repeat","background-position":"center center","background-size":"auto","background-attachment":"scroll","background-type":"","background-media":"","overlay-type":"","overlay-color":"","overlay-opacity":"","overlay-gradient":""},"tablet":{"background-color":"","background-image":"","background-repeat":"repeat","background-position":"center center","background-size":"auto","background-attachment":"scroll","background-type":"","background-media":"","overlay-type":"","overlay-color":"","overlay-opacity":"","overlay-gradient":""},"mobile":{"background-color":"","background-image":"","background-repeat":"repeat","background-position":"center center","background-size":"auto","background-attachment":"scroll","background-type":"","background-media":"","overlay-type":"","overlay-color":"","overlay-opacity":"","overlay-gradient":""}},"ast-content-background-meta":{"desktop":{"background-color":"var(--ast-global-color-5)","background-image":"","background-repeat":"repeat","background-position":"center center","background-size":"auto","background-attachment":"scroll","background-type":"","background-media":"","overlay-type":"","overlay-color":"","overlay-opacity":"","overlay-gradient":""},"tablet":{"background-color":"var(--ast-global-color-5)","background-image":"","background-repeat":"repeat","background-position":"center center","background-size":"auto","background-attachment":"scroll","background-type":"","background-media":"","overlay-type":"","overlay-color":"","overlay-opacity":"","overlay-gradient":""},"mobile":{"background-color":"var(--ast-global-color-5)","background-image":"","background-repeat":"repeat","background-position":"center center","background-size":"auto","background-attachment":"scroll","background-type":"","background-media":"","overlay-type":"","overlay-color":"","overlay-opacity":"","overlay-gradient":""}},"footnotes":""},"class_list":["post-1336","page","type-page","status-publish","hentry"],"yoast_head":"<!-- This site is optimized with the Yoast SEO plugin v27.4 - https:\/\/yoast.com\/product\/yoast-seo-wordpress\/ -->\n<title>Mentions l\u00e9gales &#8211; Caf\u00e9 Colombia Roastery Shop<\/title>\n<meta name=\"robots\" content=\"noindex, nofollow\" \/>\n<meta property=\"og:locale\" content=\"nl_BE\" \/>\n<meta property=\"og:type\" content=\"article\" \/>\n<meta property=\"og:title\" content=\"Mentions l\u00e9gales &#8211; Caf\u00e9 Colombia Roastery Shop\" \/>\n<meta property=\"og:description\" content=\"Mentions legales Le pr\u00e9sent site (cafecolombia.be) est d\u00e9tenu et exploit\u00e9 par CAFE COLOMBIA SRL (ci-apr\u00e8s Site Web). L&rsquo;acc\u00e8s \u00e0 ce Site Web et l&rsquo;utilisation que vous en faites d\u00e9pendent de votre acceptation et de votre respect des mentions et renonciations \u00e9nonc\u00e9es ci-dessous et ailleurs sur le Site Web. En utilisant le Site Web, vous serez [&hellip;]\" \/>\n<meta property=\"og:url\" content=\"https:\/\/cafecolombia.be\/nl\/wettelijke-vermeldingen\/\" \/>\n<meta property=\"og:site_name\" content=\"Caf\u00e9 Colombia Roastery Shop\" \/>\n<meta property=\"article:publisher\" content=\"https:\/\/www.facebook.com\/cafecolombiaroasteryshop\/\" \/>\n<meta property=\"article:modified_time\" content=\"2022-09-18T15:18:46+00:00\" \/>\n<meta name=\"twitter:card\" content=\"summary_large_image\" \/>\n<meta name=\"twitter:label1\" content=\"Geschatte leestijd\" \/>\n\t<meta name=\"twitter:data1\" content=\"1 minuut\" \/>\n<script type=\"application\/ld+json\" class=\"yoast-schema-graph\">{\"@context\":\"https:\\\/\\\/schema.org\",\"@graph\":[{\"@type\":\"WebPage\",\"@id\":\"https:\\\/\\\/cafecolombia.be\\\/mentions-legales\\\/\",\"url\":\"https:\\\/\\\/cafecolombia.be\\\/mentions-legales\\\/\",\"name\":\"Mentions l\u00e9gales &#8211; Caf\u00e9 Colombia Roastery Shop\",\"isPartOf\":{\"@id\":\"https:\\\/\\\/cafecolombia.be\\\/#website\"},\"datePublished\":\"2022-08-26T20:34:30+00:00\",\"dateModified\":\"2022-09-18T15:18:46+00:00\",\"breadcrumb\":{\"@id\":\"https:\\\/\\\/cafecolombia.be\\\/mentions-legales\\\/#breadcrumb\"},\"inLanguage\":\"nl-BE\",\"potentialAction\":[{\"@type\":\"ReadAction\",\"target\":[\"https:\\\/\\\/cafecolombia.be\\\/mentions-legales\\\/\"]}]},{\"@type\":\"BreadcrumbList\",\"@id\":\"https:\\\/\\\/cafecolombia.be\\\/mentions-legales\\\/#breadcrumb\",\"itemListElement\":[{\"@type\":\"ListItem\",\"position\":1,\"name\":\"Accueil\",\"item\":\"https:\\\/\\\/cafecolombia.be\\\/\"},{\"@type\":\"ListItem\",\"position\":2,\"name\":\"Mentions l\u00e9gales\"}]},{\"@type\":\"WebSite\",\"@id\":\"https:\\\/\\\/cafecolombia.be\\\/#website\",\"url\":\"https:\\\/\\\/cafecolombia.be\\\/\",\"name\":\"Caf\u00e9 Colombia Roastery Shop\",\"description\":\"Pourquoi r\u00e9sister \u00e0 l&#039;envie d&#039;un bon caf\u00e9 ? Offrez-vous ce plaisir.\",\"publisher\":{\"@id\":\"https:\\\/\\\/cafecolombia.be\\\/#organization\"},\"potentialAction\":[{\"@type\":\"SearchAction\",\"target\":{\"@type\":\"EntryPoint\",\"urlTemplate\":\"https:\\\/\\\/cafecolombia.be\\\/?s={search_term_string}\"},\"query-input\":{\"@type\":\"PropertyValueSpecification\",\"valueRequired\":true,\"valueName\":\"search_term_string\"}}],\"inLanguage\":\"nl-BE\"},{\"@type\":\"Organization\",\"@id\":\"https:\\\/\\\/cafecolombia.be\\\/#organization\",\"name\":\"Caf\u00e9 Colombia Roastery Shop\",\"url\":\"https:\\\/\\\/cafecolombia.be\\\/\",\"logo\":{\"@type\":\"ImageObject\",\"inLanguage\":\"nl-BE\",\"@id\":\"https:\\\/\\\/cafecolombia.be\\\/#\\\/schema\\\/logo\\\/image\\\/\",\"url\":\"https:\\\/\\\/cafecolombia.be\\\/wp-content\\\/uploads\\\/2022\\\/08\\\/logo-cafe-colombia-roastery-shop.png\",\"contentUrl\":\"https:\\\/\\\/cafecolombia.be\\\/wp-content\\\/uploads\\\/2022\\\/08\\\/logo-cafe-colombia-roastery-shop.png\",\"width\":500,\"height\":500,\"caption\":\"Caf\u00e9 Colombia Roastery Shop\"},\"image\":{\"@id\":\"https:\\\/\\\/cafecolombia.be\\\/#\\\/schema\\\/logo\\\/image\\\/\"},\"sameAs\":[\"https:\\\/\\\/www.facebook.com\\\/cafecolombiaroasteryshop\\\/\",\"https:\\\/\\\/www.instagram.com\\\/cafecolombiaroasteryshop\\\/\",\"https:\\\/\\\/www.linkedin.com\\\/company\\\/cafe-colombia\\\/\"]}]}<\/script>\n<!-- \/ Yoast SEO plugin. -->","yoast_head_json":{"title":"Mentions l\u00e9gales \u2013 Caf\u00e9 Colombia Roastery Shop","robots":{"index":"noindex","follow":"nofollow"},"og_locale":"nl_BE","og_type":"article","og_title":"Mentions l\u00e9gales &#8211; Caf\u00e9 Colombia Roastery Shop","og_description":"Mentions legales Le pr\u00e9sent site (cafecolombia.be) est d\u00e9tenu et exploit\u00e9 par CAFE COLOMBIA SRL (ci-apr\u00e8s Site Web). L&rsquo;acc\u00e8s \u00e0 ce Site Web et l&rsquo;utilisation que vous en faites d\u00e9pendent de votre acceptation et de votre respect des mentions et renonciations \u00e9nonc\u00e9es ci-dessous et ailleurs sur le Site Web. En utilisant le Site Web, vous serez [&hellip;]","og_url":"https:\/\/cafecolombia.be\/nl\/wettelijke-vermeldingen\/","og_site_name":"Caf\u00e9 Colombia Roastery Shop","article_publisher":"https:\/\/www.facebook.com\/cafecolombiaroasteryshop\/","article_modified_time":"2022-09-18T15:18:46+00:00","twitter_card":"summary_large_image","twitter_misc":{"Geschatte leestijd":"1 minuut"},"schema":{"@context":"https:\/\/schema.org","@graph":[{"@type":"WebPage","@id":"https:\/\/cafecolombia.be\/mentions-legales\/","url":"https:\/\/cafecolombia.be\/mentions-legales\/","name":"Mentions l\u00e9gales \u2013 Caf\u00e9 Colombia Roastery Shop","isPartOf":{"@id":"https:\/\/cafecolombia.be\/#website"},"datePublished":"2022-08-26T20:34:30+00:00","dateModified":"2022-09-18T15:18:46+00:00","breadcrumb":{"@id":"https:\/\/cafecolombia.be\/mentions-legales\/#breadcrumb"},"inLanguage":"nl-BE","potentialAction":[{"@type":"ReadAction","target":["https:\/\/cafecolombia.be\/mentions-legales\/"]}]},{"@type":"BreadcrumbList","@id":"https:\/\/cafecolombia.be\/mentions-legales\/#breadcrumb","itemListElement":[{"@type":"ListItem","position":1,"name":"Accueil","item":"https:\/\/cafecolombia.be\/"},{"@type":"ListItem","position":2,"name":"Mentions l\u00e9gales"}]},{"@type":"WebSite","@id":"https:\/\/cafecolombia.be\/#website","url":"https:\/\/cafecolombia.be\/","name":"Caf\u00e9 Colombia Roastery Shop","description":"Waarom zou je de verleiding van een lekker kopje koffie weerstaan? Gun jezelf dit genot.","publisher":{"@id":"https:\/\/cafecolombia.be\/#organization"},"potentialAction":[{"@type":"SearchAction","target":{"@type":"EntryPoint","urlTemplate":"https:\/\/cafecolombia.be\/?s={search_term_string}"},"query-input":{"@type":"PropertyValueSpecification","valueRequired":true,"valueName":"search_term_string"}}],"inLanguage":"nl-BE"},{"@type":"Organization","@id":"https:\/\/cafecolombia.be\/#organization","name":"Caf\u00e9 Colombia Roastery Shop","url":"https:\/\/cafecolombia.be\/","logo":{"@type":"ImageObject","inLanguage":"nl-BE","@id":"https:\/\/cafecolombia.be\/#\/schema\/logo\/image\/","url":"https:\/\/cafecolombia.be\/wp-content\/uploads\/2022\/08\/logo-cafe-colombia-roastery-shop.png","contentUrl":"https:\/\/cafecolombia.be\/wp-content\/uploads\/2022\/08\/logo-cafe-colombia-roastery-shop.png","width":500,"height":500,"caption":"Caf\u00e9 Colombia Roastery Shop"},"image":{"@id":"https:\/\/cafecolombia.be\/#\/schema\/logo\/image\/"},"sameAs":["https:\/\/www.facebook.com\/cafecolombiaroasteryshop\/","https:\/\/www.instagram.com\/cafecolombiaroasteryshop\/","https:\/\/www.linkedin.com\/company\/cafe-colombia\/"]}]}},"_links":{"self":[{"href":"https:\/\/cafecolombia.be\/nl\/wp-json\/wp\/v2\/pages\/1336","targetHints":{"allow":["GET"]}}],"collection":[{"href":"https:\/\/cafecolombia.be\/nl\/wp-json\/wp\/v2\/pages"}],"about":[{"href":"https:\/\/cafecolombia.be\/nl\/wp-json\/wp\/v2\/types\/page"}],"author":[{"embeddable":true,"href":"https:\/\/cafecolombia.be\/nl\/wp-json\/wp\/v2\/users\/1"}],"replies":[{"embeddable":true,"href":"https:\/\/cafecolombia.be\/nl\/wp-json\/wp\/v2\/comments?post=1336"}],"version-history":[{"count":1,"href":"https:\/\/cafecolombia.be\/nl\/wp-json\/wp\/v2\/pages\/1336\/revisions"}],"predecessor-version":[{"id":4248,"href":"https:\/\/cafecolombia.be\/nl\/wp-json\/wp\/v2\/pages\/1336\/revisions\/4248"}],"wp:attachment":[{"href":"https:\/\/cafecolombia.be\/nl\/wp-json\/wp\/v2\/media?parent=1336"}],"curies":[{"name":"wp","href":"https:\/\/api.w.org\/{rel}","templated":true}]}}