{"id":1331,"date":"2022-08-26T22:01:08","date_gmt":"2022-08-26T20:01:08","guid":{"rendered":"https:\/\/cafecolombia.be\/?page_id=1331"},"modified":"2022-09-18T17:20:15","modified_gmt":"2022-09-18T15:20:15","slug":"leveringsvoorwaarden","status":"publish","type":"page","link":"https:\/\/cafecolombia.be\/nl\/politique-de-livraison\/","title":{"rendered":"Leveringsbeleid"},"content":{"rendered":"<div data-elementor-type=\"wp-page\" data-elementor-id=\"1331\" class=\"elementor elementor-1331\" data-elementor-post-type=\"page\">\n\t\t\t\t\t\t<section class=\"elementor-section elementor-top-section elementor-element elementor-element-5fc2b6c9 elementor-section-boxed elementor-section-height-default elementor-section-height-default\" data-id=\"5fc2b6c9\" data-element_type=\"section\" data-e-type=\"section\">\n\t\t\t\t\t\t<div class=\"elementor-container elementor-column-gap-default\">\n\t\t\t\t\t<div class=\"elementor-column elementor-col-100 elementor-top-column elementor-element elementor-element-23574de3\" data-id=\"23574de3\" data-element_type=\"column\" data-e-type=\"column\">\n\t\t\t<div class=\"elementor-widget-wrap elementor-element-populated\">\n\t\t\t\t\t\t<div class=\"elementor-element elementor-element-219c473 elementor-widget elementor-widget-heading\" data-id=\"219c473\" data-element_type=\"widget\" data-e-type=\"widget\" data-widget_type=\"heading.default\">\n\t\t\t\t<div class=\"elementor-widget-container\">\n\t\t\t\t\t<h1 class=\"elementor-heading-title elementor-size-default\">Leveringsbeleid<\/h1>\t\t\t\t<\/div>\n\t\t\t\t<\/div>\n\t\t\t\t<div class=\"elementor-element elementor-element-25fd909c elementor-widget elementor-widget-text-editor\" data-id=\"25fd909c\" data-element_type=\"widget\" data-e-type=\"widget\" data-widget_type=\"text-editor.default\">\n\t\t\t\t<div class=\"elementor-widget-container\">\n\t\t\t\t\t\t\t\t\t\n<h2 class=\"wp-block-heading\">Hoe lang duurt het voordat ik mijn bestelling ontvang?<\/h2>\n\n<h4 class=\"wp-block-heading\">Er zijn twee soorten levering, afhankelijk van uw leveringsadres.<\/h4>\n<p>\u00a0<\/p>\n\n<p>1. Voor leveringen in Brussel werken wij met een leveringsdienst op afspraak<\/p>\n<ul class=\"wp-block-list\">\n<li>Als uw artikel op voorraad is, belt een van onze medewerkers u binnen 24 uur na aankoop om een leveringsdatum af te spreken.<\/li>\n<li>Een bestelling die van maandag tot zondag voor 20.00 uur wordt geplaatst, wordt de volgende dag geleverd.<\/li>\n<\/ul>\n<p>2. Voor leveringen buiten Brussel werken wij met Mondial Relay. Als het artikel op voorraad is, gelden deze levertijden:<\/p>\n<ul>\n<li>Een bestelling die op een werkdag voor 20.00 uur wordt geplaatst, wordt de volgende dag geleverd (behalve op feestdagen).<\/li>\n<li>Een bestelling die op zaterdag of zondag voor 20.00 uur wordt geplaatst, wordt op maandag geleverd (behalve op feestdagen).<\/li>\n<li>Wij nodigen u ook uit om contact op te nemen met de klantenservice als u vragen of problemen hebt.<\/li>\n<\/ul>\n\t\t\t\t\t\t\t\t<\/div>\n\t\t\t\t<\/div>\n\t\t\t\t\t<\/div>\n\t\t<\/div>\n\t\t\t\t\t<\/div>\n\t\t<\/section>\n\t\t\t\t<\/div>","protected":false},"excerpt":{"rendered":"<p>Politique de Livraison Combien de temps faudra-t-il pour recevoir ma commande? Il y a deux types de livraison, en fonction de votre adresse de livraison. \u00a0 1. Pour les livraisons \u00e0 Bruxelles, nous travaillons avec un service de livraison sur rendez-vous Si votre article est en stock, l\u2019un de nos collaborateurs vous appellera dans les [&hellip;]<\/p>\n","protected":false},"author":1,"featured_media":0,"parent":0,"menu_order":0,"comment_status":"closed","ping_status":"open","template":"elementor_header_footer","meta":{"site-sidebar-layout":"default","site-content-layout":"","ast-site-content-layout":"default","site-content-style":"default","site-sidebar-style":"default","ast-global-header-display":"","ast-banner-title-visibility":"","ast-main-header-display":"","ast-hfb-above-header-display":"","ast-hfb-below-header-display":"","ast-hfb-mobile-header-display":"","site-post-title":"","ast-breadcrumbs-content":"","ast-featured-img":"","footer-sml-layout":"","ast-disable-related-posts":"","theme-transparent-header-meta":"","adv-header-id-meta":"","stick-header-meta":"","header-above-stick-meta":"","header-main-stick-meta":"","header-below-stick-meta":"","astra-migrate-meta-layouts":"default","ast-page-background-enabled":"default","ast-page-background-meta":{"desktop":{"background-color":"","background-image":"","background-repeat":"repeat","background-position":"center center","background-size":"auto","background-attachment":"scroll","background-type":"","background-media":"","overlay-type":"","overlay-color":"","overlay-opacity":"","overlay-gradient":""},"tablet":{"background-color":"","background-image":"","background-repeat":"repeat","background-position":"center center","background-size":"auto","background-attachment":"scroll","background-type":"","background-media":"","overlay-type":"","overlay-color":"","overlay-opacity":"","overlay-gradient":""},"mobile":{"background-color":"","background-image":"","background-repeat":"repeat","background-position":"center center","background-size":"auto","background-attachment":"scroll","background-type":"","background-media":"","overlay-type":"","overlay-color":"","overlay-opacity":"","overlay-gradient":""}},"ast-content-background-meta":{"desktop":{"background-color":"var(--ast-global-color-5)","background-image":"","background-repeat":"repeat","background-position":"center center","background-size":"auto","background-attachment":"scroll","background-type":"","background-media":"","overlay-type":"","overlay-color":"","overlay-opacity":"","overlay-gradient":""},"tablet":{"background-color":"var(--ast-global-color-5)","background-image":"","background-repeat":"repeat","background-position":"center center","background-size":"auto","background-attachment":"scroll","background-type":"","background-media":"","overlay-type":"","overlay-color":"","overlay-opacity":"","overlay-gradient":""},"mobile":{"background-color":"var(--ast-global-color-5)","background-image":"","background-repeat":"repeat","background-position":"center center","background-size":"auto","background-attachment":"scroll","background-type":"","background-media":"","overlay-type":"","overlay-color":"","overlay-opacity":"","overlay-gradient":""}},"footnotes":""},"class_list":["post-1331","page","type-page","status-publish","hentry"],"yoast_head":"<!-- This site is optimized with the Yoast SEO plugin v27.4 - https:\/\/yoast.com\/product\/yoast-seo-wordpress\/ -->\n<title>Politique de Livraison &#8211; Caf\u00e9 Colombia Roastery Shop<\/title>\n<meta name=\"robots\" content=\"noindex, nofollow\" \/>\n<meta property=\"og:locale\" content=\"nl_BE\" \/>\n<meta property=\"og:type\" content=\"article\" \/>\n<meta property=\"og:title\" content=\"Politique de Livraison &#8211; Caf\u00e9 Colombia Roastery Shop\" \/>\n<meta property=\"og:description\" content=\"Politique de Livraison Combien de temps faudra-t-il pour recevoir ma commande? Il y a deux types de livraison, en fonction de votre adresse de livraison. \u00a0 1. Pour les livraisons \u00e0 Bruxelles, nous travaillons avec un service de livraison sur rendez-vous Si votre article est en stock, l\u2019un de nos collaborateurs vous appellera dans les [&hellip;]\" \/>\n<meta property=\"og:url\" content=\"https:\/\/cafecolombia.be\/nl\/leveringsvoorwaarden\/\" \/>\n<meta property=\"og:site_name\" content=\"Caf\u00e9 Colombia Roastery Shop\" \/>\n<meta property=\"article:publisher\" content=\"https:\/\/www.facebook.com\/cafecolombiaroasteryshop\/\" \/>\n<meta property=\"article:modified_time\" content=\"2022-09-18T15:20:15+00:00\" \/>\n<meta name=\"twitter:card\" content=\"summary_large_image\" \/>\n<meta name=\"twitter:label1\" content=\"Geschatte leestijd\" \/>\n\t<meta name=\"twitter:data1\" content=\"1 minuut\" \/>\n<script type=\"application\/ld+json\" class=\"yoast-schema-graph\">{\"@context\":\"https:\\\/\\\/schema.org\",\"@graph\":[{\"@type\":\"WebPage\",\"@id\":\"https:\\\/\\\/cafecolombia.be\\\/politique-de-livraison\\\/\",\"url\":\"https:\\\/\\\/cafecolombia.be\\\/politique-de-livraison\\\/\",\"name\":\"Politique de Livraison &#8211; Caf\u00e9 Colombia Roastery Shop\",\"isPartOf\":{\"@id\":\"https:\\\/\\\/cafecolombia.be\\\/#website\"},\"datePublished\":\"2022-08-26T20:01:08+00:00\",\"dateModified\":\"2022-09-18T15:20:15+00:00\",\"breadcrumb\":{\"@id\":\"https:\\\/\\\/cafecolombia.be\\\/politique-de-livraison\\\/#breadcrumb\"},\"inLanguage\":\"nl-BE\",\"potentialAction\":[{\"@type\":\"ReadAction\",\"target\":[\"https:\\\/\\\/cafecolombia.be\\\/politique-de-livraison\\\/\"]}]},{\"@type\":\"BreadcrumbList\",\"@id\":\"https:\\\/\\\/cafecolombia.be\\\/politique-de-livraison\\\/#breadcrumb\",\"itemListElement\":[{\"@type\":\"ListItem\",\"position\":1,\"name\":\"Accueil\",\"item\":\"https:\\\/\\\/cafecolombia.be\\\/\"},{\"@type\":\"ListItem\",\"position\":2,\"name\":\"Politique de Livraison\"}]},{\"@type\":\"WebSite\",\"@id\":\"https:\\\/\\\/cafecolombia.be\\\/#website\",\"url\":\"https:\\\/\\\/cafecolombia.be\\\/\",\"name\":\"Caf\u00e9 Colombia Roastery Shop\",\"description\":\"Pourquoi r\u00e9sister \u00e0 l&#039;envie d&#039;un bon caf\u00e9 ? Offrez-vous ce plaisir.\",\"publisher\":{\"@id\":\"https:\\\/\\\/cafecolombia.be\\\/#organization\"},\"potentialAction\":[{\"@type\":\"SearchAction\",\"target\":{\"@type\":\"EntryPoint\",\"urlTemplate\":\"https:\\\/\\\/cafecolombia.be\\\/?s={search_term_string}\"},\"query-input\":{\"@type\":\"PropertyValueSpecification\",\"valueRequired\":true,\"valueName\":\"search_term_string\"}}],\"inLanguage\":\"nl-BE\"},{\"@type\":\"Organization\",\"@id\":\"https:\\\/\\\/cafecolombia.be\\\/#organization\",\"name\":\"Caf\u00e9 Colombia Roastery Shop\",\"url\":\"https:\\\/\\\/cafecolombia.be\\\/\",\"logo\":{\"@type\":\"ImageObject\",\"inLanguage\":\"nl-BE\",\"@id\":\"https:\\\/\\\/cafecolombia.be\\\/#\\\/schema\\\/logo\\\/image\\\/\",\"url\":\"https:\\\/\\\/cafecolombia.be\\\/wp-content\\\/uploads\\\/2022\\\/08\\\/logo-cafe-colombia-roastery-shop.png\",\"contentUrl\":\"https:\\\/\\\/cafecolombia.be\\\/wp-content\\\/uploads\\\/2022\\\/08\\\/logo-cafe-colombia-roastery-shop.png\",\"width\":500,\"height\":500,\"caption\":\"Caf\u00e9 Colombia Roastery Shop\"},\"image\":{\"@id\":\"https:\\\/\\\/cafecolombia.be\\\/#\\\/schema\\\/logo\\\/image\\\/\"},\"sameAs\":[\"https:\\\/\\\/www.facebook.com\\\/cafecolombiaroasteryshop\\\/\",\"https:\\\/\\\/www.instagram.com\\\/cafecolombiaroasteryshop\\\/\",\"https:\\\/\\\/www.linkedin.com\\\/company\\\/cafe-colombia\\\/\"]}]}<\/script>\n<!-- \/ Yoast SEO plugin. -->","yoast_head_json":{"title":"Politique de Livraison \u2013 Caf\u00e9 Colombia Roastery Shop","robots":{"index":"noindex","follow":"nofollow"},"og_locale":"nl_BE","og_type":"article","og_title":"Politique de Livraison &#8211; Caf\u00e9 Colombia Roastery Shop","og_description":"Politique de Livraison Combien de temps faudra-t-il pour recevoir ma commande? Il y a deux types de livraison, en fonction de votre adresse de livraison. \u00a0 1. Pour les livraisons \u00e0 Bruxelles, nous travaillons avec un service de livraison sur rendez-vous Si votre article est en stock, l\u2019un de nos collaborateurs vous appellera dans les [&hellip;]","og_url":"https:\/\/cafecolombia.be\/nl\/leveringsvoorwaarden\/","og_site_name":"Caf\u00e9 Colombia Roastery Shop","article_publisher":"https:\/\/www.facebook.com\/cafecolombiaroasteryshop\/","article_modified_time":"2022-09-18T15:20:15+00:00","twitter_card":"summary_large_image","twitter_misc":{"Geschatte leestijd":"1 minuut"},"schema":{"@context":"https:\/\/schema.org","@graph":[{"@type":"WebPage","@id":"https:\/\/cafecolombia.be\/politique-de-livraison\/","url":"https:\/\/cafecolombia.be\/politique-de-livraison\/","name":"Politique de Livraison \u2013 Caf\u00e9 Colombia Roastery Shop","isPartOf":{"@id":"https:\/\/cafecolombia.be\/#website"},"datePublished":"2022-08-26T20:01:08+00:00","dateModified":"2022-09-18T15:20:15+00:00","breadcrumb":{"@id":"https:\/\/cafecolombia.be\/politique-de-livraison\/#breadcrumb"},"inLanguage":"nl-BE","potentialAction":[{"@type":"ReadAction","target":["https:\/\/cafecolombia.be\/politique-de-livraison\/"]}]},{"@type":"BreadcrumbList","@id":"https:\/\/cafecolombia.be\/politique-de-livraison\/#breadcrumb","itemListElement":[{"@type":"ListItem","position":1,"name":"Accueil","item":"https:\/\/cafecolombia.be\/"},{"@type":"ListItem","position":2,"name":"Politique de Livraison"}]},{"@type":"WebSite","@id":"https:\/\/cafecolombia.be\/#website","url":"https:\/\/cafecolombia.be\/","name":"Caf\u00e9 Colombia Roastery Shop","description":"Waarom zou je de verleiding van een lekker kopje koffie weerstaan? Gun jezelf dit genot.","publisher":{"@id":"https:\/\/cafecolombia.be\/#organization"},"potentialAction":[{"@type":"SearchAction","target":{"@type":"EntryPoint","urlTemplate":"https:\/\/cafecolombia.be\/?s={search_term_string}"},"query-input":{"@type":"PropertyValueSpecification","valueRequired":true,"valueName":"search_term_string"}}],"inLanguage":"nl-BE"},{"@type":"Organization","@id":"https:\/\/cafecolombia.be\/#organization","name":"Caf\u00e9 Colombia Roastery Shop","url":"https:\/\/cafecolombia.be\/","logo":{"@type":"ImageObject","inLanguage":"nl-BE","@id":"https:\/\/cafecolombia.be\/#\/schema\/logo\/image\/","url":"https:\/\/cafecolombia.be\/wp-content\/uploads\/2022\/08\/logo-cafe-colombia-roastery-shop.png","contentUrl":"https:\/\/cafecolombia.be\/wp-content\/uploads\/2022\/08\/logo-cafe-colombia-roastery-shop.png","width":500,"height":500,"caption":"Caf\u00e9 Colombia Roastery Shop"},"image":{"@id":"https:\/\/cafecolombia.be\/#\/schema\/logo\/image\/"},"sameAs":["https:\/\/www.facebook.com\/cafecolombiaroasteryshop\/","https:\/\/www.instagram.com\/cafecolombiaroasteryshop\/","https:\/\/www.linkedin.com\/company\/cafe-colombia\/"]}]}},"_links":{"self":[{"href":"https:\/\/cafecolombia.be\/nl\/wp-json\/wp\/v2\/pages\/1331","targetHints":{"allow":["GET"]}}],"collection":[{"href":"https:\/\/cafecolombia.be\/nl\/wp-json\/wp\/v2\/pages"}],"about":[{"href":"https:\/\/cafecolombia.be\/nl\/wp-json\/wp\/v2\/types\/page"}],"author":[{"embeddable":true,"href":"https:\/\/cafecolombia.be\/nl\/wp-json\/wp\/v2\/users\/1"}],"replies":[{"embeddable":true,"href":"https:\/\/cafecolombia.be\/nl\/wp-json\/wp\/v2\/comments?post=1331"}],"version-history":[{"count":1,"href":"https:\/\/cafecolombia.be\/nl\/wp-json\/wp\/v2\/pages\/1331\/revisions"}],"predecessor-version":[{"id":4256,"href":"https:\/\/cafecolombia.be\/nl\/wp-json\/wp\/v2\/pages\/1331\/revisions\/4256"}],"wp:attachment":[{"href":"https:\/\/cafecolombia.be\/nl\/wp-json\/wp\/v2\/media?parent=1331"}],"curies":[{"name":"wp","href":"https:\/\/api.w.org\/{rel}","templated":true}]}}